{"id":10053,"date":"2023-10-12T10:33:08","date_gmt":"2023-10-12T08:33:08","guid":{"rendered":"https:\/\/new.decoczar.pl\/index.php\/product\/topper-pierwsza-komunia-swieta-20\/"},"modified":"2023-10-12T10:33:08","modified_gmt":"2023-10-12T08:33:08","slug":"topper-pierwsza-komunia-swieta-20","status":"publish","type":"product","link":"https:\/\/new.decoczar.pl\/index.php\/product\/topper-pierwsza-komunia-swieta-20\/","title":{"rendered":"Topper Pierwsza Komunia \u015awi\u0119ta"},"content":{"rendered":"<p>Topper na komuni\u0119 z<\/p>\n<p>Wykonany ze sklejki gr. 3mm, ci\u0119tej laserem dzi\u0119ki czemu kraw\u0119dzie s\u0105 idealnie g\u0142adkie. Wysoko\u015b\u0107 ca\u0142ego toppera oko\u0142o 8 cm, szeroko\u015b\u0107 13 cm<\/p>\n","protected":false},"excerpt":{"rendered":"<p>Topper na komuni\u0119 z<\/p>\n<p>Wykonany ze sklejki gr. 3mm, ci\u0119tej laserem dzi\u0119ki czemu kraw\u0119dzie s\u0105 idealnie g\u0142adkie. Wysoko\u015b\u0107 ca\u0142ego toppera oko\u0142o 8 cm, szeroko\u015b\u0107 13 cm<\/p>\n","protected":false},"featured_media":4071,"comment_status":"open","ping_status":"closed","template":"","meta":[],"etheme_brands":[],"product_cat":[62],"product_tag":[],"class_list":["post-10053","product","type-product","status-publish","has-post-thumbnail","hentry","product_cat-komunia-swieta-topper"],"_links":{"self":[{"href":"https:\/\/new.decoczar.pl\/index.php\/wp-json\/wp\/v2\/product\/10053","targetHints":{"allow":["GET"]}}],"collection":[{"href":"https:\/\/new.decoczar.pl\/index.php\/wp-json\/wp\/v2\/product"}],"about":[{"href":"https:\/\/new.decoczar.pl\/index.php\/wp-json\/wp\/v2\/types\/product"}],"replies":[{"embeddable":true,"href":"https:\/\/new.decoczar.pl\/index.php\/wp-json\/wp\/v2\/comments?post=10053"}],"wp:featuredmedia":[{"embeddable":true,"href":"https:\/\/new.decoczar.pl\/index.php\/wp-json\/wp\/v2\/media\/4071"}],"wp:attachment":[{"href":"https:\/\/new.decoczar.pl\/index.php\/wp-json\/wp\/v2\/media?parent=10053"}],"wp:term":[{"taxonomy":"brand","embeddable":true,"href":"https:\/\/new.decoczar.pl\/index.php\/wp-json\/wp\/v2\/etheme_brands?post=10053"},{"taxonomy":"product_cat","embeddable":true,"href":"https:\/\/new.decoczar.pl\/index.php\/wp-json\/wp\/v2\/product_cat?post=10053"},{"taxonomy":"product_tag","embeddable":true,"href":"https:\/\/new.decoczar.pl\/index.php\/wp-json\/wp\/v2\/product_tag?post=10053"}],"curies":[{"name":"wp","href":"https:\/\/api.w.org\/{rel}","templated":true}]}}