{"id":10274,"date":"2023-10-21T21:39:09","date_gmt":"2023-10-21T19:39:09","guid":{"rendered":"https:\/\/new.decoczar.pl\/index.php\/product\/podkladki-lisc-monstery-3-szt-11\/"},"modified":"2023-10-21T21:39:09","modified_gmt":"2023-10-21T19:39:09","slug":"podkladki-lisc-monstery-3-szt-11","status":"publish","type":"product","link":"https:\/\/new.decoczar.pl\/index.php\/product\/podkladki-lisc-monstery-3-szt-11\/","title":{"rendered":"Podk\u0142adki li\u015b\u0107 MONSTERY 3 szt"},"content":{"rendered":"<p> \tPodstawki 3 sztuki<br \/>\n \tWymiary du\u017cej : 16 x 12,5 cm<br \/>\n \tWymiary ma\u0142ej : 12 x 8 cm<br \/>\n \tKolory : butelkowa ziele\u0144 &#8211; bia\u0142y &#8211; z\u0142oty<br \/>\n \tOzdobne opakowanie<br \/>\n \tCzas realizacji do 10 dni roboczych po zaksi\u0119gowaniu wp\u0142aty<\/p>\n","protected":false},"excerpt":{"rendered":"<p> \tPodstawki 3 sztuki<br \/>\n \tWymiary du\u017cej : 16 x 12,5 cm<br \/>\n \tWymiary ma\u0142ej : 12 x 8 cm<br \/>\n \tKolory : butelkowa ziele\u0144 &#8211; bia\u0142y &#8211; z\u0142oty<br \/>\n \tOzdobne opakowanie<br \/>\n \tCzas realizacji do 10 dni roboczych po zaksi\u0119gowaniu wp\u0142aty<\/p>\n","protected":false},"featured_media":2470,"comment_status":"open","ping_status":"closed","template":"","meta":[],"etheme_brands":[],"product_cat":[251],"product_tag":[],"class_list":["post-10274","product","type-product","status-publish","has-post-thumbnail","hentry","product_cat-podkladki"],"_links":{"self":[{"href":"https:\/\/new.decoczar.pl\/index.php\/wp-json\/wp\/v2\/product\/10274","targetHints":{"allow":["GET"]}}],"collection":[{"href":"https:\/\/new.decoczar.pl\/index.php\/wp-json\/wp\/v2\/product"}],"about":[{"href":"https:\/\/new.decoczar.pl\/index.php\/wp-json\/wp\/v2\/types\/product"}],"replies":[{"embeddable":true,"href":"https:\/\/new.decoczar.pl\/index.php\/wp-json\/wp\/v2\/comments?post=10274"}],"wp:featuredmedia":[{"embeddable":true,"href":"https:\/\/new.decoczar.pl\/index.php\/wp-json\/wp\/v2\/media\/2470"}],"wp:attachment":[{"href":"https:\/\/new.decoczar.pl\/index.php\/wp-json\/wp\/v2\/media?parent=10274"}],"wp:term":[{"taxonomy":"brand","embeddable":true,"href":"https:\/\/new.decoczar.pl\/index.php\/wp-json\/wp\/v2\/etheme_brands?post=10274"},{"taxonomy":"product_cat","embeddable":true,"href":"https:\/\/new.decoczar.pl\/index.php\/wp-json\/wp\/v2\/product_cat?post=10274"},{"taxonomy":"product_tag","embeddable":true,"href":"https:\/\/new.decoczar.pl\/index.php\/wp-json\/wp\/v2\/product_tag?post=10274"}],"curies":[{"name":"wp","href":"https:\/\/api.w.org\/{rel}","templated":true}]}}