{"id":10544,"date":"2023-10-27T23:46:37","date_gmt":"2023-10-27T21:46:37","guid":{"rendered":"https:\/\/new.decoczar.pl\/index.php\/product\/bombka-drewniana-zawieszka-grawer-imie-sanie-10\/"},"modified":"2023-10-27T23:46:37","modified_gmt":"2023-10-27T21:46:37","slug":"bombka-drewniana-zawieszka-grawer-imie-sanie-10","status":"publish","type":"product","link":"https:\/\/new.decoczar.pl\/index.php\/product\/bombka-drewniana-zawieszka-grawer-imie-sanie-10\/","title":{"rendered":"Bombka Drewniana zawieszka grawer &#8222;imi\u0119 &#8211; sanie&#8221;"},"content":{"rendered":"<p>Bombka Drewniana<\/p>\n<p> \tWymiary &#8211; \u015brednica 10 cm<br \/>\n \tWykonana ze sklejki brzozowej 3 mm<br \/>\n \tSznurek ozdobny<br \/>\n \tGrafika gwiazdki, miko\u0142aj<br \/>\n \tKolorowa kokardka<br \/>\n \tW uwagach klienta prosz\u0119 wpisa\u0107 nazw\u0119 firmy, b\u0105d\u017a tekst,imi\u0119<\/p>\n<p>Powy\u017cej 5 sztuk wysy\u0142ka kurier<\/p>\n","protected":false},"excerpt":{"rendered":"<p>Bombka Drewniana<\/p>\n<p> \tWymiary &#8211; \u015brednica 10 cm<br \/>\n \tWykonana ze sklejki brzozowej 3 mm<br \/>\n \tSznurek ozdobny<br \/>\n \tGrafika gwiazdki, miko\u0142aj<br \/>\n \tKolorowa kokardka<br \/>\n \tW uwagach klienta prosz\u0119 wpisa\u0107 nazw\u0119 firmy, b\u0105d\u017a tekst,imi\u0119<\/p>\n<p>Powy\u017cej 5 sztuk wysy\u0142ka kurier<\/p>\n","protected":false},"featured_media":3655,"comment_status":"open","ping_status":"closed","template":"","meta":[],"etheme_brands":[],"product_cat":[74],"product_tag":[],"class_list":["post-10544","product","type-product","status-publish","has-post-thumbnail","hentry","product_cat-boze-narodzenie"],"_links":{"self":[{"href":"https:\/\/new.decoczar.pl\/index.php\/wp-json\/wp\/v2\/product\/10544","targetHints":{"allow":["GET"]}}],"collection":[{"href":"https:\/\/new.decoczar.pl\/index.php\/wp-json\/wp\/v2\/product"}],"about":[{"href":"https:\/\/new.decoczar.pl\/index.php\/wp-json\/wp\/v2\/types\/product"}],"replies":[{"embeddable":true,"href":"https:\/\/new.decoczar.pl\/index.php\/wp-json\/wp\/v2\/comments?post=10544"}],"wp:featuredmedia":[{"embeddable":true,"href":"https:\/\/new.decoczar.pl\/index.php\/wp-json\/wp\/v2\/media\/3655"}],"wp:attachment":[{"href":"https:\/\/new.decoczar.pl\/index.php\/wp-json\/wp\/v2\/media?parent=10544"}],"wp:term":[{"taxonomy":"brand","embeddable":true,"href":"https:\/\/new.decoczar.pl\/index.php\/wp-json\/wp\/v2\/etheme_brands?post=10544"},{"taxonomy":"product_cat","embeddable":true,"href":"https:\/\/new.decoczar.pl\/index.php\/wp-json\/wp\/v2\/product_cat?post=10544"},{"taxonomy":"product_tag","embeddable":true,"href":"https:\/\/new.decoczar.pl\/index.php\/wp-json\/wp\/v2\/product_tag?post=10544"}],"curies":[{"name":"wp","href":"https:\/\/api.w.org\/{rel}","templated":true}]}}