{"id":10579,"date":"2023-10-29T08:33:49","date_gmt":"2023-10-29T07:33:49","guid":{"rendered":"http:\/\/new.decoczar.pl\/index.php\/product\/topper-na-roczek-imie-11\/"},"modified":"2023-10-29T08:33:49","modified_gmt":"2023-10-29T07:33:49","slug":"topper-na-roczek-imie-11","status":"publish","type":"product","link":"https:\/\/new.decoczar.pl\/index.php\/product\/topper-na-roczek-imie-11\/","title":{"rendered":"Topper na roczek + imi\u0119"},"content":{"rendered":"<p>Topper Roczek Olafa<\/p>\n<p>Wykonany ze sklejki gr. 3mm, ci\u0119tej laserem dzi\u0119ki czemu kraw\u0119dzie s\u0105 idealnie g\u0142adkie. Wysoko\u015b\u0107 ca\u0142ego toppera oko\u0142o 5 cm, szeroko\u015b\u0107 14 cm<\/p>\n","protected":false},"excerpt":{"rendered":"<p>Topper Roczek Olafa<\/p>\n<p>Wykonany ze sklejki gr. 3mm, ci\u0119tej laserem dzi\u0119ki czemu kraw\u0119dzie s\u0105 idealnie g\u0142adkie. Wysoko\u015b\u0107 ca\u0142ego toppera oko\u0142o 5 cm, szeroko\u015b\u0107 14 cm<\/p>\n","protected":false},"featured_media":3810,"comment_status":"open","ping_status":"closed","template":"","meta":[],"etheme_brands":[],"product_cat":[64],"product_tag":[],"class_list":["post-10579","product","type-product","status-publish","has-post-thumbnail","hentry","product_cat-topper"],"_links":{"self":[{"href":"https:\/\/new.decoczar.pl\/index.php\/wp-json\/wp\/v2\/product\/10579","targetHints":{"allow":["GET"]}}],"collection":[{"href":"https:\/\/new.decoczar.pl\/index.php\/wp-json\/wp\/v2\/product"}],"about":[{"href":"https:\/\/new.decoczar.pl\/index.php\/wp-json\/wp\/v2\/types\/product"}],"replies":[{"embeddable":true,"href":"https:\/\/new.decoczar.pl\/index.php\/wp-json\/wp\/v2\/comments?post=10579"}],"wp:featuredmedia":[{"embeddable":true,"href":"https:\/\/new.decoczar.pl\/index.php\/wp-json\/wp\/v2\/media\/3810"}],"wp:attachment":[{"href":"https:\/\/new.decoczar.pl\/index.php\/wp-json\/wp\/v2\/media?parent=10579"}],"wp:term":[{"taxonomy":"brand","embeddable":true,"href":"https:\/\/new.decoczar.pl\/index.php\/wp-json\/wp\/v2\/etheme_brands?post=10579"},{"taxonomy":"product_cat","embeddable":true,"href":"https:\/\/new.decoczar.pl\/index.php\/wp-json\/wp\/v2\/product_cat?post=10579"},{"taxonomy":"product_tag","embeddable":true,"href":"https:\/\/new.decoczar.pl\/index.php\/wp-json\/wp\/v2\/product_tag?post=10579"}],"curies":[{"name":"wp","href":"https:\/\/api.w.org\/{rel}","templated":true}]}}