{"id":10580,"date":"2023-10-29T08:33:49","date_gmt":"2023-10-29T07:33:49","guid":{"rendered":"http:\/\/new.decoczar.pl\/index.php\/product\/topper-urodzinowy-z-cyferka-i-grafika-ludzik-11\/"},"modified":"2023-10-29T08:33:49","modified_gmt":"2023-10-29T07:33:49","slug":"topper-urodzinowy-z-cyferka-i-grafika-ludzik-11","status":"publish","type":"product","link":"https:\/\/new.decoczar.pl\/index.php\/product\/topper-urodzinowy-z-cyferka-i-grafika-ludzik-11\/","title":{"rendered":"Topper Urodzinowy z cyferk\u0105 i grafika ludzik"},"content":{"rendered":"<p>Napisy ze sklejki<\/p>\n<p> \tWymiary szeroko\u015b\u0107 15 cm<br \/>\n \tWysoko\u015b\u0107 8 cm<br \/>\n \tWykonany ze sklejki brzozowej 3 mm nie z cienkiej\u00a0beermaty<br \/>\n \tDrewniany szpikulec po\u0142\u0105czony z napisem<br \/>\n \tW uwagach klienta prosz\u0119 wpisa\u0107 modyfikacj\u0119 np. imi\u0119, cyferka<\/p>\n<p>WYSY\u0141KA LIST PIORYTET TOPPER B\u0104D\u0179 KURIER<\/p>\n","protected":false},"excerpt":{"rendered":"<p>Napisy ze sklejki<\/p>\n<p> \tWymiary szeroko\u015b\u0107 15 cm<br \/>\n \tWysoko\u015b\u0107 8 cm<br \/>\n \tWykonany ze sklejki brzozowej 3 mm nie z cienkiej\u00a0beermaty<br \/>\n \tDrewniany szpikulec po\u0142\u0105czony z napisem<br \/>\n \tW uwagach klienta prosz\u0119 wpisa\u0107 modyfikacj\u0119 np. imi\u0119, cyferka<\/p>\n<p>WYSY\u0141KA LIST PIORYTET TOPPER B\u0104D\u0179 KURIER<\/p>\n","protected":false},"featured_media":3814,"comment_status":"open","ping_status":"closed","template":"","meta":[],"etheme_brands":[],"product_cat":[64],"product_tag":[],"class_list":["post-10580","product","type-product","status-publish","has-post-thumbnail","hentry","product_cat-topper"],"_links":{"self":[{"href":"https:\/\/new.decoczar.pl\/index.php\/wp-json\/wp\/v2\/product\/10580","targetHints":{"allow":["GET"]}}],"collection":[{"href":"https:\/\/new.decoczar.pl\/index.php\/wp-json\/wp\/v2\/product"}],"about":[{"href":"https:\/\/new.decoczar.pl\/index.php\/wp-json\/wp\/v2\/types\/product"}],"replies":[{"embeddable":true,"href":"https:\/\/new.decoczar.pl\/index.php\/wp-json\/wp\/v2\/comments?post=10580"}],"wp:featuredmedia":[{"embeddable":true,"href":"https:\/\/new.decoczar.pl\/index.php\/wp-json\/wp\/v2\/media\/3814"}],"wp:attachment":[{"href":"https:\/\/new.decoczar.pl\/index.php\/wp-json\/wp\/v2\/media?parent=10580"}],"wp:term":[{"taxonomy":"brand","embeddable":true,"href":"https:\/\/new.decoczar.pl\/index.php\/wp-json\/wp\/v2\/etheme_brands?post=10580"},{"taxonomy":"product_cat","embeddable":true,"href":"https:\/\/new.decoczar.pl\/index.php\/wp-json\/wp\/v2\/product_cat?post=10580"},{"taxonomy":"product_tag","embeddable":true,"href":"https:\/\/new.decoczar.pl\/index.php\/wp-json\/wp\/v2\/product_tag?post=10580"}],"curies":[{"name":"wp","href":"https:\/\/api.w.org\/{rel}","templated":true}]}}