{"id":10591,"date":"2023-10-29T08:33:51","date_gmt":"2023-10-29T07:33:51","guid":{"rendered":"http:\/\/new.decoczar.pl\/index.php\/product\/zestaw-stopki-z-grawerem-z-prosba-o-bycie-chrzestna-chrzestnym-23\/"},"modified":"2023-10-29T08:33:51","modified_gmt":"2023-10-29T07:33:51","slug":"zestaw-stopki-z-grawerem-z-prosba-o-bycie-chrzestna-chrzestnym-23","status":"publish","type":"product","link":"https:\/\/new.decoczar.pl\/index.php\/product\/zestaw-stopki-z-grawerem-z-prosba-o-bycie-chrzestna-chrzestnym-23\/","title":{"rendered":"Zestaw St\u00f3pki z grawerem z Pro\u015bb\u0105 o bycie Chrzestn\u0105\/Chrzestnym"},"content":{"rendered":"<p> \tSklejka brzozowa ci\u0119ta laserowo<br \/>\n \tW uwagach dla klienta prosz\u0119 o podanie np. imi\u0119 dziecka oraz imiona rodzic\u00f3w chrzestnych<br \/>\n \tCzerwona wst\u0105\u017cka<br \/>\n \tGrubo\u015b\u0107: 3mm klejka w kolorze naturalnym<br \/>\n \tCzas realizacji do 5 dni roboczych po zaksi\u0119gowaniu wp\u0142aty<\/p>\n","protected":false},"excerpt":{"rendered":"<p> \tSklejka brzozowa ci\u0119ta laserowo<br \/>\n \tW uwagach dla klienta prosz\u0119 o podanie np. imi\u0119 dziecka oraz imiona rodzic\u00f3w chrzestnych<br \/>\n \tCzerwona wst\u0105\u017cka<br \/>\n \tGrubo\u015b\u0107: 3mm klejka w kolorze naturalnym<br \/>\n \tCzas realizacji do 5 dni roboczych po zaksi\u0119gowaniu wp\u0142aty<\/p>\n","protected":false},"featured_media":5294,"comment_status":"open","ping_status":"closed","template":"","meta":[],"etheme_brands":[],"product_cat":[83],"product_tag":[],"class_list":["post-10591","product","type-product","status-publish","has-post-thumbnail","hentry","product_cat-chrzest-swiety"],"_links":{"self":[{"href":"https:\/\/new.decoczar.pl\/index.php\/wp-json\/wp\/v2\/product\/10591","targetHints":{"allow":["GET"]}}],"collection":[{"href":"https:\/\/new.decoczar.pl\/index.php\/wp-json\/wp\/v2\/product"}],"about":[{"href":"https:\/\/new.decoczar.pl\/index.php\/wp-json\/wp\/v2\/types\/product"}],"replies":[{"embeddable":true,"href":"https:\/\/new.decoczar.pl\/index.php\/wp-json\/wp\/v2\/comments?post=10591"}],"wp:featuredmedia":[{"embeddable":true,"href":"https:\/\/new.decoczar.pl\/index.php\/wp-json\/wp\/v2\/media\/5294"}],"wp:attachment":[{"href":"https:\/\/new.decoczar.pl\/index.php\/wp-json\/wp\/v2\/media?parent=10591"}],"wp:term":[{"taxonomy":"brand","embeddable":true,"href":"https:\/\/new.decoczar.pl\/index.php\/wp-json\/wp\/v2\/etheme_brands?post=10591"},{"taxonomy":"product_cat","embeddable":true,"href":"https:\/\/new.decoczar.pl\/index.php\/wp-json\/wp\/v2\/product_cat?post=10591"},{"taxonomy":"product_tag","embeddable":true,"href":"https:\/\/new.decoczar.pl\/index.php\/wp-json\/wp\/v2\/product_tag?post=10591"}],"curies":[{"name":"wp","href":"https:\/\/api.w.org\/{rel}","templated":true}]}}