{"id":10606,"date":"2023-10-31T04:28:52","date_gmt":"2023-10-31T03:28:52","guid":{"rendered":"https:\/\/new.decoczar.pl\/index.php\/product\/ramka-ze-zdjeciem-i-napisami-33\/"},"modified":"2023-10-31T04:28:52","modified_gmt":"2023-10-31T03:28:52","slug":"ramka-ze-zdjeciem-i-napisami-33","status":"publish","type":"product","link":"https:\/\/new.decoczar.pl\/index.php\/product\/ramka-ze-zdjeciem-i-napisami-33\/","title":{"rendered":"Ramka ze zdj\u0119ciem i napisami"},"content":{"rendered":"<p>Ramka ze zdj\u0119ciem klasowym oraz spersonalizowanymi napisami.<\/p>\n<p>Upominek ten idealnie b\u0119dzie pasowa\u0142 na uroczysto\u015bci Zako\u0144czenie Roku Szkolnego gdy b\u0119dziemy chcieli podzi\u0119kowa\u0107 wychowawcy w trud w\u0142o\u017cony w nasze wychowanie !<\/p>\n<p>Niebanalny pomys\u0142, kt\u00f3remu indywidualnie nadasz unikalno\u015bci i charakteru.<\/p>\n<p>Istnieje mo\u017cliwo\u015b\u0107 dowolnego graweru na centralnym serduszku<\/p>\n","protected":false},"excerpt":{"rendered":"<p>Ramka ze zdj\u0119ciem klasowym oraz spersonalizowanymi napisami.<\/p>\n<p>Upominek ten idealnie b\u0119dzie pasowa\u0142 na uroczysto\u015bci Zako\u0144czenie Roku Szkolnego gdy b\u0119dziemy chcieli podzi\u0119kowa\u0107 wychowawcy w trud w\u0142o\u017cony w nasze wychowanie !<\/p>\n<p>Niebanalny pomys\u0142, kt\u00f3remu indywidualnie nadasz unikalno\u015bci i charakteru.<\/p>\n<p>Istnieje mo\u017cliwo\u015b\u0107 dowolnego graweru na centralnym serduszku<\/p>\n","protected":false},"featured_media":4016,"comment_status":"open","ping_status":"closed","template":"","meta":[],"etheme_brands":[],"product_cat":[77],"product_tag":[],"class_list":["post-10606","product","type-product","status-publish","has-post-thumbnail","hentry","product_cat-dzien-nauczyciela-zakonczenie-roku"],"_links":{"self":[{"href":"https:\/\/new.decoczar.pl\/index.php\/wp-json\/wp\/v2\/product\/10606","targetHints":{"allow":["GET"]}}],"collection":[{"href":"https:\/\/new.decoczar.pl\/index.php\/wp-json\/wp\/v2\/product"}],"about":[{"href":"https:\/\/new.decoczar.pl\/index.php\/wp-json\/wp\/v2\/types\/product"}],"replies":[{"embeddable":true,"href":"https:\/\/new.decoczar.pl\/index.php\/wp-json\/wp\/v2\/comments?post=10606"}],"wp:featuredmedia":[{"embeddable":true,"href":"https:\/\/new.decoczar.pl\/index.php\/wp-json\/wp\/v2\/media\/4016"}],"wp:attachment":[{"href":"https:\/\/new.decoczar.pl\/index.php\/wp-json\/wp\/v2\/media?parent=10606"}],"wp:term":[{"taxonomy":"brand","embeddable":true,"href":"https:\/\/new.decoczar.pl\/index.php\/wp-json\/wp\/v2\/etheme_brands?post=10606"},{"taxonomy":"product_cat","embeddable":true,"href":"https:\/\/new.decoczar.pl\/index.php\/wp-json\/wp\/v2\/product_cat?post=10606"},{"taxonomy":"product_tag","embeddable":true,"href":"https:\/\/new.decoczar.pl\/index.php\/wp-json\/wp\/v2\/product_tag?post=10606"}],"curies":[{"name":"wp","href":"https:\/\/api.w.org\/{rel}","templated":true}]}}