{"id":10665,"date":"2023-11-08T03:56:12","date_gmt":"2023-11-08T02:56:12","guid":{"rendered":"http:\/\/new.decoczar.pl\/index.php\/product\/podstawka-na-bizuterie-skrzydelka-2-szt-3\/"},"modified":"2023-11-08T03:56:12","modified_gmt":"2023-11-08T02:56:12","slug":"podstawka-na-bizuterie-skrzydelka-2-szt-3","status":"publish","type":"product","link":"https:\/\/new.decoczar.pl\/index.php\/product\/podstawka-na-bizuterie-skrzydelka-2-szt-3\/","title":{"rendered":"Podstawka na bi\u017cuteri\u0119 skrzyde\u0142ka 2 szt"},"content":{"rendered":"<p>Podk\u0142adki<\/p>\n<p> \tWymiary : d\u0142ugo\u015b\u0107 ok 12 cm<br \/>\n \tKolor czarny i z\u0142ote drobinki<br \/>\n \tOzdobne prezentowe opakowanie<br \/>\n \tCzas realizacji 10 dni roboczych po zaksi\u0119gowaniu wp\u0142aty<br \/>\n \tMo\u017cliwo\u015b\u0107 dokupienia tacy do kompletu<br \/>\n \tW lato oraz w zim\u0119 Czas realizacji mo\u017ce si\u0119 wyd\u0142u\u017cy\u0107<br \/>\n \tPodk\u0142adki pi\u0119knie mieni\u0105 si\u0119 w s\u0142o\u0144cu poniewa\u017c zosta\u0142 dodany py\u0142ek brokatowy<br \/>\n \tProdukt w ca\u0142o\u015bci wykonany w Polsce. Kupuj\u0105c u nas wspierasz Polsk\u0105 przedsi\u0119biorczo\u015b\u0107<\/p>\n","protected":false},"excerpt":{"rendered":"<p>Podk\u0142adki<\/p>\n<p> \tWymiary : d\u0142ugo\u015b\u0107 ok 12 cm<br \/>\n \tKolor czarny i z\u0142ote drobinki<br \/>\n \tOzdobne prezentowe opakowanie<br \/>\n \tCzas realizacji 10 dni roboczych po zaksi\u0119gowaniu wp\u0142aty<br \/>\n \tMo\u017cliwo\u015b\u0107 dokupienia tacy do kompletu<br \/>\n \tW lato oraz w zim\u0119 Czas realizacji mo\u017ce si\u0119 wyd\u0142u\u017cy\u0107<br \/>\n \tPodk\u0142adki pi\u0119knie mieni\u0105 si\u0119 w s\u0142o\u0144cu poniewa\u017c zosta\u0142 dodany py\u0142ek brokatowy<br \/>\n \tProdukt w ca\u0142o\u015bci wykonany w Polsce. Kupuj\u0105c u nas wspierasz Polsk\u0105 przedsi\u0119biorczo\u015b\u0107<\/p>\n","protected":false},"featured_media":9532,"comment_status":"open","ping_status":"closed","template":"","meta":[],"etheme_brands":[],"product_cat":[232],"product_tag":[],"class_list":["post-10665","product","type-product","status-publish","has-post-thumbnail","hentry","product_cat-dostepne-od-reki-podkladki"],"_links":{"self":[{"href":"https:\/\/new.decoczar.pl\/index.php\/wp-json\/wp\/v2\/product\/10665","targetHints":{"allow":["GET"]}}],"collection":[{"href":"https:\/\/new.decoczar.pl\/index.php\/wp-json\/wp\/v2\/product"}],"about":[{"href":"https:\/\/new.decoczar.pl\/index.php\/wp-json\/wp\/v2\/types\/product"}],"replies":[{"embeddable":true,"href":"https:\/\/new.decoczar.pl\/index.php\/wp-json\/wp\/v2\/comments?post=10665"}],"wp:featuredmedia":[{"embeddable":true,"href":"https:\/\/new.decoczar.pl\/index.php\/wp-json\/wp\/v2\/media\/9532"}],"wp:attachment":[{"href":"https:\/\/new.decoczar.pl\/index.php\/wp-json\/wp\/v2\/media?parent=10665"}],"wp:term":[{"taxonomy":"brand","embeddable":true,"href":"https:\/\/new.decoczar.pl\/index.php\/wp-json\/wp\/v2\/etheme_brands?post=10665"},{"taxonomy":"product_cat","embeddable":true,"href":"https:\/\/new.decoczar.pl\/index.php\/wp-json\/wp\/v2\/product_cat?post=10665"},{"taxonomy":"product_tag","embeddable":true,"href":"https:\/\/new.decoczar.pl\/index.php\/wp-json\/wp\/v2\/product_tag?post=10665"}],"curies":[{"name":"wp","href":"https:\/\/api.w.org\/{rel}","templated":true}]}}