{"id":10715,"date":"2023-11-10T13:14:31","date_gmt":"2023-11-10T12:14:31","guid":{"rendered":"https:\/\/new.decoczar.pl\/index.php\/product\/topper-kobieta-z-18-25-35-40-cyfra-11\/"},"modified":"2023-11-10T13:14:31","modified_gmt":"2023-11-10T12:14:31","slug":"topper-kobieta-z-18-25-35-40-cyfra-11","status":"publish","type":"product","link":"https:\/\/new.decoczar.pl\/index.php\/product\/topper-kobieta-z-18-25-35-40-cyfra-11\/","title":{"rendered":"Topper kobieta z 18\/25\/35\/40 cyfra"},"content":{"rendered":"<p>TOPPER<\/p>\n<p> \tWymiary figurki 14 x 10 cm + patyk ok 10 cm<br \/>\n \tKolor czarny + brokat<br \/>\n \tMateria\u0142 : sklejka drewniana 3 mm , dzi\u0119ki czemu topper jest bardzo stabilny<br \/>\n \tWykonanie:\u00a0ci\u0119cie laserem<br \/>\n \tW uwagach do zam\u00f3wienia prosz\u0119 wpisa\u0107 cyfr\u0119 (18, 25 , 30 itp\u00a0 )oraz kolor brokatu ( z\u0142oty, r\u00f3\u017c )<br \/>\n \tCzas realizacji do 5 dni po zaksi\u0119gowaniu wp\u0142aty<br \/>\n \tWYSY\u0141KA TYLKO KURIER !!!<\/p>\n","protected":false},"excerpt":{"rendered":"<p>TOPPER<\/p>\n<p> \tWymiary figurki 14 x 10 cm + patyk ok 10 cm<br \/>\n \tKolor czarny + brokat<br \/>\n \tMateria\u0142 : sklejka drewniana 3 mm , dzi\u0119ki czemu topper jest bardzo stabilny<br \/>\n \tWykonanie:\u00a0ci\u0119cie laserem<br \/>\n \tW uwagach do zam\u00f3wienia prosz\u0119 wpisa\u0107 cyfr\u0119 (18, 25 , 30 itp\u00a0 )oraz kolor brokatu ( z\u0142oty, r\u00f3\u017c )<br \/>\n \tCzas realizacji do 5 dni po zaksi\u0119gowaniu wp\u0142aty<br \/>\n \tWYSY\u0141KA TYLKO KURIER !!!<\/p>\n","protected":false},"featured_media":4627,"comment_status":"open","ping_status":"closed","template":"","meta":[],"etheme_brands":[],"product_cat":[64],"product_tag":[],"class_list":["post-10715","product","type-product","status-publish","has-post-thumbnail","hentry","product_cat-topper"],"_links":{"self":[{"href":"https:\/\/new.decoczar.pl\/index.php\/wp-json\/wp\/v2\/product\/10715","targetHints":{"allow":["GET"]}}],"collection":[{"href":"https:\/\/new.decoczar.pl\/index.php\/wp-json\/wp\/v2\/product"}],"about":[{"href":"https:\/\/new.decoczar.pl\/index.php\/wp-json\/wp\/v2\/types\/product"}],"replies":[{"embeddable":true,"href":"https:\/\/new.decoczar.pl\/index.php\/wp-json\/wp\/v2\/comments?post=10715"}],"wp:featuredmedia":[{"embeddable":true,"href":"https:\/\/new.decoczar.pl\/index.php\/wp-json\/wp\/v2\/media\/4627"}],"wp:attachment":[{"href":"https:\/\/new.decoczar.pl\/index.php\/wp-json\/wp\/v2\/media?parent=10715"}],"wp:term":[{"taxonomy":"brand","embeddable":true,"href":"https:\/\/new.decoczar.pl\/index.php\/wp-json\/wp\/v2\/etheme_brands?post=10715"},{"taxonomy":"product_cat","embeddable":true,"href":"https:\/\/new.decoczar.pl\/index.php\/wp-json\/wp\/v2\/product_cat?post=10715"},{"taxonomy":"product_tag","embeddable":true,"href":"https:\/\/new.decoczar.pl\/index.php\/wp-json\/wp\/v2\/product_tag?post=10715"}],"curies":[{"name":"wp","href":"https:\/\/api.w.org\/{rel}","templated":true}]}}