{"id":11008,"date":"2023-11-12T13:13:40","date_gmt":"2023-11-12T12:13:40","guid":{"rendered":"http:\/\/new.decoczar.pl\/index.php\/product\/bombka-drewniana-zawieszka-23\/"},"modified":"2023-11-12T13:13:40","modified_gmt":"2023-11-12T12:13:40","slug":"bombka-drewniana-zawieszka-23","status":"publish","type":"product","link":"https:\/\/new.decoczar.pl\/index.php\/product\/bombka-drewniana-zawieszka-23\/","title":{"rendered":"Bombka Drewniana zawieszka"},"content":{"rendered":"<p>Bombka Drewniana<\/p>\n<p> \tWymiary &#8211; \u015brednica 10 cm<br \/>\n \tWykonana ze sklejki brzozowej 3 mm<br \/>\n \tSznurek ozdobny<br \/>\n \tGrafika gwiazdki, miko\u0142aj<br \/>\n \tKolorowa kokardka<br \/>\n \tGRATIS !!! PREZENTOWE OPAKOWANIE !!!<br \/>\n \tNa bombce mo\u017cemy doda\u0107 w\u0142asnor\u0119cznie wpisane imi\u0119 b\u0105d\u017a mo\u017cemy wygrawerowa\u0107<br \/>\n \tW uwagach dla klienta prosz\u0119 wpisa\u0107 zmian\u0119 tekstu<br \/>\n \tStojak sprzedawany oddzielnie<br \/>\n \tCzas realizacji 2-5 dni po zaksi\u0119gowaniu wp\u0142aty<\/p>\n<p>Powy\u017cej 4 sztuk wysy\u0142ka kurier<\/p>\n","protected":false},"excerpt":{"rendered":"<p>Bombka Drewniana<\/p>\n<p> \tWymiary &#8211; \u015brednica 10 cm<br \/>\n \tWykonana ze sklejki brzozowej 3 mm<br \/>\n \tSznurek ozdobny<br \/>\n \tGrafika gwiazdki, miko\u0142aj<br \/>\n \tKolorowa kokardka<br \/>\n \tGRATIS !!! PREZENTOWE OPAKOWANIE !!!<br \/>\n \tNa bombce mo\u017cemy doda\u0107 w\u0142asnor\u0119cznie wpisane imi\u0119 b\u0105d\u017a mo\u017cemy wygrawerowa\u0107<br \/>\n \tW uwagach dla klienta prosz\u0119 wpisa\u0107 zmian\u0119 tekstu<br \/>\n \tStojak sprzedawany oddzielnie<br \/>\n \tCzas realizacji 2-5 dni po zaksi\u0119gowaniu wp\u0142aty<\/p>\n<p>Powy\u017cej 4 sztuk wysy\u0142ka kurier<\/p>\n","protected":false},"featured_media":3559,"comment_status":"open","ping_status":"closed","template":"","meta":[],"etheme_brands":[],"product_cat":[74],"product_tag":[],"class_list":["post-11008","product","type-product","status-publish","has-post-thumbnail","hentry","product_cat-boze-narodzenie"],"_links":{"self":[{"href":"https:\/\/new.decoczar.pl\/index.php\/wp-json\/wp\/v2\/product\/11008","targetHints":{"allow":["GET"]}}],"collection":[{"href":"https:\/\/new.decoczar.pl\/index.php\/wp-json\/wp\/v2\/product"}],"about":[{"href":"https:\/\/new.decoczar.pl\/index.php\/wp-json\/wp\/v2\/types\/product"}],"replies":[{"embeddable":true,"href":"https:\/\/new.decoczar.pl\/index.php\/wp-json\/wp\/v2\/comments?post=11008"}],"wp:featuredmedia":[{"embeddable":true,"href":"https:\/\/new.decoczar.pl\/index.php\/wp-json\/wp\/v2\/media\/3559"}],"wp:attachment":[{"href":"https:\/\/new.decoczar.pl\/index.php\/wp-json\/wp\/v2\/media?parent=11008"}],"wp:term":[{"taxonomy":"brand","embeddable":true,"href":"https:\/\/new.decoczar.pl\/index.php\/wp-json\/wp\/v2\/etheme_brands?post=11008"},{"taxonomy":"product_cat","embeddable":true,"href":"https:\/\/new.decoczar.pl\/index.php\/wp-json\/wp\/v2\/product_cat?post=11008"},{"taxonomy":"product_tag","embeddable":true,"href":"https:\/\/new.decoczar.pl\/index.php\/wp-json\/wp\/v2\/product_tag?post=11008"}],"curies":[{"name":"wp","href":"https:\/\/api.w.org\/{rel}","templated":true}]}}