{"id":11009,"date":"2023-11-12T13:13:40","date_gmt":"2023-11-12T12:13:40","guid":{"rendered":"http:\/\/new.decoczar.pl\/index.php\/product\/topper-pierwsza-chrzest-swiety-z-golebiem-12\/"},"modified":"2023-11-12T13:13:40","modified_gmt":"2023-11-12T12:13:40","slug":"topper-pierwsza-chrzest-swiety-z-golebiem-12","status":"publish","type":"product","link":"https:\/\/new.decoczar.pl\/index.php\/product\/topper-pierwsza-chrzest-swiety-z-golebiem-12\/","title":{"rendered":"Topper Pierwsza Chrzest \u015awi\u0119ty z go\u0142\u0119biem"},"content":{"rendered":"<p>Napisy ze sklejki<\/p>\n<p> \tWymiary 13 cm<br \/>\n \tWysoko\u015b\u0107 8 cm<br \/>\n \tWykonany ze sklejki brzozowej 3 cm<br \/>\n \tSzpikulce<br \/>\n \tGrafika go\u0142\u0119bia<br \/>\n \tW uwagach dla klienta prosz\u0119 wpisa\u0107 imi\u0119 dziecka<br \/>\n \tCzas realizacji 2-5 dni po zaksi\u0119gowaniu wp\u0142aty<br \/>\n \tZale\u017cy Ci na czasie skontaktuj si\u0119 z nami<\/p>\n<p>WYSY\u0141KA TYLKO KURIER LUB POBRANIE !!!<\/p>\n","protected":false},"excerpt":{"rendered":"<p>Napisy ze sklejki<\/p>\n<p> \tWymiary 13 cm<br \/>\n \tWysoko\u015b\u0107 8 cm<br \/>\n \tWykonany ze sklejki brzozowej 3 cm<br \/>\n \tSzpikulce<br \/>\n \tGrafika go\u0142\u0119bia<br \/>\n \tW uwagach dla klienta prosz\u0119 wpisa\u0107 imi\u0119 dziecka<br \/>\n \tCzas realizacji 2-5 dni po zaksi\u0119gowaniu wp\u0142aty<br \/>\n \tZale\u017cy Ci na czasie skontaktuj si\u0119 z nami<\/p>\n<p>WYSY\u0141KA TYLKO KURIER LUB POBRANIE !!!<\/p>\n","protected":false},"featured_media":3567,"comment_status":"open","ping_status":"closed","template":"","meta":[],"etheme_brands":[],"product_cat":[64],"product_tag":[],"class_list":["post-11009","product","type-product","status-publish","has-post-thumbnail","hentry","product_cat-topper"],"_links":{"self":[{"href":"https:\/\/new.decoczar.pl\/index.php\/wp-json\/wp\/v2\/product\/11009","targetHints":{"allow":["GET"]}}],"collection":[{"href":"https:\/\/new.decoczar.pl\/index.php\/wp-json\/wp\/v2\/product"}],"about":[{"href":"https:\/\/new.decoczar.pl\/index.php\/wp-json\/wp\/v2\/types\/product"}],"replies":[{"embeddable":true,"href":"https:\/\/new.decoczar.pl\/index.php\/wp-json\/wp\/v2\/comments?post=11009"}],"wp:featuredmedia":[{"embeddable":true,"href":"https:\/\/new.decoczar.pl\/index.php\/wp-json\/wp\/v2\/media\/3567"}],"wp:attachment":[{"href":"https:\/\/new.decoczar.pl\/index.php\/wp-json\/wp\/v2\/media?parent=11009"}],"wp:term":[{"taxonomy":"brand","embeddable":true,"href":"https:\/\/new.decoczar.pl\/index.php\/wp-json\/wp\/v2\/etheme_brands?post=11009"},{"taxonomy":"product_cat","embeddable":true,"href":"https:\/\/new.decoczar.pl\/index.php\/wp-json\/wp\/v2\/product_cat?post=11009"},{"taxonomy":"product_tag","embeddable":true,"href":"https:\/\/new.decoczar.pl\/index.php\/wp-json\/wp\/v2\/product_tag?post=11009"}],"curies":[{"name":"wp","href":"https:\/\/api.w.org\/{rel}","templated":true}]}}