{"id":11206,"date":"2023-11-22T19:10:45","date_gmt":"2023-11-22T18:10:45","guid":{"rendered":"https:\/\/new.decoczar.pl\/index.php\/product\/polka-metalowa-wiszaca-styl-loft-14\/"},"modified":"2023-11-22T19:10:45","modified_gmt":"2023-11-22T18:10:45","slug":"polka-metalowa-wiszaca-styl-loft-14","status":"publish","type":"product","link":"https:\/\/new.decoczar.pl\/index.php\/product\/polka-metalowa-wiszaca-styl-loft-14\/","title":{"rendered":"P\u00f3\u0142ka metalowa wisz\u0105ca styl loft"},"content":{"rendered":"<p>Cechy produktu<\/p>\n<p>Szafka nr 1:<\/p>\n<p> \tWymiary :275 cm d\u0142ugo\u015b\u0107 , wysoko\u015b\u0107 34cm g\u0142\u0119boko\u015b\u0107<br \/>\n \tProfil : 1,5 x1,5\u00a0 cm<br \/>\n \t\u00a0Malowane proszkowo &#8211; RAL 7012 (antracyt)<br \/>\n \tWszystkie kraw\u0119dzie s\u0105 szlifowane<br \/>\n \tCzas realizacji 21 dni roboczych po zaksi\u0119gowaniu wp\u0142aty<br \/>\n \tProdukt wykonywany r\u0119cznie w naszej pracowni na zam\u00f3wienie.<br \/>\n \tBRAK WYSY\u0141KI (Odbi\u00f3r osobisty Warszawa bad\u017a okolice Legionowa )<\/p>\n<p>Szafka nr 2<\/p>\n<p> \tWymiary :\u00a0 d\u0142ugo\u015b\u0107 135 cm, g\u0142\u0119boko\u015b\u0107 34 cm, szeroko\u015b\u0107 34 cm<br \/>\n \tProfil : 1,5 x1,5\u00a0 cm<br \/>\n \t\u00a0Malowane proszkowo &#8211; RAL 7012 (antracyt)<br \/>\n \tWszystkie kraw\u0119dzie s\u0105 szlifowane<br \/>\n \tCzas realizacji 21 dni roboczych po zaksi\u0119gowaniu wp\u0142aty<br \/>\n \tProdukt wykonywany r\u0119cznie w naszej pracowni na zam\u00f3wienie.<br \/>\n \tBRAK WYSY\u0141KI (Odbi\u00f3r osobisty Warszawa bad\u017a okolice Legionowa )<\/p>\n","protected":false},"excerpt":{"rendered":"<p>Cechy produktu<\/p>\n<p>Szafka nr 1:<\/p>\n<p> \tWymiary :275 cm d\u0142ugo\u015b\u0107 , wysoko\u015b\u0107 34cm g\u0142\u0119boko\u015b\u0107<br \/>\n \tProfil : 1,5 x1,5\u00a0 cm<br \/>\n \t\u00a0Malowane proszkowo &#8211; RAL 7012 (antracyt)<br \/>\n \tWszystkie kraw\u0119dzie s\u0105 szlifowane<br \/>\n \tCzas realizacji 21 dni roboczych po zaksi\u0119gowaniu wp\u0142aty<br \/>\n \tProdukt wykonywany r\u0119cznie w naszej pracowni na zam\u00f3wienie.<br \/>\n \tBRAK WYSY\u0141KI (Odbi\u00f3r osobisty Warszawa bad\u017a okolice Legionowa )<\/p>\n<p>Szafka nr 2<\/p>\n<p> \tWymiary :\u00a0 d\u0142ugo\u015b\u0107 135 cm, g\u0142\u0119boko\u015b\u0107 34 cm, szeroko\u015b\u0107 34 cm<br \/>\n \tProfil : 1,5 x1,5\u00a0 cm<br \/>\n \t\u00a0Malowane proszkowo &#8211; RAL 7012 (antracyt)<br \/>\n \tWszystkie kraw\u0119dzie s\u0105 szlifowane<br \/>\n \tCzas realizacji 21 dni roboczych po zaksi\u0119gowaniu wp\u0142aty<br \/>\n \tProdukt wykonywany r\u0119cznie w naszej pracowni na zam\u00f3wienie.<br \/>\n \tBRAK WYSY\u0141KI (Odbi\u00f3r osobisty Warszawa bad\u017a okolice Legionowa )<\/p>\n","protected":false},"featured_media":2350,"comment_status":"open","ping_status":"closed","template":"","meta":[],"etheme_brands":[],"product_cat":[210],"product_tag":[],"class_list":["post-11206","product","type-product","status-publish","has-post-thumbnail","hentry","product_cat-podstawy-metalowe-stelaze-stojaki-polki-loft"],"_links":{"self":[{"href":"https:\/\/new.decoczar.pl\/index.php\/wp-json\/wp\/v2\/product\/11206","targetHints":{"allow":["GET"]}}],"collection":[{"href":"https:\/\/new.decoczar.pl\/index.php\/wp-json\/wp\/v2\/product"}],"about":[{"href":"https:\/\/new.decoczar.pl\/index.php\/wp-json\/wp\/v2\/types\/product"}],"replies":[{"embeddable":true,"href":"https:\/\/new.decoczar.pl\/index.php\/wp-json\/wp\/v2\/comments?post=11206"}],"wp:featuredmedia":[{"embeddable":true,"href":"https:\/\/new.decoczar.pl\/index.php\/wp-json\/wp\/v2\/media\/2350"}],"wp:attachment":[{"href":"https:\/\/new.decoczar.pl\/index.php\/wp-json\/wp\/v2\/media?parent=11206"}],"wp:term":[{"taxonomy":"brand","embeddable":true,"href":"https:\/\/new.decoczar.pl\/index.php\/wp-json\/wp\/v2\/etheme_brands?post=11206"},{"taxonomy":"product_cat","embeddable":true,"href":"https:\/\/new.decoczar.pl\/index.php\/wp-json\/wp\/v2\/product_cat?post=11206"},{"taxonomy":"product_tag","embeddable":true,"href":"https:\/\/new.decoczar.pl\/index.php\/wp-json\/wp\/v2\/product_tag?post=11206"}],"curies":[{"name":"wp","href":"https:\/\/api.w.org\/{rel}","templated":true}]}}