{"id":11356,"date":"2023-11-24T20:58:22","date_gmt":"2023-11-24T19:58:22","guid":{"rendered":"https:\/\/new.decoczar.pl\/index.php\/product\/stolik-drewniany-kawowy-opalony-gratis-13\/"},"modified":"2023-11-24T20:58:22","modified_gmt":"2023-11-24T19:58:22","slug":"stolik-drewniany-kawowy-opalony-gratis-13","status":"publish","type":"product","link":"https:\/\/new.decoczar.pl\/index.php\/product\/stolik-drewniany-kawowy-opalony-gratis-13\/","title":{"rendered":"Stolik Drewniany Kawowy Opalony + GRATIS"},"content":{"rendered":"<p>Cechy Produktu:<\/p>\n<p> \tWysoko\u015b\u0107 50 cm<br \/>\n \tD\u0142ugo\u015b\u0107 blatu 70 cm<br \/>\n \tGrubo\u015b\u0107 drewna 12,5 cm<br \/>\n \tSzeroko\u015b\u0107 blatu 39 cm<br \/>\n \tStalowe nogi<br \/>\n \tKolor Czarny<br \/>\n \tMo\u017cliwo\u015b\u0107 odbioru Warszawa &#8211; po wcze\u015bniejszym kontakcie<br \/>\n \tJeste\u015bmy otwarci na nowe zam\u00f3wienia<br \/>\n \tCzas realizacji 21\u00a0 dni roboczych po zaksi\u0119gowaniu wp\u0142aty<br \/>\n \tTYLKO WP\u0141ATA NA KONTO &#8211; PRZEDP\u0141ATA<br \/>\n \tMo\u017cliwo\u015b\u0107 wysy\u0142ki 40 z\u0142 ( kwot\u0119 prosz\u0119 doliczy\u0107 do przelewu )<\/p>\n","protected":false},"excerpt":{"rendered":"<p>Cechy Produktu:<\/p>\n<p> \tWysoko\u015b\u0107 50 cm<br \/>\n \tD\u0142ugo\u015b\u0107 blatu 70 cm<br \/>\n \tGrubo\u015b\u0107 drewna 12,5 cm<br \/>\n \tSzeroko\u015b\u0107 blatu 39 cm<br \/>\n \tStalowe nogi<br \/>\n \tKolor Czarny<br \/>\n \tMo\u017cliwo\u015b\u0107 odbioru Warszawa &#8211; po wcze\u015bniejszym kontakcie<br \/>\n \tJeste\u015bmy otwarci na nowe zam\u00f3wienia<br \/>\n \tCzas realizacji 21\u00a0 dni roboczych po zaksi\u0119gowaniu wp\u0142aty<br \/>\n \tTYLKO WP\u0141ATA NA KONTO &#8211; PRZEDP\u0141ATA<br \/>\n \tMo\u017cliwo\u015b\u0107 wysy\u0142ki 40 z\u0142 ( kwot\u0119 prosz\u0119 doliczy\u0107 do przelewu )<\/p>\n","protected":false},"featured_media":3020,"comment_status":"open","ping_status":"closed","template":"","meta":[],"etheme_brands":[],"product_cat":[56],"product_tag":[],"class_list":["post-11356","product","type-product","status-publish","has-post-thumbnail","hentry","product_cat-stoliki-drewniane"],"_links":{"self":[{"href":"https:\/\/new.decoczar.pl\/index.php\/wp-json\/wp\/v2\/product\/11356","targetHints":{"allow":["GET"]}}],"collection":[{"href":"https:\/\/new.decoczar.pl\/index.php\/wp-json\/wp\/v2\/product"}],"about":[{"href":"https:\/\/new.decoczar.pl\/index.php\/wp-json\/wp\/v2\/types\/product"}],"replies":[{"embeddable":true,"href":"https:\/\/new.decoczar.pl\/index.php\/wp-json\/wp\/v2\/comments?post=11356"}],"wp:featuredmedia":[{"embeddable":true,"href":"https:\/\/new.decoczar.pl\/index.php\/wp-json\/wp\/v2\/media\/3020"}],"wp:attachment":[{"href":"https:\/\/new.decoczar.pl\/index.php\/wp-json\/wp\/v2\/media?parent=11356"}],"wp:term":[{"taxonomy":"brand","embeddable":true,"href":"https:\/\/new.decoczar.pl\/index.php\/wp-json\/wp\/v2\/etheme_brands?post=11356"},{"taxonomy":"product_cat","embeddable":true,"href":"https:\/\/new.decoczar.pl\/index.php\/wp-json\/wp\/v2\/product_cat?post=11356"},{"taxonomy":"product_tag","embeddable":true,"href":"https:\/\/new.decoczar.pl\/index.php\/wp-json\/wp\/v2\/product_tag?post=11356"}],"curies":[{"name":"wp","href":"https:\/\/api.w.org\/{rel}","templated":true}]}}