{"id":11511,"date":"2023-12-08T05:28:20","date_gmt":"2023-12-08T04:28:20","guid":{"rendered":"https:\/\/new.decoczar.pl\/index.php\/product\/kosz-shopperka-z-trawy-sloniowej-55\/"},"modified":"2023-12-08T05:28:20","modified_gmt":"2023-12-08T04:28:20","slug":"kosz-shopperka-z-trawy-sloniowej-55","status":"publish","type":"product","link":"https:\/\/new.decoczar.pl\/index.php\/product\/kosz-shopperka-z-trawy-sloniowej-55\/","title":{"rendered":"Kosz\/Shopperka z Trawy S\u0142oniowej"},"content":{"rendered":"<p>Cechy produktu :<\/p>\n<p> \tKosz r\u0119cznie pleciony, naturalnie farbowany.<br \/>\n \tKraj pochodzenia Ghana (Afryka)<br \/>\n \tSzeroko\u015b\u0107, d\u0142ugo\u015b\u0107 37 cm, wysoko\u015b\u0107 37 cm (bez uchwytu).<br \/>\n \tSk\u00f3rzane r\u0105czki<br \/>\n \t\u00a0100 % handmade<\/p>\n","protected":false},"excerpt":{"rendered":"<p>Cechy produktu :<\/p>\n<p> \tKosz r\u0119cznie pleciony, naturalnie farbowany.<br \/>\n \tKraj pochodzenia Ghana (Afryka)<br \/>\n \tSzeroko\u015b\u0107, d\u0142ugo\u015b\u0107 37 cm, wysoko\u015b\u0107 37 cm (bez uchwytu).<br \/>\n \tSk\u00f3rzane r\u0105czki<br \/>\n \t\u00a0100 % handmade<\/p>\n","protected":false},"featured_media":5428,"comment_status":"open","ping_status":"closed","template":"","meta":[],"etheme_brands":[],"product_cat":[224],"product_tag":[],"class_list":["post-11511","product","type-product","status-publish","has-post-thumbnail","hentry","product_cat-dostepne-od-reki-kosz-shopperka-z-trawy-sloniowej"],"_links":{"self":[{"href":"https:\/\/new.decoczar.pl\/index.php\/wp-json\/wp\/v2\/product\/11511","targetHints":{"allow":["GET"]}}],"collection":[{"href":"https:\/\/new.decoczar.pl\/index.php\/wp-json\/wp\/v2\/product"}],"about":[{"href":"https:\/\/new.decoczar.pl\/index.php\/wp-json\/wp\/v2\/types\/product"}],"replies":[{"embeddable":true,"href":"https:\/\/new.decoczar.pl\/index.php\/wp-json\/wp\/v2\/comments?post=11511"}],"wp:featuredmedia":[{"embeddable":true,"href":"https:\/\/new.decoczar.pl\/index.php\/wp-json\/wp\/v2\/media\/5428"}],"wp:attachment":[{"href":"https:\/\/new.decoczar.pl\/index.php\/wp-json\/wp\/v2\/media?parent=11511"}],"wp:term":[{"taxonomy":"brand","embeddable":true,"href":"https:\/\/new.decoczar.pl\/index.php\/wp-json\/wp\/v2\/etheme_brands?post=11511"},{"taxonomy":"product_cat","embeddable":true,"href":"https:\/\/new.decoczar.pl\/index.php\/wp-json\/wp\/v2\/product_cat?post=11511"},{"taxonomy":"product_tag","embeddable":true,"href":"https:\/\/new.decoczar.pl\/index.php\/wp-json\/wp\/v2\/product_tag?post=11511"}],"curies":[{"name":"wp","href":"https:\/\/api.w.org\/{rel}","templated":true}]}}