{"id":11787,"date":"2023-12-13T15:52:29","date_gmt":"2023-12-13T14:52:29","guid":{"rendered":"https:\/\/new.decoczar.pl\/index.php\/product\/topper-minecraft-14\/"},"modified":"2023-12-13T15:52:29","modified_gmt":"2023-12-13T14:52:29","slug":"topper-minecraft-14","status":"publish","type":"product","link":"https:\/\/new.decoczar.pl\/index.php\/product\/topper-minecraft-14\/","title":{"rendered":"Topper Minecraft"},"content":{"rendered":"<p>Napisy ze sklejki<\/p>\n<p> \tWymiary 14 cm<br \/>\n \tWysoko\u015b\u0107 12 cm<br \/>\n \tWykonany ze sklejki brzozowej 3 cm<br \/>\n \tDrewniany szpikulec<br \/>\n \tCzas realizacji 2-5 dni po zaksi\u0119gowaniu wp\u0142aty<br \/>\n \tZale\u017cy Ci na czasie skontaktuj si\u0119 z nami<br \/>\n \tKolor naturalne drewno<br \/>\n \tW uwagach do zam\u00f3wienia prosz\u0119 napisa\u0107 cyferk\u0119 urodzin ( 4 lata )<\/p>\n<p>WYSY\u0141KA TYLKO KURIER !!<\/p>\n","protected":false},"excerpt":{"rendered":"<p>Napisy ze sklejki<\/p>\n<p> \tWymiary 14 cm<br \/>\n \tWysoko\u015b\u0107 12 cm<br \/>\n \tWykonany ze sklejki brzozowej 3 cm<br \/>\n \tDrewniany szpikulec<br \/>\n \tCzas realizacji 2-5 dni po zaksi\u0119gowaniu wp\u0142aty<br \/>\n \tZale\u017cy Ci na czasie skontaktuj si\u0119 z nami<br \/>\n \tKolor naturalne drewno<br \/>\n \tW uwagach do zam\u00f3wienia prosz\u0119 napisa\u0107 cyferk\u0119 urodzin ( 4 lata )<\/p>\n<p>WYSY\u0141KA TYLKO KURIER !!<\/p>\n","protected":false},"featured_media":3204,"comment_status":"open","ping_status":"closed","template":"","meta":[],"etheme_brands":[],"product_cat":[64],"product_tag":[],"class_list":["post-11787","product","type-product","status-publish","has-post-thumbnail","hentry","product_cat-topper"],"_links":{"self":[{"href":"https:\/\/new.decoczar.pl\/index.php\/wp-json\/wp\/v2\/product\/11787","targetHints":{"allow":["GET"]}}],"collection":[{"href":"https:\/\/new.decoczar.pl\/index.php\/wp-json\/wp\/v2\/product"}],"about":[{"href":"https:\/\/new.decoczar.pl\/index.php\/wp-json\/wp\/v2\/types\/product"}],"replies":[{"embeddable":true,"href":"https:\/\/new.decoczar.pl\/index.php\/wp-json\/wp\/v2\/comments?post=11787"}],"wp:featuredmedia":[{"embeddable":true,"href":"https:\/\/new.decoczar.pl\/index.php\/wp-json\/wp\/v2\/media\/3204"}],"wp:attachment":[{"href":"https:\/\/new.decoczar.pl\/index.php\/wp-json\/wp\/v2\/media?parent=11787"}],"wp:term":[{"taxonomy":"brand","embeddable":true,"href":"https:\/\/new.decoczar.pl\/index.php\/wp-json\/wp\/v2\/etheme_brands?post=11787"},{"taxonomy":"product_cat","embeddable":true,"href":"https:\/\/new.decoczar.pl\/index.php\/wp-json\/wp\/v2\/product_cat?post=11787"},{"taxonomy":"product_tag","embeddable":true,"href":"https:\/\/new.decoczar.pl\/index.php\/wp-json\/wp\/v2\/product_tag?post=11787"}],"curies":[{"name":"wp","href":"https:\/\/api.w.org\/{rel}","templated":true}]}}