{"id":11793,"date":"2023-12-13T15:52:30","date_gmt":"2023-12-13T14:52:30","guid":{"rendered":"https:\/\/new.decoczar.pl\/index.php\/product\/topper-18-urodzinyimie-kolor-14\/"},"modified":"2023-12-13T15:52:30","modified_gmt":"2023-12-13T14:52:30","slug":"topper-18-urodzinyimie-kolor-14","status":"publish","type":"product","link":"https:\/\/new.decoczar.pl\/index.php\/product\/topper-18-urodzinyimie-kolor-14\/","title":{"rendered":"Topper 18 urodziny+imi\u0119 KOLOR"},"content":{"rendered":"<p>Topper ze sklejki<\/p>\n<p> \tWymiary szeroko\u015b\u0107 16 cm<br \/>\n \tWysoko\u015b\u0107 10 cm<br \/>\n \tWykonany ze sklejki brzozowej 3 cm<br \/>\n \tKolor srebrny\/czarny\/z\u0142oty<br \/>\n \tDrewniane szpikulce<br \/>\n \tW uwagach do zam\u00f3wienia prosz\u0119 wpisa\u0107 cyfr\u0119 oraz imi\u0119 i kolor<br \/>\n \tCzas realizacji do 5 dni roboczych po zaksi\u0119gowaniu wp\u0142aty ! (zale\u017cy Ci na czasie skontaktuj si\u0119 z nami )<\/p>\n<p>WYSY\u0141KA TYLKO KURIER !!!<\/p>\n","protected":false},"excerpt":{"rendered":"<p>Topper ze sklejki<\/p>\n<p> \tWymiary szeroko\u015b\u0107 16 cm<br \/>\n \tWysoko\u015b\u0107 10 cm<br \/>\n \tWykonany ze sklejki brzozowej 3 cm<br \/>\n \tKolor srebrny\/czarny\/z\u0142oty<br \/>\n \tDrewniane szpikulce<br \/>\n \tW uwagach do zam\u00f3wienia prosz\u0119 wpisa\u0107 cyfr\u0119 oraz imi\u0119 i kolor<br \/>\n \tCzas realizacji do 5 dni roboczych po zaksi\u0119gowaniu wp\u0142aty ! (zale\u017cy Ci na czasie skontaktuj si\u0119 z nami )<\/p>\n<p>WYSY\u0141KA TYLKO KURIER !!!<\/p>\n","protected":false},"featured_media":3327,"comment_status":"open","ping_status":"closed","template":"","meta":[],"etheme_brands":[],"product_cat":[64],"product_tag":[],"class_list":["post-11793","product","type-product","status-publish","has-post-thumbnail","hentry","product_cat-topper"],"_links":{"self":[{"href":"https:\/\/new.decoczar.pl\/index.php\/wp-json\/wp\/v2\/product\/11793","targetHints":{"allow":["GET"]}}],"collection":[{"href":"https:\/\/new.decoczar.pl\/index.php\/wp-json\/wp\/v2\/product"}],"about":[{"href":"https:\/\/new.decoczar.pl\/index.php\/wp-json\/wp\/v2\/types\/product"}],"replies":[{"embeddable":true,"href":"https:\/\/new.decoczar.pl\/index.php\/wp-json\/wp\/v2\/comments?post=11793"}],"wp:featuredmedia":[{"embeddable":true,"href":"https:\/\/new.decoczar.pl\/index.php\/wp-json\/wp\/v2\/media\/3327"}],"wp:attachment":[{"href":"https:\/\/new.decoczar.pl\/index.php\/wp-json\/wp\/v2\/media?parent=11793"}],"wp:term":[{"taxonomy":"brand","embeddable":true,"href":"https:\/\/new.decoczar.pl\/index.php\/wp-json\/wp\/v2\/etheme_brands?post=11793"},{"taxonomy":"product_cat","embeddable":true,"href":"https:\/\/new.decoczar.pl\/index.php\/wp-json\/wp\/v2\/product_cat?post=11793"},{"taxonomy":"product_tag","embeddable":true,"href":"https:\/\/new.decoczar.pl\/index.php\/wp-json\/wp\/v2\/product_tag?post=11793"}],"curies":[{"name":"wp","href":"https:\/\/api.w.org\/{rel}","templated":true}]}}