{"id":11975,"date":"2023-12-28T07:13:51","date_gmt":"2023-12-28T06:13:51","guid":{"rendered":"http:\/\/new.decoczar.pl\/index.php\/product\/bombka-drewniana-pierwsze-swieta-29\/"},"modified":"2023-12-28T07:13:51","modified_gmt":"2023-12-28T06:13:51","slug":"bombka-drewniana-pierwsze-swieta-29","status":"publish","type":"product","link":"https:\/\/new.decoczar.pl\/index.php\/product\/bombka-drewniana-pierwsze-swieta-29\/","title":{"rendered":"Bombka Drewniana &#8222;Pierwsze \u015awi\u0119ta&#8221;"},"content":{"rendered":"<p>Bombka Drewniana<\/p>\n<p> \tWymiary &#8211; \u015brednica 10 cm<br \/>\n \tWykonana ze sklejki brzozowej 3 mm<br \/>\n \tSznurek jutowy, kolorowa kokardka<br \/>\n \tGrafika gwiazdki, choinka<br \/>\n \tW uwagach dla klienta prosz\u0119 wpisa\u0107 imi\u0119-rok<br \/>\n \tStojak\/pude\u0142eczko sprzedawane oddzielnie,<br \/>\n \tCzas realizacji 5 dni po zaksi\u0119gowaniu wp\u0142aty<\/p>\n","protected":false},"excerpt":{"rendered":"<p>Bombka Drewniana<\/p>\n<p> \tWymiary &#8211; \u015brednica 10 cm<br \/>\n \tWykonana ze sklejki brzozowej 3 mm<br \/>\n \tSznurek jutowy, kolorowa kokardka<br \/>\n \tGrafika gwiazdki, choinka<br \/>\n \tW uwagach dla klienta prosz\u0119 wpisa\u0107 imi\u0119-rok<br \/>\n \tStojak\/pude\u0142eczko sprzedawane oddzielnie,<br \/>\n \tCzas realizacji 5 dni po zaksi\u0119gowaniu wp\u0142aty<\/p>\n","protected":false},"featured_media":2307,"comment_status":"open","ping_status":"closed","template":"","meta":[],"etheme_brands":[],"product_cat":[74],"product_tag":[],"class_list":["post-11975","product","type-product","status-publish","has-post-thumbnail","hentry","product_cat-boze-narodzenie"],"_links":{"self":[{"href":"https:\/\/new.decoczar.pl\/index.php\/wp-json\/wp\/v2\/product\/11975","targetHints":{"allow":["GET"]}}],"collection":[{"href":"https:\/\/new.decoczar.pl\/index.php\/wp-json\/wp\/v2\/product"}],"about":[{"href":"https:\/\/new.decoczar.pl\/index.php\/wp-json\/wp\/v2\/types\/product"}],"replies":[{"embeddable":true,"href":"https:\/\/new.decoczar.pl\/index.php\/wp-json\/wp\/v2\/comments?post=11975"}],"wp:featuredmedia":[{"embeddable":true,"href":"https:\/\/new.decoczar.pl\/index.php\/wp-json\/wp\/v2\/media\/2307"}],"wp:attachment":[{"href":"https:\/\/new.decoczar.pl\/index.php\/wp-json\/wp\/v2\/media?parent=11975"}],"wp:term":[{"taxonomy":"brand","embeddable":true,"href":"https:\/\/new.decoczar.pl\/index.php\/wp-json\/wp\/v2\/etheme_brands?post=11975"},{"taxonomy":"product_cat","embeddable":true,"href":"https:\/\/new.decoczar.pl\/index.php\/wp-json\/wp\/v2\/product_cat?post=11975"},{"taxonomy":"product_tag","embeddable":true,"href":"https:\/\/new.decoczar.pl\/index.php\/wp-json\/wp\/v2\/product_tag?post=11975"}],"curies":[{"name":"wp","href":"https:\/\/api.w.org\/{rel}","templated":true}]}}