{"id":12330,"date":"2024-01-08T11:40:37","date_gmt":"2024-01-08T10:40:37","guid":{"rendered":"http:\/\/new.decoczar.pl\/index.php\/product\/stol-stolik-drewniany-debowy-okragly-gratis-60-cm-16\/"},"modified":"2024-01-08T11:40:37","modified_gmt":"2024-01-08T10:40:37","slug":"stol-stolik-drewniany-debowy-okragly-gratis-60-cm-16","status":"publish","type":"product","link":"https:\/\/new.decoczar.pl\/index.php\/product\/stol-stolik-drewniany-debowy-okragly-gratis-60-cm-16\/","title":{"rendered":"ST\u00d3\u0141\/STOLIK DREWNIANY D\u0118BOWY OKR\u0104G\u0141Y+ GRATIS 60 cm"},"content":{"rendered":"<p> \tWymiary: \u015arednica ok 70-65 cm<br \/>\n \tGrubo\u015b\u0107 plastra oko\u0142o 8-12 cm<br \/>\n \tWszystkie plastry zakupione s\u0105 z suszarni<br \/>\n \tWymiary stela\u017ca ; 50\u00d735 cm wysoko\u015b\u0107 40 cm (nogi malowane proszkowo)<br \/>\n \tKolor blatu : naturalny (zabezpieczony\u00a0 warstwami lakieru )<br \/>\n \tCzas realizacji 21 dni roboczych po zaksi\u0119gowaniu wp\u0142aty<br \/>\n \tGRATIS 4 SZTUKI PODSTAWKI POD KUBEK<br \/>\n \tKoszt wysy\u0142ki 60 z\u0142<\/p>\n","protected":false},"excerpt":{"rendered":"<p> \tWymiary: \u015arednica ok 70-65 cm<br \/>\n \tGrubo\u015b\u0107 plastra oko\u0142o 8-12 cm<br \/>\n \tWszystkie plastry zakupione s\u0105 z suszarni<br \/>\n \tWymiary stela\u017ca ; 50\u00d735 cm wysoko\u015b\u0107 40 cm (nogi malowane proszkowo)<br \/>\n \tKolor blatu : naturalny (zabezpieczony\u00a0 warstwami lakieru )<br \/>\n \tCzas realizacji 21 dni roboczych po zaksi\u0119gowaniu wp\u0142aty<br \/>\n \tGRATIS 4 SZTUKI PODSTAWKI POD KUBEK<br \/>\n \tKoszt wysy\u0142ki 60 z\u0142<\/p>\n","protected":false},"featured_media":2261,"comment_status":"open","ping_status":"closed","template":"","meta":[],"etheme_brands":[],"product_cat":[56],"product_tag":[],"class_list":["post-12330","product","type-product","status-publish","has-post-thumbnail","hentry","product_cat-stoliki-drewniane"],"_links":{"self":[{"href":"https:\/\/new.decoczar.pl\/index.php\/wp-json\/wp\/v2\/product\/12330","targetHints":{"allow":["GET"]}}],"collection":[{"href":"https:\/\/new.decoczar.pl\/index.php\/wp-json\/wp\/v2\/product"}],"about":[{"href":"https:\/\/new.decoczar.pl\/index.php\/wp-json\/wp\/v2\/types\/product"}],"replies":[{"embeddable":true,"href":"https:\/\/new.decoczar.pl\/index.php\/wp-json\/wp\/v2\/comments?post=12330"}],"wp:featuredmedia":[{"embeddable":true,"href":"https:\/\/new.decoczar.pl\/index.php\/wp-json\/wp\/v2\/media\/2261"}],"wp:attachment":[{"href":"https:\/\/new.decoczar.pl\/index.php\/wp-json\/wp\/v2\/media?parent=12330"}],"wp:term":[{"taxonomy":"brand","embeddable":true,"href":"https:\/\/new.decoczar.pl\/index.php\/wp-json\/wp\/v2\/etheme_brands?post=12330"},{"taxonomy":"product_cat","embeddable":true,"href":"https:\/\/new.decoczar.pl\/index.php\/wp-json\/wp\/v2\/product_cat?post=12330"},{"taxonomy":"product_tag","embeddable":true,"href":"https:\/\/new.decoczar.pl\/index.php\/wp-json\/wp\/v2\/product_tag?post=12330"}],"curies":[{"name":"wp","href":"https:\/\/api.w.org\/{rel}","templated":true}]}}