{"id":12352,"date":"2024-01-08T18:02:46","date_gmt":"2024-01-08T17:02:46","guid":{"rendered":"https:\/\/new.decoczar.pl\/index.php\/product\/kwietnik-stojak-loft-120-cm-16\/"},"modified":"2024-01-08T18:02:46","modified_gmt":"2024-01-08T17:02:46","slug":"kwietnik-stojak-loft-120-cm-16","status":"publish","type":"product","link":"https:\/\/new.decoczar.pl\/index.php\/product\/kwietnik-stojak-loft-120-cm-16\/","title":{"rendered":"Kwietnik \/ stojak LOFT 120 cm"},"content":{"rendered":"<p> \tWysoko\u015b\u0107 120 cm<br \/>\n \tSzeroko\u015b\u0107 20 cm<br \/>\n \tD\u0142ugo\u015b\u0107 20 cm<br \/>\n \tWykonany z profilu\u00a0 1,5\u00d71,5 cm cm<br \/>\n \tCzas realizacji 10-14 dni roboczych po zaksi\u0119gowaniu wp\u0142aty<br \/>\n \tWysy\u0142ka TYLKO WP\u0141ATA NA KONTO !!! KURIER METAL 25 z\u0142<br \/>\n \tProdukt Polski !<\/p>\n","protected":false},"excerpt":{"rendered":"<p> \tWysoko\u015b\u0107 120 cm<br \/>\n \tSzeroko\u015b\u0107 20 cm<br \/>\n \tD\u0142ugo\u015b\u0107 20 cm<br \/>\n \tWykonany z profilu\u00a0 1,5\u00d71,5 cm cm<br \/>\n \tCzas realizacji 10-14 dni roboczych po zaksi\u0119gowaniu wp\u0142aty<br \/>\n \tWysy\u0142ka TYLKO WP\u0141ATA NA KONTO !!! KURIER METAL 25 z\u0142<br \/>\n \tProdukt Polski !<\/p>\n","protected":false},"featured_media":2339,"comment_status":"open","ping_status":"closed","template":"","meta":[],"etheme_brands":[],"product_cat":[210],"product_tag":[],"class_list":["post-12352","product","type-product","status-publish","has-post-thumbnail","hentry","product_cat-podstawy-metalowe-stelaze-stojaki-polki-loft"],"_links":{"self":[{"href":"https:\/\/new.decoczar.pl\/index.php\/wp-json\/wp\/v2\/product\/12352","targetHints":{"allow":["GET"]}}],"collection":[{"href":"https:\/\/new.decoczar.pl\/index.php\/wp-json\/wp\/v2\/product"}],"about":[{"href":"https:\/\/new.decoczar.pl\/index.php\/wp-json\/wp\/v2\/types\/product"}],"replies":[{"embeddable":true,"href":"https:\/\/new.decoczar.pl\/index.php\/wp-json\/wp\/v2\/comments?post=12352"}],"wp:featuredmedia":[{"embeddable":true,"href":"https:\/\/new.decoczar.pl\/index.php\/wp-json\/wp\/v2\/media\/2339"}],"wp:attachment":[{"href":"https:\/\/new.decoczar.pl\/index.php\/wp-json\/wp\/v2\/media?parent=12352"}],"wp:term":[{"taxonomy":"brand","embeddable":true,"href":"https:\/\/new.decoczar.pl\/index.php\/wp-json\/wp\/v2\/etheme_brands?post=12352"},{"taxonomy":"product_cat","embeddable":true,"href":"https:\/\/new.decoczar.pl\/index.php\/wp-json\/wp\/v2\/product_cat?post=12352"},{"taxonomy":"product_tag","embeddable":true,"href":"https:\/\/new.decoczar.pl\/index.php\/wp-json\/wp\/v2\/product_tag?post=12352"}],"curies":[{"name":"wp","href":"https:\/\/api.w.org\/{rel}","templated":true}]}}