{"id":12756,"date":"2024-01-19T12:52:36","date_gmt":"2024-01-19T11:52:36","guid":{"rendered":"http:\/\/new.decoczar.pl\/index.php\/product\/heksagon-metalowy-zloty-wynajem-17\/"},"modified":"2024-01-19T12:52:36","modified_gmt":"2024-01-19T11:52:36","slug":"heksagon-metalowy-zloty-wynajem-17","status":"publish","type":"product","link":"https:\/\/new.decoczar.pl\/index.php\/product\/heksagon-metalowy-zloty-wynajem-17\/","title":{"rendered":"Heksagon metalowy z\u0142oty WYNAJEM"},"content":{"rendered":"<p>HEKSAGON<\/p>\n<p> \tWymiary wysoko\u015b\u0107 230 cm &#8211; przek\u0105tna 250 cm<br \/>\n \t\u0141uk sk\u0142ada si\u0119 z 5 element\u00f3w co jest \u0142atwy w monta\u017cu<br \/>\n \tMateria\u0142: profil stalowy<br \/>\n \tTYLKO odbi\u00f3r osobisty w Warszawa Br\u00f3dno \u2013 Micha\u0142\u00f3w Regin<br \/>\n \tNIE WYSY\u0141AM PRODUKTU<br \/>\n \tPr\u00f3cz op\u0142aty za wypo\u017cyczenie pobierana jest kaucja zwrotna 300 z\u0142<br \/>\n \tPrzy rezerwacji asortymentu podpisujemy umow\u0119, kt\u00f3ra jest gwarancj\u0105 terminu (umow\u0119 otrzymuj\u0105 Pa\u0144stwo mailem w ci\u0105gu 4 dni od rezerwacji)<br \/>\n \tpo podpisaniu umowy prosimy o wp\u0142acenie zadatku w kwocie zgodniej z zapisem w umowie<br \/>\n \tMalowany proszkowo<br \/>\n \tMonta\u017c nie wymaga\u00a0\u017cadnych narz\u0119dzi\u00a0i zajmuje jedynie kilka minut<\/p>\n<p> \tkaucja zwracana jest przy zwrocie towaru<br \/>\n \tzwrot asortymentu do wtorku po uroczysto\u015bci, ewentualnie do \u015brody po wcze\u015bniejszym uzgodnieniu<br \/>\n \tasortyment otrzymuj\u0105 Pa\u0144stwo czysty, \u2013 przygotowany do u\u017cycia<br \/>\n \tzwracany towar musi by\u0107 w stanie niezmienionym (czyste,)<br \/>\n \tewentualne zniszczenia pokrywane s\u0105 z kaucji<\/p>\n<p>i<\/p>\n","protected":false},"excerpt":{"rendered":"<p>HEKSAGON<\/p>\n<p> \tWymiary wysoko\u015b\u0107 230 cm &#8211; przek\u0105tna 250 cm<br \/>\n \t\u0141uk sk\u0142ada si\u0119 z 5 element\u00f3w co jest \u0142atwy w monta\u017cu<br \/>\n \tMateria\u0142: profil stalowy<br \/>\n \tTYLKO odbi\u00f3r osobisty w Warszawa Br\u00f3dno \u2013 Micha\u0142\u00f3w Regin<br \/>\n \tNIE WYSY\u0141AM PRODUKTU<br \/>\n \tPr\u00f3cz op\u0142aty za wypo\u017cyczenie pobierana jest kaucja zwrotna 300 z\u0142<br \/>\n \tPrzy rezerwacji asortymentu podpisujemy umow\u0119, kt\u00f3ra jest gwarancj\u0105 terminu (umow\u0119 otrzymuj\u0105 Pa\u0144stwo mailem w ci\u0105gu 4 dni od rezerwacji)<br \/>\n \tpo podpisaniu umowy prosimy o wp\u0142acenie zadatku w kwocie zgodniej z zapisem w umowie<br \/>\n \tMalowany proszkowo<br \/>\n \tMonta\u017c nie wymaga\u00a0\u017cadnych narz\u0119dzi\u00a0i zajmuje jedynie kilka minut<\/p>\n<p> \tkaucja zwracana jest przy zwrocie towaru<br \/>\n \tzwrot asortymentu do wtorku po uroczysto\u015bci, ewentualnie do \u015brody po wcze\u015bniejszym uzgodnieniu<br \/>\n \tasortyment otrzymuj\u0105 Pa\u0144stwo czysty, \u2013 przygotowany do u\u017cycia<br \/>\n \tzwracany towar musi by\u0107 w stanie niezmienionym (czyste,)<br \/>\n \tewentualne zniszczenia pokrywane s\u0105 z kaucji<\/p>\n<p>i<\/p>\n","protected":false},"featured_media":2478,"comment_status":"open","ping_status":"closed","template":"","meta":[],"etheme_brands":[],"product_cat":[81],"product_tag":[],"class_list":["post-12756","product","type-product","status-publish","has-post-thumbnail","hentry","product_cat-slub-dekoracje-wynajem-dekoracji"],"_links":{"self":[{"href":"https:\/\/new.decoczar.pl\/index.php\/wp-json\/wp\/v2\/product\/12756","targetHints":{"allow":["GET"]}}],"collection":[{"href":"https:\/\/new.decoczar.pl\/index.php\/wp-json\/wp\/v2\/product"}],"about":[{"href":"https:\/\/new.decoczar.pl\/index.php\/wp-json\/wp\/v2\/types\/product"}],"replies":[{"embeddable":true,"href":"https:\/\/new.decoczar.pl\/index.php\/wp-json\/wp\/v2\/comments?post=12756"}],"wp:featuredmedia":[{"embeddable":true,"href":"https:\/\/new.decoczar.pl\/index.php\/wp-json\/wp\/v2\/media\/2478"}],"wp:attachment":[{"href":"https:\/\/new.decoczar.pl\/index.php\/wp-json\/wp\/v2\/media?parent=12756"}],"wp:term":[{"taxonomy":"brand","embeddable":true,"href":"https:\/\/new.decoczar.pl\/index.php\/wp-json\/wp\/v2\/etheme_brands?post=12756"},{"taxonomy":"product_cat","embeddable":true,"href":"https:\/\/new.decoczar.pl\/index.php\/wp-json\/wp\/v2\/product_cat?post=12756"},{"taxonomy":"product_tag","embeddable":true,"href":"https:\/\/new.decoczar.pl\/index.php\/wp-json\/wp\/v2\/product_tag?post=12756"}],"curies":[{"name":"wp","href":"https:\/\/api.w.org\/{rel}","templated":true}]}}