{"id":12887,"date":"2024-01-20T04:11:14","date_gmt":"2024-01-20T03:11:14","guid":{"rendered":"http:\/\/new.decoczar.pl\/index.php\/product\/prosba-o-blogoslawienstwo-dla-rodzicow-25\/"},"modified":"2024-01-20T04:11:14","modified_gmt":"2024-01-20T03:11:14","slug":"prosba-o-blogoslawienstwo-dla-rodzicow-25","status":"publish","type":"product","link":"https:\/\/new.decoczar.pl\/index.php\/product\/prosba-o-blogoslawienstwo-dla-rodzicow-25\/","title":{"rendered":"Pro\u015bba o b\u0142ogos\u0142awie\u0144stwo dla rodzic\u00f3w"},"content":{"rendered":"<p>Pro\u015bba o b\u0142ogos\u0142awie\u0144stwo\u00a0\u00a0<\/p>\n<p> \tCi\u0119cie laserowe<br \/>\n \tWymiary 11 x 15 cm\u00a0<br \/>\n \tZaproszenie wykonane ze sklejki brzozowej 3 mm<br \/>\n \tGrawer mo\u017cemy dowolnie modyfikowa\u0107<br \/>\n \tGRATIS !!! koperta br\u0105zowa z naklejk\u0105\u00a0\u00a0<br \/>\n \tW uwagach dla klienta prosz\u0119 wpisa\u0107 imiona i daty itp<br \/>\n \tCena dotyczy 1 sztuki<br \/>\n \tPodstawki drewniane<br \/>\n \tCzas realizacji do 5 dni roboczych po zaksi\u0119gowaniu wp\u0142aty<\/p>\n","protected":false},"excerpt":{"rendered":"<p>Pro\u015bba o b\u0142ogos\u0142awie\u0144stwo\u00a0\u00a0<\/p>\n<p> \tCi\u0119cie laserowe<br \/>\n \tWymiary 11 x 15 cm\u00a0<br \/>\n \tZaproszenie wykonane ze sklejki brzozowej 3 mm<br \/>\n \tGrawer mo\u017cemy dowolnie modyfikowa\u0107<br \/>\n \tGRATIS !!! koperta br\u0105zowa z naklejk\u0105\u00a0\u00a0<br \/>\n \tW uwagach dla klienta prosz\u0119 wpisa\u0107 imiona i daty itp<br \/>\n \tCena dotyczy 1 sztuki<br \/>\n \tPodstawki drewniane<br \/>\n \tCzas realizacji do 5 dni roboczych po zaksi\u0119gowaniu wp\u0142aty<\/p>\n","protected":false},"featured_media":3244,"comment_status":"open","ping_status":"closed","template":"","meta":[],"etheme_brands":[],"product_cat":[78],"product_tag":[],"class_list":["post-12887","product","type-product","status-publish","has-post-thumbnail","hentry","product_cat-slub-dekoracje"],"_links":{"self":[{"href":"https:\/\/new.decoczar.pl\/index.php\/wp-json\/wp\/v2\/product\/12887","targetHints":{"allow":["GET"]}}],"collection":[{"href":"https:\/\/new.decoczar.pl\/index.php\/wp-json\/wp\/v2\/product"}],"about":[{"href":"https:\/\/new.decoczar.pl\/index.php\/wp-json\/wp\/v2\/types\/product"}],"replies":[{"embeddable":true,"href":"https:\/\/new.decoczar.pl\/index.php\/wp-json\/wp\/v2\/comments?post=12887"}],"wp:featuredmedia":[{"embeddable":true,"href":"https:\/\/new.decoczar.pl\/index.php\/wp-json\/wp\/v2\/media\/3244"}],"wp:attachment":[{"href":"https:\/\/new.decoczar.pl\/index.php\/wp-json\/wp\/v2\/media?parent=12887"}],"wp:term":[{"taxonomy":"brand","embeddable":true,"href":"https:\/\/new.decoczar.pl\/index.php\/wp-json\/wp\/v2\/etheme_brands?post=12887"},{"taxonomy":"product_cat","embeddable":true,"href":"https:\/\/new.decoczar.pl\/index.php\/wp-json\/wp\/v2\/product_cat?post=12887"},{"taxonomy":"product_tag","embeddable":true,"href":"https:\/\/new.decoczar.pl\/index.php\/wp-json\/wp\/v2\/product_tag?post=12887"}],"curies":[{"name":"wp","href":"https:\/\/api.w.org\/{rel}","templated":true}]}}