{"id":12925,"date":"2024-01-20T04:11:30","date_gmt":"2024-01-20T03:11:30","guid":{"rendered":"http:\/\/new.decoczar.pl\/index.php\/product\/spinki-drewniane-superman-17\/"},"modified":"2024-01-20T04:11:30","modified_gmt":"2024-01-20T03:11:30","slug":"spinki-drewniane-superman-17","status":"publish","type":"product","link":"https:\/\/new.decoczar.pl\/index.php\/product\/spinki-drewniane-superman-17\/","title":{"rendered":"Spinki Drewniane Superman"},"content":{"rendered":"<p>Oryginalne spinki do mankiet\u00f3w koszuli m\u0119skiej.<\/p>\n<p> \tWymiary 2 x 2 cm<br \/>\n \tWykonane ze sklejki brzozowej 3 mm<br \/>\n \tMetalowe zapi\u0119cie<br \/>\n \tOzdobne pude\u0142ko<br \/>\n \tZaprojektujemy dla Ciebie ulubion\u0105 grafik\u0119 b\u0105d\u017a logo firmy<\/p>\n","protected":false},"excerpt":{"rendered":"<p>Oryginalne spinki do mankiet\u00f3w koszuli m\u0119skiej.<\/p>\n<p> \tWymiary 2 x 2 cm<br \/>\n \tWykonane ze sklejki brzozowej 3 mm<br \/>\n \tMetalowe zapi\u0119cie<br \/>\n \tOzdobne pude\u0142ko<br \/>\n \tZaprojektujemy dla Ciebie ulubion\u0105 grafik\u0119 b\u0105d\u017a logo firmy<\/p>\n","protected":false},"featured_media":3919,"comment_status":"open","ping_status":"closed","template":"","meta":[],"etheme_brands":[],"product_cat":[128],"product_tag":[],"class_list":["post-12925","product","type-product","status-publish","has-post-thumbnail","hentry","product_cat-spinki-i-muchy-drewniane-dodatki"],"_links":{"self":[{"href":"https:\/\/new.decoczar.pl\/index.php\/wp-json\/wp\/v2\/product\/12925","targetHints":{"allow":["GET"]}}],"collection":[{"href":"https:\/\/new.decoczar.pl\/index.php\/wp-json\/wp\/v2\/product"}],"about":[{"href":"https:\/\/new.decoczar.pl\/index.php\/wp-json\/wp\/v2\/types\/product"}],"replies":[{"embeddable":true,"href":"https:\/\/new.decoczar.pl\/index.php\/wp-json\/wp\/v2\/comments?post=12925"}],"wp:featuredmedia":[{"embeddable":true,"href":"https:\/\/new.decoczar.pl\/index.php\/wp-json\/wp\/v2\/media\/3919"}],"wp:attachment":[{"href":"https:\/\/new.decoczar.pl\/index.php\/wp-json\/wp\/v2\/media?parent=12925"}],"wp:term":[{"taxonomy":"brand","embeddable":true,"href":"https:\/\/new.decoczar.pl\/index.php\/wp-json\/wp\/v2\/etheme_brands?post=12925"},{"taxonomy":"product_cat","embeddable":true,"href":"https:\/\/new.decoczar.pl\/index.php\/wp-json\/wp\/v2\/product_cat?post=12925"},{"taxonomy":"product_tag","embeddable":true,"href":"https:\/\/new.decoczar.pl\/index.php\/wp-json\/wp\/v2\/product_tag?post=12925"}],"curies":[{"name":"wp","href":"https:\/\/api.w.org\/{rel}","templated":true}]}}