{"id":12978,"date":"2024-01-29T06:33:23","date_gmt":"2024-01-29T05:33:23","guid":{"rendered":"https:\/\/new.decoczar.pl\/index.php\/product\/kosz-shopperka-z-trawy-sloniowej-70\/"},"modified":"2024-01-29T06:33:23","modified_gmt":"2024-01-29T05:33:23","slug":"kosz-shopperka-z-trawy-sloniowej-70","status":"publish","type":"product","link":"https:\/\/new.decoczar.pl\/index.php\/product\/kosz-shopperka-z-trawy-sloniowej-70\/","title":{"rendered":"Kosz\/Shopperka z Trawy S\u0142oniowej"},"content":{"rendered":"<p>Cechy produktu :<\/p>\n<p> \tKosz r\u0119cznie pleciony, naturalnie farbowany.<br \/>\n \tKraj pochodzenia Ghana (Afryka)<br \/>\n \tWysoko\u015b\u0107 25 cm, d\u0142ugo\u015b\u0107 45 cm. (bez uchwytu).<br \/>\n \tSk\u00f3rzane r\u0105czki<br \/>\n \t\u00a0100 % handmade<\/p>\n","protected":false},"excerpt":{"rendered":"<p>Cechy produktu :<\/p>\n<p> \tKosz r\u0119cznie pleciony, naturalnie farbowany.<br \/>\n \tKraj pochodzenia Ghana (Afryka)<br \/>\n \tWysoko\u015b\u0107 25 cm, d\u0142ugo\u015b\u0107 45 cm. (bez uchwytu).<br \/>\n \tSk\u00f3rzane r\u0105czki<br \/>\n \t\u00a0100 % handmade<\/p>\n","protected":false},"featured_media":5426,"comment_status":"open","ping_status":"closed","template":"","meta":[],"etheme_brands":[],"product_cat":[224],"product_tag":[],"class_list":["post-12978","product","type-product","status-publish","has-post-thumbnail","hentry","product_cat-dostepne-od-reki-kosz-shopperka-z-trawy-sloniowej"],"_links":{"self":[{"href":"https:\/\/new.decoczar.pl\/index.php\/wp-json\/wp\/v2\/product\/12978","targetHints":{"allow":["GET"]}}],"collection":[{"href":"https:\/\/new.decoczar.pl\/index.php\/wp-json\/wp\/v2\/product"}],"about":[{"href":"https:\/\/new.decoczar.pl\/index.php\/wp-json\/wp\/v2\/types\/product"}],"replies":[{"embeddable":true,"href":"https:\/\/new.decoczar.pl\/index.php\/wp-json\/wp\/v2\/comments?post=12978"}],"wp:featuredmedia":[{"embeddable":true,"href":"https:\/\/new.decoczar.pl\/index.php\/wp-json\/wp\/v2\/media\/5426"}],"wp:attachment":[{"href":"https:\/\/new.decoczar.pl\/index.php\/wp-json\/wp\/v2\/media?parent=12978"}],"wp:term":[{"taxonomy":"brand","embeddable":true,"href":"https:\/\/new.decoczar.pl\/index.php\/wp-json\/wp\/v2\/etheme_brands?post=12978"},{"taxonomy":"product_cat","embeddable":true,"href":"https:\/\/new.decoczar.pl\/index.php\/wp-json\/wp\/v2\/product_cat?post=12978"},{"taxonomy":"product_tag","embeddable":true,"href":"https:\/\/new.decoczar.pl\/index.php\/wp-json\/wp\/v2\/product_tag?post=12978"}],"curies":[{"name":"wp","href":"https:\/\/api.w.org\/{rel}","templated":true}]}}