{"id":13431,"date":"2024-02-17T05:11:42","date_gmt":"2024-02-17T04:11:42","guid":{"rendered":"http:\/\/new.decoczar.pl\/index.php\/product\/wieszak-debowy-zywica-morski-55-cm-19\/"},"modified":"2024-02-17T05:11:42","modified_gmt":"2024-02-17T04:11:42","slug":"wieszak-debowy-zywica-morski-55-cm-19","status":"publish","type":"product","link":"https:\/\/new.decoczar.pl\/index.php\/product\/wieszak-debowy-zywica-morski-55-cm-19\/","title":{"rendered":"Wieszak d\u0119bowy \u017cywica morski 55 cm"},"content":{"rendered":"<p>Cechy produktu:<\/p>\n<p> \tWymiary : 55&#215;20 cm<br \/>\n \tGrubo\u015b\u0107 deski : 3 cm<br \/>\n \tZ ty\u0142u s\u0105 zamontowane dwa uchwyty umo\u017cliwiaj\u0105ce powieszenia wieszaka na \u015bcianie.<br \/>\n \tMateria\u0142 : D\u0105b, \u017cywica<br \/>\n \tDeska zosta\u0142a zabezpieczona wysokiej jako\u015bci olejem<br \/>\n \tZ\u0142ote uchwyty<br \/>\n \tProdukt od podstaw wykonywany r\u0119cznie<\/p>\n","protected":false},"excerpt":{"rendered":"<p>Cechy produktu:<\/p>\n<p> \tWymiary : 55&#215;20 cm<br \/>\n \tGrubo\u015b\u0107 deski : 3 cm<br \/>\n \tZ ty\u0142u s\u0105 zamontowane dwa uchwyty umo\u017cliwiaj\u0105ce powieszenia wieszaka na \u015bcianie.<br \/>\n \tMateria\u0142 : D\u0105b, \u017cywica<br \/>\n \tDeska zosta\u0142a zabezpieczona wysokiej jako\u015bci olejem<br \/>\n \tZ\u0142ote uchwyty<br \/>\n \tProdukt od podstaw wykonywany r\u0119cznie<\/p>\n","protected":false},"featured_media":2299,"comment_status":"open","ping_status":"closed","template":"","meta":[],"etheme_brands":[],"product_cat":[249],"product_tag":[],"class_list":["post-13431","product","type-product","status-publish","has-post-thumbnail","hentry","product_cat-dostepne-od-reki-promocja-wieszaki"],"_links":{"self":[{"href":"https:\/\/new.decoczar.pl\/index.php\/wp-json\/wp\/v2\/product\/13431","targetHints":{"allow":["GET"]}}],"collection":[{"href":"https:\/\/new.decoczar.pl\/index.php\/wp-json\/wp\/v2\/product"}],"about":[{"href":"https:\/\/new.decoczar.pl\/index.php\/wp-json\/wp\/v2\/types\/product"}],"replies":[{"embeddable":true,"href":"https:\/\/new.decoczar.pl\/index.php\/wp-json\/wp\/v2\/comments?post=13431"}],"wp:featuredmedia":[{"embeddable":true,"href":"https:\/\/new.decoczar.pl\/index.php\/wp-json\/wp\/v2\/media\/2299"}],"wp:attachment":[{"href":"https:\/\/new.decoczar.pl\/index.php\/wp-json\/wp\/v2\/media?parent=13431"}],"wp:term":[{"taxonomy":"brand","embeddable":true,"href":"https:\/\/new.decoczar.pl\/index.php\/wp-json\/wp\/v2\/etheme_brands?post=13431"},{"taxonomy":"product_cat","embeddable":true,"href":"https:\/\/new.decoczar.pl\/index.php\/wp-json\/wp\/v2\/product_cat?post=13431"},{"taxonomy":"product_tag","embeddable":true,"href":"https:\/\/new.decoczar.pl\/index.php\/wp-json\/wp\/v2\/product_tag?post=13431"}],"curies":[{"name":"wp","href":"https:\/\/api.w.org\/{rel}","templated":true}]}}