{"id":14368,"date":"2024-03-20T18:42:10","date_gmt":"2024-03-20T17:42:10","guid":{"rendered":"http:\/\/new.decoczar.pl\/index.php\/product\/noga-metalowa-do-stolu-podstawa-metalowa-trapez-4\/"},"modified":"2024-03-20T18:42:10","modified_gmt":"2024-03-20T17:42:10","slug":"noga-metalowa-do-stolu-podstawa-metalowa-trapez-4","status":"publish","type":"product","link":"https:\/\/new.decoczar.pl\/index.php\/product\/noga-metalowa-do-stolu-podstawa-metalowa-trapez-4\/","title":{"rendered":"NOGA METALOWA DO STO\u0141U\/ PODSTAWA METALOWA TRAPEZ"},"content":{"rendered":"<p> \tWymiary : wysoko\u015b\u0107 72 cm szeroko\u015b\u0107 podstawy na dole 85 cm<br \/>\n \tMalowane proszkowo<br \/>\n \tWaga podstawy 40 kilo<br \/>\n \tKolor Czarny mat (mo\u017cliwo\u015b\u0107 zmiany koloru RAL )<br \/>\n \tMateria\u0142 : p\u0142askownik 100x10mm,<br \/>\n \tCzas realizacji 21 dni roboczych po zaksi\u0119gowaniu wp\u0142aty<br \/>\n \tProdukt posiada\u00a0 otwory monta\u017cowe i z \u0142atwo\u015bci\u0105 mo\u017cna\u00a0 je przykr\u0119ci\u0107 do blatu\u00a0poprzez przykr\u0119cenie\u00a0 wkr\u0119t\u00f3w od do\u0142u<br \/>\n \tWysy\u0142ka paletowa &#8211; ze wzgl\u0119du na du\u017cy i ci\u0119\u017cki gabaryt<br \/>\n \tPRODUKT POLSKI !<\/p>\n","protected":false},"excerpt":{"rendered":"<p> \tWymiary : wysoko\u015b\u0107 72 cm szeroko\u015b\u0107 podstawy na dole 85 cm<br \/>\n \tMalowane proszkowo<br \/>\n \tWaga podstawy 40 kilo<br \/>\n \tKolor Czarny mat (mo\u017cliwo\u015b\u0107 zmiany koloru RAL )<br \/>\n \tMateria\u0142 : p\u0142askownik 100x10mm,<br \/>\n \tCzas realizacji 21 dni roboczych po zaksi\u0119gowaniu wp\u0142aty<br \/>\n \tProdukt posiada\u00a0 otwory monta\u017cowe i z \u0142atwo\u015bci\u0105 mo\u017cna\u00a0 je przykr\u0119ci\u0107 do blatu\u00a0poprzez przykr\u0119cenie\u00a0 wkr\u0119t\u00f3w od do\u0142u<br \/>\n \tWysy\u0142ka paletowa &#8211; ze wzgl\u0119du na du\u017cy i ci\u0119\u017cki gabaryt<br \/>\n \tPRODUKT POLSKI !<\/p>\n","protected":false},"featured_media":0,"comment_status":"open","ping_status":"closed","template":"","meta":[],"etheme_brands":[],"product_cat":[50],"product_tag":[],"class_list":["post-14368","product","type-product","status-publish","hentry","product_cat-podstawy-metalowe-stelaze-stojaki"],"_links":{"self":[{"href":"https:\/\/new.decoczar.pl\/index.php\/wp-json\/wp\/v2\/product\/14368","targetHints":{"allow":["GET"]}}],"collection":[{"href":"https:\/\/new.decoczar.pl\/index.php\/wp-json\/wp\/v2\/product"}],"about":[{"href":"https:\/\/new.decoczar.pl\/index.php\/wp-json\/wp\/v2\/types\/product"}],"replies":[{"embeddable":true,"href":"https:\/\/new.decoczar.pl\/index.php\/wp-json\/wp\/v2\/comments?post=14368"}],"wp:attachment":[{"href":"https:\/\/new.decoczar.pl\/index.php\/wp-json\/wp\/v2\/media?parent=14368"}],"wp:term":[{"taxonomy":"brand","embeddable":true,"href":"https:\/\/new.decoczar.pl\/index.php\/wp-json\/wp\/v2\/etheme_brands?post=14368"},{"taxonomy":"product_cat","embeddable":true,"href":"https:\/\/new.decoczar.pl\/index.php\/wp-json\/wp\/v2\/product_cat?post=14368"},{"taxonomy":"product_tag","embeddable":true,"href":"https:\/\/new.decoczar.pl\/index.php\/wp-json\/wp\/v2\/product_tag?post=14368"}],"curies":[{"name":"wp","href":"https:\/\/api.w.org\/{rel}","templated":true}]}}