{"id":14456,"date":"2024-03-21T05:22:12","date_gmt":"2024-03-21T04:22:12","guid":{"rendered":"http:\/\/new.decoczar.pl\/index.php\/product\/stolik-kawowy-nocny-z-plastra-orzecha-28\/"},"modified":"2024-03-21T05:22:12","modified_gmt":"2024-03-21T04:22:12","slug":"stolik-kawowy-nocny-z-plastra-orzecha-28","status":"publish","type":"product","link":"https:\/\/new.decoczar.pl\/index.php\/product\/stolik-kawowy-nocny-z-plastra-orzecha-28\/","title":{"rendered":"Stolik kawowy nocny z plastra orzecha"},"content":{"rendered":"<p>Cechy produktu :<\/p>\n<p> \tWymiary ok 52X 42cm<br \/>\n \tWysoko\u015b\u0107 : ok 50 cm<br \/>\n \tMateria\u0142 : plaster orzecha w\u0142oskiego<br \/>\n \tStolik zosta\u0142 zaimpregnowany olejem z utwardzaczem<br \/>\n \tCzarne stalowe nogi<br \/>\n \tKoszt wysy\u0142ki 25 z\u0142 &#8211;\u00a0 nie wysy\u0142am za POBRANIEM !<br \/>\n \tCzas realizacji 14 dni roboczych po zaksi\u0119gowaniu wp\u0142aty<br \/>\n \tProdukt do samodzielnego \u201emonta\u017cu\u201d . \u00a0Do zestawu do\u0142\u0105czone \u015bruby do przykr\u0119cenia n\u00f3g.<\/p>\n","protected":false},"excerpt":{"rendered":"<p>Cechy produktu :<\/p>\n<p> \tWymiary ok 52X 42cm<br \/>\n \tWysoko\u015b\u0107 : ok 50 cm<br \/>\n \tMateria\u0142 : plaster orzecha w\u0142oskiego<br \/>\n \tStolik zosta\u0142 zaimpregnowany olejem z utwardzaczem<br \/>\n \tCzarne stalowe nogi<br \/>\n \tKoszt wysy\u0142ki 25 z\u0142 &#8211;\u00a0 nie wysy\u0142am za POBRANIEM !<br \/>\n \tCzas realizacji 14 dni roboczych po zaksi\u0119gowaniu wp\u0142aty<br \/>\n \tProdukt do samodzielnego \u201emonta\u017cu\u201d . \u00a0Do zestawu do\u0142\u0105czone \u015bruby do przykr\u0119cenia n\u00f3g.<\/p>\n","protected":false},"featured_media":2154,"comment_status":"open","ping_status":"closed","template":"","meta":[],"etheme_brands":[],"product_cat":[56],"product_tag":[],"class_list":["post-14456","product","type-product","status-publish","has-post-thumbnail","hentry","product_cat-stoliki-drewniane"],"_links":{"self":[{"href":"https:\/\/new.decoczar.pl\/index.php\/wp-json\/wp\/v2\/product\/14456","targetHints":{"allow":["GET"]}}],"collection":[{"href":"https:\/\/new.decoczar.pl\/index.php\/wp-json\/wp\/v2\/product"}],"about":[{"href":"https:\/\/new.decoczar.pl\/index.php\/wp-json\/wp\/v2\/types\/product"}],"replies":[{"embeddable":true,"href":"https:\/\/new.decoczar.pl\/index.php\/wp-json\/wp\/v2\/comments?post=14456"}],"wp:featuredmedia":[{"embeddable":true,"href":"https:\/\/new.decoczar.pl\/index.php\/wp-json\/wp\/v2\/media\/2154"}],"wp:attachment":[{"href":"https:\/\/new.decoczar.pl\/index.php\/wp-json\/wp\/v2\/media?parent=14456"}],"wp:term":[{"taxonomy":"brand","embeddable":true,"href":"https:\/\/new.decoczar.pl\/index.php\/wp-json\/wp\/v2\/etheme_brands?post=14456"},{"taxonomy":"product_cat","embeddable":true,"href":"https:\/\/new.decoczar.pl\/index.php\/wp-json\/wp\/v2\/product_cat?post=14456"},{"taxonomy":"product_tag","embeddable":true,"href":"https:\/\/new.decoczar.pl\/index.php\/wp-json\/wp\/v2\/product_tag?post=14456"}],"curies":[{"name":"wp","href":"https:\/\/api.w.org\/{rel}","templated":true}]}}