{"id":14780,"date":"2024-03-30T23:49:25","date_gmt":"2024-03-30T22:49:25","guid":{"rendered":"http:\/\/new.decoczar.pl\/index.php\/product\/wieszak-stojak-na-reczniki-stojacy-loft-bialy-22\/"},"modified":"2024-03-30T23:49:25","modified_gmt":"2024-03-30T22:49:25","slug":"wieszak-stojak-na-reczniki-stojacy-loft-bialy-22","status":"publish","type":"product","link":"https:\/\/new.decoczar.pl\/index.php\/product\/wieszak-stojak-na-reczniki-stojacy-loft-bialy-22\/","title":{"rendered":"WIESZAK \/ STOJAK NA R\u0118CZNIKI STOJ\u0104CY LOFT BIA\u0141Y"},"content":{"rendered":"<p>Stojak na r\u0119czniki<\/p>\n<p> \tWymiary: szeroko\u015b\u0107: 60 cm<br \/>\n \t\u00a0wysoko\u015b\u0107 ramion: 65 cm, 75 cm i 85 cm<br \/>\n \t\u00a0g\u0142\u0119boko\u015b\u0107: 20 cm<br \/>\n \tProfil 2&#215;2 cm<br \/>\n \tMalowany proszkowo<br \/>\n \tKolor bialy<br \/>\n \tjako\u015b\u0107 wykonania niepor\u00f3wnywalnie lepsza, w stosunku do tanich, market-owych zamiennik\u00f3w,<br \/>\n \tCzas realizacji do 14 dni roboczych po zaksi\u0119gowaniu wp\u0142aty<\/p>\n<p>Wysy\u0142ka tylko kurier 25 z\u0142 (kurier metal )<\/p>\n<p> \tNIE WYSY\u0141AM ZA POBRANIEM !!!<\/p>\n","protected":false},"excerpt":{"rendered":"<p>Stojak na r\u0119czniki<\/p>\n<p> \tWymiary: szeroko\u015b\u0107: 60 cm<br \/>\n \t\u00a0wysoko\u015b\u0107 ramion: 65 cm, 75 cm i 85 cm<br \/>\n \t\u00a0g\u0142\u0119boko\u015b\u0107: 20 cm<br \/>\n \tProfil 2&#215;2 cm<br \/>\n \tMalowany proszkowo<br \/>\n \tKolor bialy<br \/>\n \tjako\u015b\u0107 wykonania niepor\u00f3wnywalnie lepsza, w stosunku do tanich, market-owych zamiennik\u00f3w,<br \/>\n \tCzas realizacji do 14 dni roboczych po zaksi\u0119gowaniu wp\u0142aty<\/p>\n<p>Wysy\u0142ka tylko kurier 25 z\u0142 (kurier metal )<\/p>\n<p> \tNIE WYSY\u0141AM ZA POBRANIEM !!!<\/p>\n","protected":false},"featured_media":4601,"comment_status":"open","ping_status":"closed","template":"","meta":[],"etheme_brands":[],"product_cat":[50],"product_tag":[],"class_list":["post-14780","product","type-product","status-publish","has-post-thumbnail","hentry","product_cat-podstawy-metalowe-stelaze-stojaki"],"_links":{"self":[{"href":"https:\/\/new.decoczar.pl\/index.php\/wp-json\/wp\/v2\/product\/14780","targetHints":{"allow":["GET"]}}],"collection":[{"href":"https:\/\/new.decoczar.pl\/index.php\/wp-json\/wp\/v2\/product"}],"about":[{"href":"https:\/\/new.decoczar.pl\/index.php\/wp-json\/wp\/v2\/types\/product"}],"replies":[{"embeddable":true,"href":"https:\/\/new.decoczar.pl\/index.php\/wp-json\/wp\/v2\/comments?post=14780"}],"wp:featuredmedia":[{"embeddable":true,"href":"https:\/\/new.decoczar.pl\/index.php\/wp-json\/wp\/v2\/media\/4601"}],"wp:attachment":[{"href":"https:\/\/new.decoczar.pl\/index.php\/wp-json\/wp\/v2\/media?parent=14780"}],"wp:term":[{"taxonomy":"brand","embeddable":true,"href":"https:\/\/new.decoczar.pl\/index.php\/wp-json\/wp\/v2\/etheme_brands?post=14780"},{"taxonomy":"product_cat","embeddable":true,"href":"https:\/\/new.decoczar.pl\/index.php\/wp-json\/wp\/v2\/product_cat?post=14780"},{"taxonomy":"product_tag","embeddable":true,"href":"https:\/\/new.decoczar.pl\/index.php\/wp-json\/wp\/v2\/product_tag?post=14780"}],"curies":[{"name":"wp","href":"https:\/\/api.w.org\/{rel}","templated":true}]}}