{"id":15178,"date":"2024-04-09T10:15:28","date_gmt":"2024-04-09T08:15:28","guid":{"rendered":"http:\/\/new.decoczar.pl\/index.php\/product\/pudelko-na-pieniadze-komunia-swieta-hostia-24\/"},"modified":"2024-04-09T10:15:28","modified_gmt":"2024-04-09T08:15:28","slug":"pudelko-na-pieniadze-komunia-swieta-hostia-24","status":"publish","type":"product","link":"https:\/\/new.decoczar.pl\/index.php\/product\/pudelko-na-pieniadze-komunia-swieta-hostia-24\/","title":{"rendered":"PUDE\u0141KO NA PIENI\u0104DZE KOMUNIA \u015aWI\u0118TA HOSTIA"},"content":{"rendered":"<p>Szkatu\u0142ka<\/p>\n<p> \tWielko\u015b\u0107 pami\u0105tki: ok 14 x 14 x 2,5cm<br \/>\n \tZestaw nie zawiera pieni\u0105\u017ck\u00f3w<br \/>\n \tCzas realizacji 5 &#8211; 7 dni roboczych<br \/>\n \tW uwagach do zam\u00f3wienia prosz\u0119 wpisa\u0107 dla kogo , dat\u0119 i od kogo<br \/>\n \tPami\u0105tk\u0119 mo\u017cemy wykona\u0107 z\u00a0 innej okazji<br \/>\n \tMateria\u0142 drewno<\/p>\n","protected":false},"excerpt":{"rendered":"<p>Szkatu\u0142ka<\/p>\n<p> \tWielko\u015b\u0107 pami\u0105tki: ok 14 x 14 x 2,5cm<br \/>\n \tZestaw nie zawiera pieni\u0105\u017ck\u00f3w<br \/>\n \tCzas realizacji 5 &#8211; 7 dni roboczych<br \/>\n \tW uwagach do zam\u00f3wienia prosz\u0119 wpisa\u0107 dla kogo , dat\u0119 i od kogo<br \/>\n \tPami\u0105tk\u0119 mo\u017cemy wykona\u0107 z\u00a0 innej okazji<br \/>\n \tMateria\u0142 drewno<\/p>\n","protected":false},"featured_media":2197,"comment_status":"open","ping_status":"closed","template":"","meta":[],"etheme_brands":[],"product_cat":[63],"product_tag":[],"class_list":["post-15178","product","type-product","status-publish","has-post-thumbnail","hentry","product_cat-komunia-swieta-szkatulki"],"_links":{"self":[{"href":"https:\/\/new.decoczar.pl\/index.php\/wp-json\/wp\/v2\/product\/15178","targetHints":{"allow":["GET"]}}],"collection":[{"href":"https:\/\/new.decoczar.pl\/index.php\/wp-json\/wp\/v2\/product"}],"about":[{"href":"https:\/\/new.decoczar.pl\/index.php\/wp-json\/wp\/v2\/types\/product"}],"replies":[{"embeddable":true,"href":"https:\/\/new.decoczar.pl\/index.php\/wp-json\/wp\/v2\/comments?post=15178"}],"wp:featuredmedia":[{"embeddable":true,"href":"https:\/\/new.decoczar.pl\/index.php\/wp-json\/wp\/v2\/media\/2197"}],"wp:attachment":[{"href":"https:\/\/new.decoczar.pl\/index.php\/wp-json\/wp\/v2\/media?parent=15178"}],"wp:term":[{"taxonomy":"brand","embeddable":true,"href":"https:\/\/new.decoczar.pl\/index.php\/wp-json\/wp\/v2\/etheme_brands?post=15178"},{"taxonomy":"product_cat","embeddable":true,"href":"https:\/\/new.decoczar.pl\/index.php\/wp-json\/wp\/v2\/product_cat?post=15178"},{"taxonomy":"product_tag","embeddable":true,"href":"https:\/\/new.decoczar.pl\/index.php\/wp-json\/wp\/v2\/product_tag?post=15178"}],"curies":[{"name":"wp","href":"https:\/\/api.w.org\/{rel}","templated":true}]}}