{"id":16225,"date":"2024-05-13T23:00:20","date_gmt":"2024-05-13T21:00:20","guid":{"rendered":"http:\/\/new.decoczar.pl\/index.php\/product\/stelaz-pod-rtv-metalowy-industrialny-loft-27\/"},"modified":"2024-05-13T23:00:20","modified_gmt":"2024-05-13T21:00:20","slug":"stelaz-pod-rtv-metalowy-industrialny-loft-27","status":"publish","type":"product","link":"https:\/\/new.decoczar.pl\/index.php\/product\/stelaz-pod-rtv-metalowy-industrialny-loft-27\/","title":{"rendered":"STELA\u017b POD RTV METALOWY INDUSTRIALNY \/ LOFT"},"content":{"rendered":"<p>Rega\u0142 loft<\/p>\n<p> \tWymiary 200 x 60 x40 cm (szeroko\u015b\u0107, wysoko\u015b\u0107, g\u0142\u0119boko\u015b\u0107)<br \/>\n \tStela\u017c profil 2&#215;2 cm<br \/>\n \tMalowany proszkowo<br \/>\n \tCzas realizacji do 21 dni roboczych po zaksi\u0119gowaniu wp\u0142aty<br \/>\n \tTYLKO ODBI\u00d3R OSOBISTY (WARSZAWA BR\u00d3DNO lub Okolice Legionowa )<br \/>\n \tMo\u017cliwo\u015b\u0107 wykonania rtv z p\u00f3\u0142kami<br \/>\n \tPodklejone podk\u0142adk\u0105 by zabezpieczy\u0107 przed zarysowaniem pod\u0142\u00f3g.<\/p>\n","protected":false},"excerpt":{"rendered":"<p>Rega\u0142 loft<\/p>\n<p> \tWymiary 200 x 60 x40 cm (szeroko\u015b\u0107, wysoko\u015b\u0107, g\u0142\u0119boko\u015b\u0107)<br \/>\n \tStela\u017c profil 2&#215;2 cm<br \/>\n \tMalowany proszkowo<br \/>\n \tCzas realizacji do 21 dni roboczych po zaksi\u0119gowaniu wp\u0142aty<br \/>\n \tTYLKO ODBI\u00d3R OSOBISTY (WARSZAWA BR\u00d3DNO lub Okolice Legionowa )<br \/>\n \tMo\u017cliwo\u015b\u0107 wykonania rtv z p\u00f3\u0142kami<br \/>\n \tPodklejone podk\u0142adk\u0105 by zabezpieczy\u0107 przed zarysowaniem pod\u0142\u00f3g.<\/p>\n","protected":false},"featured_media":2129,"comment_status":"open","ping_status":"closed","template":"","meta":[],"etheme_brands":[],"product_cat":[50],"product_tag":[],"class_list":["post-16225","product","type-product","status-publish","has-post-thumbnail","hentry","product_cat-podstawy-metalowe-stelaze-stojaki"],"_links":{"self":[{"href":"https:\/\/new.decoczar.pl\/index.php\/wp-json\/wp\/v2\/product\/16225","targetHints":{"allow":["GET"]}}],"collection":[{"href":"https:\/\/new.decoczar.pl\/index.php\/wp-json\/wp\/v2\/product"}],"about":[{"href":"https:\/\/new.decoczar.pl\/index.php\/wp-json\/wp\/v2\/types\/product"}],"replies":[{"embeddable":true,"href":"https:\/\/new.decoczar.pl\/index.php\/wp-json\/wp\/v2\/comments?post=16225"}],"wp:featuredmedia":[{"embeddable":true,"href":"https:\/\/new.decoczar.pl\/index.php\/wp-json\/wp\/v2\/media\/2129"}],"wp:attachment":[{"href":"https:\/\/new.decoczar.pl\/index.php\/wp-json\/wp\/v2\/media?parent=16225"}],"wp:term":[{"taxonomy":"brand","embeddable":true,"href":"https:\/\/new.decoczar.pl\/index.php\/wp-json\/wp\/v2\/etheme_brands?post=16225"},{"taxonomy":"product_cat","embeddable":true,"href":"https:\/\/new.decoczar.pl\/index.php\/wp-json\/wp\/v2\/product_cat?post=16225"},{"taxonomy":"product_tag","embeddable":true,"href":"https:\/\/new.decoczar.pl\/index.php\/wp-json\/wp\/v2\/product_tag?post=16225"}],"curies":[{"name":"wp","href":"https:\/\/api.w.org\/{rel}","templated":true}]}}