{"id":16839,"date":"2024-05-30T20:23:04","date_gmt":"2024-05-30T18:23:04","guid":{"rendered":"http:\/\/new.decoczar.pl\/index.php\/product\/ramka-z-grawerem-200\/"},"modified":"2024-05-30T20:23:04","modified_gmt":"2024-05-30T18:23:04","slug":"ramka-z-grawerem-200","status":"publish","type":"product","link":"https:\/\/new.decoczar.pl\/index.php\/product\/ramka-z-grawerem-200\/","title":{"rendered":"Ramka z grawerem"},"content":{"rendered":"<p>Ramka z drewnianymi serduszkami i grawerem.<\/p>\n<p>Upominek ten idealnie b\u0119dzie pasowa\u0142 na uroczysto\u015bci Dzie\u0144 Nauczyciela gdy b\u0119dziemy chcieli podzi\u0119kowa\u0107 wychowawcy w trud w\u0142o\u017cony w nasze wychowanie !<\/p>\n<p>Niebanalny pomys\u0142, kt\u00f3remu indywidualnie nadasz unikalno\u015bci i charakteru.<\/p>\n<p>Istnieje mo\u017cliwo\u015b\u0107 dowolnego graweru na centralnym serduszku<\/p>\n","protected":false},"excerpt":{"rendered":"<p>Ramka z drewnianymi serduszkami i grawerem.<\/p>\n<p>Upominek ten idealnie b\u0119dzie pasowa\u0142 na uroczysto\u015bci Dzie\u0144 Nauczyciela gdy b\u0119dziemy chcieli podzi\u0119kowa\u0107 wychowawcy w trud w\u0142o\u017cony w nasze wychowanie !<\/p>\n<p>Niebanalny pomys\u0142, kt\u00f3remu indywidualnie nadasz unikalno\u015bci i charakteru.<\/p>\n<p>Istnieje mo\u017cliwo\u015b\u0107 dowolnego graweru na centralnym serduszku<\/p>\n","protected":false},"featured_media":4348,"comment_status":"open","ping_status":"closed","template":"","meta":[],"etheme_brands":[],"product_cat":[77],"product_tag":[],"class_list":["post-16839","product","type-product","status-publish","has-post-thumbnail","hentry","product_cat-dzien-nauczyciela-zakonczenie-roku"],"_links":{"self":[{"href":"https:\/\/new.decoczar.pl\/index.php\/wp-json\/wp\/v2\/product\/16839","targetHints":{"allow":["GET"]}}],"collection":[{"href":"https:\/\/new.decoczar.pl\/index.php\/wp-json\/wp\/v2\/product"}],"about":[{"href":"https:\/\/new.decoczar.pl\/index.php\/wp-json\/wp\/v2\/types\/product"}],"replies":[{"embeddable":true,"href":"https:\/\/new.decoczar.pl\/index.php\/wp-json\/wp\/v2\/comments?post=16839"}],"wp:featuredmedia":[{"embeddable":true,"href":"https:\/\/new.decoczar.pl\/index.php\/wp-json\/wp\/v2\/media\/4348"}],"wp:attachment":[{"href":"https:\/\/new.decoczar.pl\/index.php\/wp-json\/wp\/v2\/media?parent=16839"}],"wp:term":[{"taxonomy":"brand","embeddable":true,"href":"https:\/\/new.decoczar.pl\/index.php\/wp-json\/wp\/v2\/etheme_brands?post=16839"},{"taxonomy":"product_cat","embeddable":true,"href":"https:\/\/new.decoczar.pl\/index.php\/wp-json\/wp\/v2\/product_cat?post=16839"},{"taxonomy":"product_tag","embeddable":true,"href":"https:\/\/new.decoczar.pl\/index.php\/wp-json\/wp\/v2\/product_tag?post=16839"}],"curies":[{"name":"wp","href":"https:\/\/api.w.org\/{rel}","templated":true}]}}