{"id":16897,"date":"2024-06-08T09:00:34","date_gmt":"2024-06-08T07:00:34","guid":{"rendered":"https:\/\/new.decoczar.pl\/index.php\/product\/noga-do-stolika-pajak-podstawa-metalowa-wys-50-cm-28\/"},"modified":"2024-06-08T09:00:34","modified_gmt":"2024-06-08T07:00:34","slug":"noga-do-stolika-pajak-podstawa-metalowa-wys-50-cm-28","status":"publish","type":"product","link":"https:\/\/new.decoczar.pl\/index.php\/product\/noga-do-stolika-pajak-podstawa-metalowa-wys-50-cm-28\/","title":{"rendered":"NOGA DO STOLIKA PAJ\u0104K \/ PODSTAWA METALOWA wys. 50 CM"},"content":{"rendered":"<p> \tWymiary : wysoko\u015b\u0107 50 cm<br \/>\n \tRozstaw ok 70 cm<br \/>\n \tMalowane proszkowo<br \/>\n \tWysy\u0142ka koszt 60 z\u0142 ( TYLKO WP\u0141ATA NA KONTO )<br \/>\n \tKolor Czarny mat (mo\u017cliwo\u015b\u0107 zmiany koloru na z\u0142oty\/ bia\u0142y )<br \/>\n \tProfil 60&#215;60 mm<br \/>\n \tNa dole do\u0142\u0105czone s\u0105 filcowe nak\u0142adki aby nie rysowa\u0142y pod\u0142ogi<br \/>\n \tCzas realizacji 21 dni roboczych po zaksi\u0119gowaniu wp\u0142aty<br \/>\n \tProdukt posiada\u00a0 otwory monta\u017cowe i z \u0142atwo\u015bci\u0105 mo\u017cna\u00a0 je przykr\u0119ci\u0107 do blatu\u00a0poprzez przykr\u0119cenie\u00a0 wkr\u0119t\u00f3w od do\u0142u<br \/>\n \tPRODUKT POLSKI<\/p>\n","protected":false},"excerpt":{"rendered":"<p> \tWymiary : wysoko\u015b\u0107 50 cm<br \/>\n \tRozstaw ok 70 cm<br \/>\n \tMalowane proszkowo<br \/>\n \tWysy\u0142ka koszt 60 z\u0142 ( TYLKO WP\u0141ATA NA KONTO )<br \/>\n \tKolor Czarny mat (mo\u017cliwo\u015b\u0107 zmiany koloru na z\u0142oty\/ bia\u0142y )<br \/>\n \tProfil 60&#215;60 mm<br \/>\n \tNa dole do\u0142\u0105czone s\u0105 filcowe nak\u0142adki aby nie rysowa\u0142y pod\u0142ogi<br \/>\n \tCzas realizacji 21 dni roboczych po zaksi\u0119gowaniu wp\u0142aty<br \/>\n \tProdukt posiada\u00a0 otwory monta\u017cowe i z \u0142atwo\u015bci\u0105 mo\u017cna\u00a0 je przykr\u0119ci\u0107 do blatu\u00a0poprzez przykr\u0119cenie\u00a0 wkr\u0119t\u00f3w od do\u0142u<br \/>\n \tPRODUKT POLSKI<\/p>\n","protected":false},"featured_media":4578,"comment_status":"open","ping_status":"closed","template":"","meta":[],"etheme_brands":[],"product_cat":[50],"product_tag":[],"class_list":["post-16897","product","type-product","status-publish","has-post-thumbnail","hentry","product_cat-podstawy-metalowe-stelaze-stojaki"],"_links":{"self":[{"href":"https:\/\/new.decoczar.pl\/index.php\/wp-json\/wp\/v2\/product\/16897","targetHints":{"allow":["GET"]}}],"collection":[{"href":"https:\/\/new.decoczar.pl\/index.php\/wp-json\/wp\/v2\/product"}],"about":[{"href":"https:\/\/new.decoczar.pl\/index.php\/wp-json\/wp\/v2\/types\/product"}],"replies":[{"embeddable":true,"href":"https:\/\/new.decoczar.pl\/index.php\/wp-json\/wp\/v2\/comments?post=16897"}],"wp:featuredmedia":[{"embeddable":true,"href":"https:\/\/new.decoczar.pl\/index.php\/wp-json\/wp\/v2\/media\/4578"}],"wp:attachment":[{"href":"https:\/\/new.decoczar.pl\/index.php\/wp-json\/wp\/v2\/media?parent=16897"}],"wp:term":[{"taxonomy":"brand","embeddable":true,"href":"https:\/\/new.decoczar.pl\/index.php\/wp-json\/wp\/v2\/etheme_brands?post=16897"},{"taxonomy":"product_cat","embeddable":true,"href":"https:\/\/new.decoczar.pl\/index.php\/wp-json\/wp\/v2\/product_cat?post=16897"},{"taxonomy":"product_tag","embeddable":true,"href":"https:\/\/new.decoczar.pl\/index.php\/wp-json\/wp\/v2\/product_tag?post=16897"}],"curies":[{"name":"wp","href":"https:\/\/api.w.org\/{rel}","templated":true}]}}