{"id":17066,"date":"2024-06-08T23:52:01","date_gmt":"2024-06-08T21:52:01","guid":{"rendered":"https:\/\/new.decoczar.pl\/index.php\/product\/noga-do-stolika-diament-podstawa-metalowa-70x70-28\/"},"modified":"2024-06-08T23:52:01","modified_gmt":"2024-06-08T21:52:01","slug":"noga-do-stolika-diament-podstawa-metalowa-70x70-28","status":"publish","type":"product","link":"https:\/\/new.decoczar.pl\/index.php\/product\/noga-do-stolika-diament-podstawa-metalowa-70x70-28\/","title":{"rendered":"NOGA DO STOLIKA DIAMENT \/ PODSTAWA METALOWA 70&#215;70"},"content":{"rendered":"<p> \tWymiary : 70 x 70 d\u00f3\u0142 50 cm<br \/>\n \tWysoko\u015b\u0107 40 cm<br \/>\n \tProfil 2&#215;2 cm<br \/>\n \tMalowane proszkowo<br \/>\n \tWysy\u0142ka 40 z\u0142 &#8211; TYLKO WP\u0141ATA NA KONTO<br \/>\n \tKolor Czarny mat<br \/>\n \tCzas realizacji 21 dni roboczych po zaksi\u0119gowaniu wp\u0142aty<br \/>\n \t\u00a0NIE WYSY\u0141AM ZA POBRANIEM<br \/>\n \tPRODUKT POLSKI !<br \/>\n \tDbamy o Twoje wn\u0119trze!&#x2611;&#xfe0f; Dlatego pod ka\u017cd\u0105 nog\u0119 przyklejamy podk\u0142adk\u0119 ze specjalnego filcu, kt\u00f3ry\u00a0chroni Twoj\u0105 pod\u0142og\u0119\u00a0przed zarysowaniami.<\/p>\n<p>\u00a0<\/p>\n","protected":false},"excerpt":{"rendered":"<p> \tWymiary : 70 x 70 d\u00f3\u0142 50 cm<br \/>\n \tWysoko\u015b\u0107 40 cm<br \/>\n \tProfil 2&#215;2 cm<br \/>\n \tMalowane proszkowo<br \/>\n \tWysy\u0142ka 40 z\u0142 &#8211; TYLKO WP\u0141ATA NA KONTO<br \/>\n \tKolor Czarny mat<br \/>\n \tCzas realizacji 21 dni roboczych po zaksi\u0119gowaniu wp\u0142aty<br \/>\n \t\u00a0NIE WYSY\u0141AM ZA POBRANIEM<br \/>\n \tPRODUKT POLSKI !<br \/>\n \tDbamy o Twoje wn\u0119trze!&#x2611;&#xfe0f; Dlatego pod ka\u017cd\u0105 nog\u0119 przyklejamy podk\u0142adk\u0119 ze specjalnego filcu, kt\u00f3ry\u00a0chroni Twoj\u0105 pod\u0142og\u0119\u00a0przed zarysowaniami.<\/p>\n<p>\u00a0<\/p>\n","protected":false},"featured_media":2731,"comment_status":"open","ping_status":"closed","template":"","meta":[],"etheme_brands":[],"product_cat":[50],"product_tag":[],"class_list":["post-17066","product","type-product","status-publish","has-post-thumbnail","hentry","product_cat-podstawy-metalowe-stelaze-stojaki"],"_links":{"self":[{"href":"https:\/\/new.decoczar.pl\/index.php\/wp-json\/wp\/v2\/product\/17066","targetHints":{"allow":["GET"]}}],"collection":[{"href":"https:\/\/new.decoczar.pl\/index.php\/wp-json\/wp\/v2\/product"}],"about":[{"href":"https:\/\/new.decoczar.pl\/index.php\/wp-json\/wp\/v2\/types\/product"}],"replies":[{"embeddable":true,"href":"https:\/\/new.decoczar.pl\/index.php\/wp-json\/wp\/v2\/comments?post=17066"}],"wp:featuredmedia":[{"embeddable":true,"href":"https:\/\/new.decoczar.pl\/index.php\/wp-json\/wp\/v2\/media\/2731"}],"wp:attachment":[{"href":"https:\/\/new.decoczar.pl\/index.php\/wp-json\/wp\/v2\/media?parent=17066"}],"wp:term":[{"taxonomy":"brand","embeddable":true,"href":"https:\/\/new.decoczar.pl\/index.php\/wp-json\/wp\/v2\/etheme_brands?post=17066"},{"taxonomy":"product_cat","embeddable":true,"href":"https:\/\/new.decoczar.pl\/index.php\/wp-json\/wp\/v2\/product_cat?post=17066"},{"taxonomy":"product_tag","embeddable":true,"href":"https:\/\/new.decoczar.pl\/index.php\/wp-json\/wp\/v2\/product_tag?post=17066"}],"curies":[{"name":"wp","href":"https:\/\/api.w.org\/{rel}","templated":true}]}}