{"id":17098,"date":"2024-06-08T23:52:33","date_gmt":"2024-06-08T21:52:33","guid":{"rendered":"https:\/\/new.decoczar.pl\/index.php\/product\/stojak-na-drewno-kominek-loft-120-cm-29\/"},"modified":"2024-06-08T23:52:33","modified_gmt":"2024-06-08T21:52:33","slug":"stojak-na-drewno-kominek-loft-120-cm-29","status":"publish","type":"product","link":"https:\/\/new.decoczar.pl\/index.php\/product\/stojak-na-drewno-kominek-loft-120-cm-29\/","title":{"rendered":"Stojak na drewno kominek loft 120 cm"},"content":{"rendered":"<p>Stojak na drewno<\/p>\n<p> \tWysoko\u015b\u0107 120 cm<br \/>\n \tSzeroko\u015b\u0107 30 cm<br \/>\n \tD\u0142ugo\u015b\u0107 30 cm<br \/>\n \tWykonany z profila 20&#215;20 cm<br \/>\n \tGrubo\u015b\u0107 \u015bcianek 2 mm<br \/>\n \tStojak malowany proszkowo<br \/>\n \tCzas realizacji 10-14 dni roboczych po zaksi\u0119gowaniu wp\u0142aty<\/p>\n<p> \tWysy\u0142ka TYLKO WP\u0141ATA NA KONTO !!! KURIER METAL 40 z\u0142<\/p>\n","protected":false},"excerpt":{"rendered":"<p>Stojak na drewno<\/p>\n<p> \tWysoko\u015b\u0107 120 cm<br \/>\n \tSzeroko\u015b\u0107 30 cm<br \/>\n \tD\u0142ugo\u015b\u0107 30 cm<br \/>\n \tWykonany z profila 20&#215;20 cm<br \/>\n \tGrubo\u015b\u0107 \u015bcianek 2 mm<br \/>\n \tStojak malowany proszkowo<br \/>\n \tCzas realizacji 10-14 dni roboczych po zaksi\u0119gowaniu wp\u0142aty<\/p>\n<p> \tWysy\u0142ka TYLKO WP\u0141ATA NA KONTO !!! KURIER METAL 40 z\u0142<\/p>\n","protected":false},"featured_media":2867,"comment_status":"open","ping_status":"closed","template":"","meta":[],"etheme_brands":[],"product_cat":[50],"product_tag":[],"class_list":["post-17098","product","type-product","status-publish","has-post-thumbnail","hentry","product_cat-podstawy-metalowe-stelaze-stojaki"],"_links":{"self":[{"href":"https:\/\/new.decoczar.pl\/index.php\/wp-json\/wp\/v2\/product\/17098","targetHints":{"allow":["GET"]}}],"collection":[{"href":"https:\/\/new.decoczar.pl\/index.php\/wp-json\/wp\/v2\/product"}],"about":[{"href":"https:\/\/new.decoczar.pl\/index.php\/wp-json\/wp\/v2\/types\/product"}],"replies":[{"embeddable":true,"href":"https:\/\/new.decoczar.pl\/index.php\/wp-json\/wp\/v2\/comments?post=17098"}],"wp:featuredmedia":[{"embeddable":true,"href":"https:\/\/new.decoczar.pl\/index.php\/wp-json\/wp\/v2\/media\/2867"}],"wp:attachment":[{"href":"https:\/\/new.decoczar.pl\/index.php\/wp-json\/wp\/v2\/media?parent=17098"}],"wp:term":[{"taxonomy":"brand","embeddable":true,"href":"https:\/\/new.decoczar.pl\/index.php\/wp-json\/wp\/v2\/etheme_brands?post=17098"},{"taxonomy":"product_cat","embeddable":true,"href":"https:\/\/new.decoczar.pl\/index.php\/wp-json\/wp\/v2\/product_cat?post=17098"},{"taxonomy":"product_tag","embeddable":true,"href":"https:\/\/new.decoczar.pl\/index.php\/wp-json\/wp\/v2\/product_tag?post=17098"}],"curies":[{"name":"wp","href":"https:\/\/api.w.org\/{rel}","templated":true}]}}