{"id":17121,"date":"2024-06-10T02:21:09","date_gmt":"2024-06-10T00:21:09","guid":{"rendered":"http:\/\/new.decoczar.pl\/index.php\/product\/noga-metalowa-3-prety-hairpin-40-cm-29\/"},"modified":"2024-06-10T02:21:09","modified_gmt":"2024-06-10T00:21:09","slug":"noga-metalowa-3-prety-hairpin-40-cm-29","status":"publish","type":"product","link":"https:\/\/new.decoczar.pl\/index.php\/product\/noga-metalowa-3-prety-hairpin-40-cm-29\/","title":{"rendered":"NOGA metalowa 3 PR\u0118TY Hairpin 40 cm"},"content":{"rendered":"<p>Noga z pr\u0119ta<\/p>\n<p> \tWymiary 40 cm<br \/>\n \tGrubo\u015b\u0107 pr\u0119ta 10 mm<br \/>\n \tKolor czarny\/bia\u0142y\/z\u0142oty\/srebrny<br \/>\n \tOtwory monta\u017cowe<br \/>\n \tWysy\u0142ka tylko kurier &#8211; wp\u0142ata na konto<br \/>\n \tCzas realizacji do 10 dni po zaksi\u0119gowaniu wp\u0142aty ( Czas realizacji zam\u00f3wienia do trzech tygodni od z\u0142o\u017cenia zam\u00f3wienia , w przypadku du\u017cej liczby zam\u00f3wie\u0144 czas realizacji mo\u017ce si\u0119 wyd\u0142u\u017cy\u0107 o czym informujemy mailowo.)<br \/>\n \tpowy\u017cej 3 szt wysy\u0142ka kurier metal 25 z\u0142<\/p>\n","protected":false},"excerpt":{"rendered":"<p>Noga z pr\u0119ta<\/p>\n<p> \tWymiary 40 cm<br \/>\n \tGrubo\u015b\u0107 pr\u0119ta 10 mm<br \/>\n \tKolor czarny\/bia\u0142y\/z\u0142oty\/srebrny<br \/>\n \tOtwory monta\u017cowe<br \/>\n \tWysy\u0142ka tylko kurier &#8211; wp\u0142ata na konto<br \/>\n \tCzas realizacji do 10 dni po zaksi\u0119gowaniu wp\u0142aty ( Czas realizacji zam\u00f3wienia do trzech tygodni od z\u0142o\u017cenia zam\u00f3wienia , w przypadku du\u017cej liczby zam\u00f3wie\u0144 czas realizacji mo\u017ce si\u0119 wyd\u0142u\u017cy\u0107 o czym informujemy mailowo.)<br \/>\n \tpowy\u017cej 3 szt wysy\u0142ka kurier metal 25 z\u0142<\/p>\n","protected":false},"featured_media":2991,"comment_status":"open","ping_status":"closed","template":"","meta":[],"etheme_brands":[],"product_cat":[50],"product_tag":[],"class_list":["post-17121","product","type-product","status-publish","has-post-thumbnail","hentry","product_cat-podstawy-metalowe-stelaze-stojaki"],"_links":{"self":[{"href":"https:\/\/new.decoczar.pl\/index.php\/wp-json\/wp\/v2\/product\/17121","targetHints":{"allow":["GET"]}}],"collection":[{"href":"https:\/\/new.decoczar.pl\/index.php\/wp-json\/wp\/v2\/product"}],"about":[{"href":"https:\/\/new.decoczar.pl\/index.php\/wp-json\/wp\/v2\/types\/product"}],"replies":[{"embeddable":true,"href":"https:\/\/new.decoczar.pl\/index.php\/wp-json\/wp\/v2\/comments?post=17121"}],"wp:featuredmedia":[{"embeddable":true,"href":"https:\/\/new.decoczar.pl\/index.php\/wp-json\/wp\/v2\/media\/2991"}],"wp:attachment":[{"href":"https:\/\/new.decoczar.pl\/index.php\/wp-json\/wp\/v2\/media?parent=17121"}],"wp:term":[{"taxonomy":"brand","embeddable":true,"href":"https:\/\/new.decoczar.pl\/index.php\/wp-json\/wp\/v2\/etheme_brands?post=17121"},{"taxonomy":"product_cat","embeddable":true,"href":"https:\/\/new.decoczar.pl\/index.php\/wp-json\/wp\/v2\/product_cat?post=17121"},{"taxonomy":"product_tag","embeddable":true,"href":"https:\/\/new.decoczar.pl\/index.php\/wp-json\/wp\/v2\/product_tag?post=17121"}],"curies":[{"name":"wp","href":"https:\/\/api.w.org\/{rel}","templated":true}]}}