{"id":17196,"date":"2024-06-21T03:23:23","date_gmt":"2024-06-21T01:23:23","guid":{"rendered":"http:\/\/new.decoczar.pl\/index.php\/product\/wieszak-drewniany-rustykalny-loft-1-kpl-4\/"},"modified":"2024-06-21T03:23:23","modified_gmt":"2024-06-21T01:23:23","slug":"wieszak-drewniany-rustykalny-loft-1-kpl-4","status":"publish","type":"product","link":"https:\/\/new.decoczar.pl\/index.php\/product\/wieszak-drewniany-rustykalny-loft-1-kpl-4\/","title":{"rendered":"WIESZAK DREWNIANY RUSTYKALNY\/LOFT 1 kpl."},"content":{"rendered":"<p>Wieszak rustykalny<\/p>\n<p> \tD\u0142ugo\u015b\u0107 ok 33 cm<br \/>\n \tSzeroko\u015b\u0107 ok 10-12 cm<br \/>\n \tgrubo\u015b\u0107 ok 2-3\u00a0 cm<br \/>\n \tWieszak posiada 2 haki.<br \/>\n \tWieszak jest mocowany do \u015bciany za pomoc\u0105 zawieszek stalowych<br \/>\n \tWysy\u0142ka kurier \/ pobranie<br \/>\n \tDost\u0119pne od r\u0119ki<\/p>\n","protected":false},"excerpt":{"rendered":"<p>Wieszak rustykalny<\/p>\n<p> \tD\u0142ugo\u015b\u0107 ok 33 cm<br \/>\n \tSzeroko\u015b\u0107 ok 10-12 cm<br \/>\n \tgrubo\u015b\u0107 ok 2-3\u00a0 cm<br \/>\n \tWieszak posiada 2 haki.<br \/>\n \tWieszak jest mocowany do \u015bciany za pomoc\u0105 zawieszek stalowych<br \/>\n \tWysy\u0142ka kurier \/ pobranie<br \/>\n \tDost\u0119pne od r\u0119ki<\/p>\n","protected":false},"featured_media":0,"comment_status":"open","ping_status":"closed","template":"","meta":[],"etheme_brands":[],"product_cat":[278],"product_tag":[],"class_list":["post-17196","product","type-product","status-publish","hentry","product_cat-dostepne-od-reki-polki-loft"],"_links":{"self":[{"href":"https:\/\/new.decoczar.pl\/index.php\/wp-json\/wp\/v2\/product\/17196","targetHints":{"allow":["GET"]}}],"collection":[{"href":"https:\/\/new.decoczar.pl\/index.php\/wp-json\/wp\/v2\/product"}],"about":[{"href":"https:\/\/new.decoczar.pl\/index.php\/wp-json\/wp\/v2\/types\/product"}],"replies":[{"embeddable":true,"href":"https:\/\/new.decoczar.pl\/index.php\/wp-json\/wp\/v2\/comments?post=17196"}],"wp:attachment":[{"href":"https:\/\/new.decoczar.pl\/index.php\/wp-json\/wp\/v2\/media?parent=17196"}],"wp:term":[{"taxonomy":"brand","embeddable":true,"href":"https:\/\/new.decoczar.pl\/index.php\/wp-json\/wp\/v2\/etheme_brands?post=17196"},{"taxonomy":"product_cat","embeddable":true,"href":"https:\/\/new.decoczar.pl\/index.php\/wp-json\/wp\/v2\/product_cat?post=17196"},{"taxonomy":"product_tag","embeddable":true,"href":"https:\/\/new.decoczar.pl\/index.php\/wp-json\/wp\/v2\/product_tag?post=17196"}],"curies":[{"name":"wp","href":"https:\/\/api.w.org\/{rel}","templated":true}]}}