{"id":17234,"date":"2024-06-21T03:23:29","date_gmt":"2024-06-21T01:23:29","guid":{"rendered":"http:\/\/new.decoczar.pl\/index.php\/product\/stelaz-pomocnik-kawowy-loft-57\/"},"modified":"2024-06-21T03:23:29","modified_gmt":"2024-06-21T01:23:29","slug":"stelaz-pomocnik-kawowy-loft-57","status":"publish","type":"product","link":"https:\/\/new.decoczar.pl\/index.php\/product\/stelaz-pomocnik-kawowy-loft-57\/","title":{"rendered":"STELA\u017b POMOCNIK KAWOWY LOFT"},"content":{"rendered":"<p>Cechy produktu:<\/p>\n<p> \tStela\u017c pod pomocnik<br \/>\n \tWymiary 40&#215;30 cm<br \/>\n \tWysoko\u015b\u0107 62 cm<br \/>\n \tProfil 2&#215;2 cm<br \/>\n \tStela\u017ce wykonane w ca\u0142o\u015bci &#8211; spawane.<br \/>\n \tRama malowana proszkowo na czarny mat.<br \/>\n \tIstnieje mo\u017cliwo\u015b\u0107 wykonania dowolnego stela\u017ca w dowolnych wymiarach i kolorystyce.<br \/>\n \tWysy\u0142ka 25 z\u0142 ( WP\u0141ATA NA KONTO &#8211; NIE WYSY\u0141AM ZA POBRANIEM<br \/>\n \tCzas realizacji 10 dni roboczych po zaksi\u0119gowaniu wp\u0142aty<br \/>\n \tWszystkie spawy s\u0105 staranie szlifowane co wida\u0107 na zdj\u0119ciach<br \/>\n \tStela\u017c standardowo ma przygotowane otwory pod wkr\u0119t do drewna<br \/>\n \tProdukt w ca\u0142o\u015bci wykonany w Polsce. Kupuj\u0105c u nas wspierasz Polsk\u0105 przedsi\u0119biorczo\u015b\u0107<br \/>\n \tDbamy o Twoje wn\u0119trze!&#x2611;&#xfe0f; Dlatego pod ka\u017cd\u0105 nog\u0119 przyklejamy podk\u0142adk\u0119 ze specjalnego filcu, kt\u00f3ry\u00a0chroni Twoj\u0105 pod\u0142og\u0119\u00a0przed zarysowaniami.<\/p>\n<p>\u00a0<\/p>\n<p>\u00a0<\/p>\n","protected":false},"excerpt":{"rendered":"<p>Cechy produktu:<\/p>\n<p> \tStela\u017c pod pomocnik<br \/>\n \tWymiary 40&#215;30 cm<br \/>\n \tWysoko\u015b\u0107 62 cm<br \/>\n \tProfil 2&#215;2 cm<br \/>\n \tStela\u017ce wykonane w ca\u0142o\u015bci &#8211; spawane.<br \/>\n \tRama malowana proszkowo na czarny mat.<br \/>\n \tIstnieje mo\u017cliwo\u015b\u0107 wykonania dowolnego stela\u017ca w dowolnych wymiarach i kolorystyce.<br \/>\n \tWysy\u0142ka 25 z\u0142 ( WP\u0141ATA NA KONTO &#8211; NIE WYSY\u0141AM ZA POBRANIEM<br \/>\n \tCzas realizacji 10 dni roboczych po zaksi\u0119gowaniu wp\u0142aty<br \/>\n \tWszystkie spawy s\u0105 staranie szlifowane co wida\u0107 na zdj\u0119ciach<br \/>\n \tStela\u017c standardowo ma przygotowane otwory pod wkr\u0119t do drewna<br \/>\n \tProdukt w ca\u0142o\u015bci wykonany w Polsce. Kupuj\u0105c u nas wspierasz Polsk\u0105 przedsi\u0119biorczo\u015b\u0107<br \/>\n \tDbamy o Twoje wn\u0119trze!&#x2611;&#xfe0f; Dlatego pod ka\u017cd\u0105 nog\u0119 przyklejamy podk\u0142adk\u0119 ze specjalnego filcu, kt\u00f3ry\u00a0chroni Twoj\u0105 pod\u0142og\u0119\u00a0przed zarysowaniami.<\/p>\n<p>\u00a0<\/p>\n<p>\u00a0<\/p>\n","protected":false},"featured_media":4562,"comment_status":"open","ping_status":"closed","template":"","meta":[],"etheme_brands":[],"product_cat":[50],"product_tag":[],"class_list":["post-17234","product","type-product","status-publish","has-post-thumbnail","hentry","product_cat-podstawy-metalowe-stelaze-stojaki"],"_links":{"self":[{"href":"https:\/\/new.decoczar.pl\/index.php\/wp-json\/wp\/v2\/product\/17234","targetHints":{"allow":["GET"]}}],"collection":[{"href":"https:\/\/new.decoczar.pl\/index.php\/wp-json\/wp\/v2\/product"}],"about":[{"href":"https:\/\/new.decoczar.pl\/index.php\/wp-json\/wp\/v2\/types\/product"}],"replies":[{"embeddable":true,"href":"https:\/\/new.decoczar.pl\/index.php\/wp-json\/wp\/v2\/comments?post=17234"}],"wp:featuredmedia":[{"embeddable":true,"href":"https:\/\/new.decoczar.pl\/index.php\/wp-json\/wp\/v2\/media\/4562"}],"wp:attachment":[{"href":"https:\/\/new.decoczar.pl\/index.php\/wp-json\/wp\/v2\/media?parent=17234"}],"wp:term":[{"taxonomy":"brand","embeddable":true,"href":"https:\/\/new.decoczar.pl\/index.php\/wp-json\/wp\/v2\/etheme_brands?post=17234"},{"taxonomy":"product_cat","embeddable":true,"href":"https:\/\/new.decoczar.pl\/index.php\/wp-json\/wp\/v2\/product_cat?post=17234"},{"taxonomy":"product_tag","embeddable":true,"href":"https:\/\/new.decoczar.pl\/index.php\/wp-json\/wp\/v2\/product_tag?post=17234"}],"curies":[{"name":"wp","href":"https:\/\/api.w.org\/{rel}","templated":true}]}}