{"id":17506,"date":"2024-06-22T15:34:30","date_gmt":"2024-06-22T13:34:30","guid":{"rendered":"http:\/\/new.decoczar.pl\/index.php\/product\/zestaw-mucha-drewniana-najlepszy-swiadek-i-spinki-30\/"},"modified":"2024-06-22T15:34:30","modified_gmt":"2024-06-22T13:34:30","slug":"zestaw-mucha-drewniana-najlepszy-swiadek-i-spinki-30","status":"publish","type":"product","link":"https:\/\/new.decoczar.pl\/index.php\/product\/zestaw-mucha-drewniana-najlepszy-swiadek-i-spinki-30\/","title":{"rendered":"Zestaw Mucha Drewniana &#8222;Najlepszy \u015awiadek&#8221; i Spinki"},"content":{"rendered":"<p>Muszki drewniane to nowo\u015b\u0107 w modzie m\u0119skiej !!!<\/p>\n<p>Stylowy dodatek dla odwa\u017cnych m\u0119\u017cczyzn.<\/p>\n<p>Muszka doskonale nadaje si\u0119 na prezent dla Pana M\u0142odego b\u0105d\u017a podzi\u0119kowanie dla \u015bwiadka<\/p>\n<p>Po\u0142\u0105czenie tradycji z nowoczesno\u015bci\u0105 przy u\u017cyciu naturalnych materia\u0142\u00f3w doskonale wpisuje si\u0119 w dzisiejsze trendy.<\/p>\n<p>Produkt wycinany laserem, dzi\u0119ki temu wykonanie jest bardzo staranne i solidne.\u00a0Opalenia przy kraw\u0119dziach s\u0105 charakterystyczn\u0105 cech\u0105 obr\u00f3bki laserowej, je\u015bli jednak przeszkadza Ci ten efekt, mo\u017cesz za pomoc\u0105 papieru \u015bciernego delikatnie przeszlifowa\u0107 miejsca przebarwie\u0144.<\/p>\n<p>Oryginalne spinki do mankiet\u00f3w koszuli m\u0119skiej. Spinki zosta\u0142y wykonane z drewna, zapi\u0119cie metalowe z chropowatym zako\u0144czeniem. Te ma\u0142e i niepowtarzalne dodatki dodadz\u0105 Twojej stylizacji charakteru i wyj\u0105tkowo\u015bci. Komplet zapakowany jest w pude\u0142ko. \u015awietnie nadaje si\u0119 jako prezent urodzinowy,podzi\u0119kowanie,\u015blub. \u015awietnie sprawdz\u0105 si\u0119 w duecie z nasz\u0105 much\u0105.<\/p>\n<p>.<\/p>\n","protected":false},"excerpt":{"rendered":"<p>Muszki drewniane to nowo\u015b\u0107 w modzie m\u0119skiej !!!<\/p>\n<p>Stylowy dodatek dla odwa\u017cnych m\u0119\u017cczyzn.<\/p>\n<p>Muszka doskonale nadaje si\u0119 na prezent dla Pana M\u0142odego b\u0105d\u017a podzi\u0119kowanie dla \u015bwiadka<\/p>\n<p>Po\u0142\u0105czenie tradycji z nowoczesno\u015bci\u0105 przy u\u017cyciu naturalnych materia\u0142\u00f3w doskonale wpisuje si\u0119 w dzisiejsze trendy.<\/p>\n<p>Produkt wycinany laserem, dzi\u0119ki temu wykonanie jest bardzo staranne i solidne.\u00a0Opalenia przy kraw\u0119dziach s\u0105 charakterystyczn\u0105 cech\u0105 obr\u00f3bki laserowej, je\u015bli jednak przeszkadza Ci ten efekt, mo\u017cesz za pomoc\u0105 papieru \u015bciernego delikatnie przeszlifowa\u0107 miejsca przebarwie\u0144.<\/p>\n<p>Oryginalne spinki do mankiet\u00f3w koszuli m\u0119skiej. Spinki zosta\u0142y wykonane z drewna, zapi\u0119cie metalowe z chropowatym zako\u0144czeniem. Te ma\u0142e i niepowtarzalne dodatki dodadz\u0105 Twojej stylizacji charakteru i wyj\u0105tkowo\u015bci. Komplet zapakowany jest w pude\u0142ko. \u015awietnie nadaje si\u0119 jako prezent urodzinowy,podzi\u0119kowanie,\u015blub. \u015awietnie sprawdz\u0105 si\u0119 w duecie z nasz\u0105 much\u0105.<\/p>\n<p>.<\/p>\n","protected":false},"featured_media":3740,"comment_status":"open","ping_status":"closed","template":"","meta":[],"etheme_brands":[],"product_cat":[132],"product_tag":[],"class_list":["post-17506","product","type-product","status-publish","has-post-thumbnail","hentry","product_cat-slub-dekoracje-spinki-i-muchy-drewniane-dodatki"],"_links":{"self":[{"href":"https:\/\/new.decoczar.pl\/index.php\/wp-json\/wp\/v2\/product\/17506","targetHints":{"allow":["GET"]}}],"collection":[{"href":"https:\/\/new.decoczar.pl\/index.php\/wp-json\/wp\/v2\/product"}],"about":[{"href":"https:\/\/new.decoczar.pl\/index.php\/wp-json\/wp\/v2\/types\/product"}],"replies":[{"embeddable":true,"href":"https:\/\/new.decoczar.pl\/index.php\/wp-json\/wp\/v2\/comments?post=17506"}],"wp:featuredmedia":[{"embeddable":true,"href":"https:\/\/new.decoczar.pl\/index.php\/wp-json\/wp\/v2\/media\/3740"}],"wp:attachment":[{"href":"https:\/\/new.decoczar.pl\/index.php\/wp-json\/wp\/v2\/media?parent=17506"}],"wp:term":[{"taxonomy":"brand","embeddable":true,"href":"https:\/\/new.decoczar.pl\/index.php\/wp-json\/wp\/v2\/etheme_brands?post=17506"},{"taxonomy":"product_cat","embeddable":true,"href":"https:\/\/new.decoczar.pl\/index.php\/wp-json\/wp\/v2\/product_cat?post=17506"},{"taxonomy":"product_tag","embeddable":true,"href":"https:\/\/new.decoczar.pl\/index.php\/wp-json\/wp\/v2\/product_tag?post=17506"}],"curies":[{"name":"wp","href":"https:\/\/api.w.org\/{rel}","templated":true}]}}