{"id":17895,"date":"2024-07-12T10:49:58","date_gmt":"2024-07-12T08:49:58","guid":{"rendered":"http:\/\/new.decoczar.pl\/index.php\/product\/serce-dekoracyjne-drewniane-z-zywicy-morskie-fiolet-22\/"},"modified":"2024-07-12T10:49:58","modified_gmt":"2024-07-12T08:49:58","slug":"serce-dekoracyjne-drewniane-z-zywicy-morskie-fiolet-22","status":"publish","type":"product","link":"https:\/\/new.decoczar.pl\/index.php\/product\/serce-dekoracyjne-drewniane-z-zywicy-morskie-fiolet-22\/","title":{"rendered":"Serce dekoracyjne drewniane z \u017cywicy MORSKIE FIOLET"},"content":{"rendered":"<p> \tWymiary : 25 x 24 cm, wysoko\u015b\u0107 1,5 cm<br \/>\n \tDeska bukowa<br \/>\n \tKolor fioletowy, bia\u0142y + brokatowy pigment<br \/>\n \tW uwagach do zam\u00f3wienia prosz\u0119 wpisa\u0107 wszelkie zmiany<br \/>\n \tCzas realizacji 5-7 dni roboczych po zaksi\u0119gowaniu wp\u0142aty (praca z \u017cywic\u0105 uzale\u017cniona jest od pogody )<br \/>\n \tProdukt wykonany r\u0119cznie<\/p>\n","protected":false},"excerpt":{"rendered":"<p> \tWymiary : 25 x 24 cm, wysoko\u015b\u0107 1,5 cm<br \/>\n \tDeska bukowa<br \/>\n \tKolor fioletowy, bia\u0142y + brokatowy pigment<br \/>\n \tW uwagach do zam\u00f3wienia prosz\u0119 wpisa\u0107 wszelkie zmiany<br \/>\n \tCzas realizacji 5-7 dni roboczych po zaksi\u0119gowaniu wp\u0142aty (praca z \u017cywic\u0105 uzale\u017cniona jest od pogody )<br \/>\n \tProdukt wykonany r\u0119cznie<\/p>\n","protected":false},"featured_media":10093,"comment_status":"open","ping_status":"closed","template":"","meta":[],"etheme_brands":[],"product_cat":[230],"product_tag":[],"class_list":["post-17895","product","type-product","status-publish","has-post-thumbnail","hentry","product_cat-dostepne-od-reki-promocja-tace-dekoracyjne"],"_links":{"self":[{"href":"https:\/\/new.decoczar.pl\/index.php\/wp-json\/wp\/v2\/product\/17895","targetHints":{"allow":["GET"]}}],"collection":[{"href":"https:\/\/new.decoczar.pl\/index.php\/wp-json\/wp\/v2\/product"}],"about":[{"href":"https:\/\/new.decoczar.pl\/index.php\/wp-json\/wp\/v2\/types\/product"}],"replies":[{"embeddable":true,"href":"https:\/\/new.decoczar.pl\/index.php\/wp-json\/wp\/v2\/comments?post=17895"}],"wp:featuredmedia":[{"embeddable":true,"href":"https:\/\/new.decoczar.pl\/index.php\/wp-json\/wp\/v2\/media\/10093"}],"wp:attachment":[{"href":"https:\/\/new.decoczar.pl\/index.php\/wp-json\/wp\/v2\/media?parent=17895"}],"wp:term":[{"taxonomy":"brand","embeddable":true,"href":"https:\/\/new.decoczar.pl\/index.php\/wp-json\/wp\/v2\/etheme_brands?post=17895"},{"taxonomy":"product_cat","embeddable":true,"href":"https:\/\/new.decoczar.pl\/index.php\/wp-json\/wp\/v2\/product_cat?post=17895"},{"taxonomy":"product_tag","embeddable":true,"href":"https:\/\/new.decoczar.pl\/index.php\/wp-json\/wp\/v2\/product_tag?post=17895"}],"curies":[{"name":"wp","href":"https:\/\/api.w.org\/{rel}","templated":true}]}}