{"id":17988,"date":"2024-07-14T02:07:17","date_gmt":"2024-07-14T00:07:17","guid":{"rendered":"https:\/\/new.decoczar.pl\/index.php\/product\/stolik-debowy-drewniany-jasny-kawowy-gratis-32\/"},"modified":"2024-07-14T02:07:17","modified_gmt":"2024-07-14T00:07:17","slug":"stolik-debowy-drewniany-jasny-kawowy-gratis-32","status":"publish","type":"product","link":"https:\/\/new.decoczar.pl\/index.php\/product\/stolik-debowy-drewniany-jasny-kawowy-gratis-32\/","title":{"rendered":"Stolik d\u0119bowy drewniany jasny kawowy+ GRATIS"},"content":{"rendered":"<p>Stolik d\u0119bowy<\/p>\n<p> \tWysoko\u015b\u0107 ok 60\u00a0 cm<br \/>\n \t\u015arednica blatu ok 40-45 cm<br \/>\n \tGrubo\u015b\u0107 ok 8-10 cm<br \/>\n \tMateria\u0142 : D\u0105b<br \/>\n \tStalowe nogi z pr\u0119ta<br \/>\n \tKolor n\u00f3g czarny<br \/>\n \tJeste\u015bmy otwarci na nowe zam\u00f3wienia<br \/>\n \tCzas realizacji 21 dni roboczych po zaksi\u0119gowaniu wp\u0142aty<br \/>\n \tTYLKO WP\u0141ATA NA KONTO &#8211; PRZEDP\u0141ATA<br \/>\n \tGRATIS ! 4 SZTUKI PODSTAWKI POD KUBEK<br \/>\n \tMo\u017cliwo\u015b\u0107 wysy\u0142ki 40 z\u0142 ( kwot\u0119 prosz\u0119 doliczy\u0107 do przelewu )<\/p>\n","protected":false},"excerpt":{"rendered":"<p>Stolik d\u0119bowy<\/p>\n<p> \tWysoko\u015b\u0107 ok 60\u00a0 cm<br \/>\n \t\u015arednica blatu ok 40-45 cm<br \/>\n \tGrubo\u015b\u0107 ok 8-10 cm<br \/>\n \tMateria\u0142 : D\u0105b<br \/>\n \tStalowe nogi z pr\u0119ta<br \/>\n \tKolor n\u00f3g czarny<br \/>\n \tJeste\u015bmy otwarci na nowe zam\u00f3wienia<br \/>\n \tCzas realizacji 21 dni roboczych po zaksi\u0119gowaniu wp\u0142aty<br \/>\n \tTYLKO WP\u0141ATA NA KONTO &#8211; PRZEDP\u0141ATA<br \/>\n \tGRATIS ! 4 SZTUKI PODSTAWKI POD KUBEK<br \/>\n \tMo\u017cliwo\u015b\u0107 wysy\u0142ki 40 z\u0142 ( kwot\u0119 prosz\u0119 doliczy\u0107 do przelewu )<\/p>\n","protected":false},"featured_media":2279,"comment_status":"open","ping_status":"closed","template":"","meta":[],"etheme_brands":[],"product_cat":[56],"product_tag":[],"class_list":["post-17988","product","type-product","status-publish","has-post-thumbnail","hentry","product_cat-stoliki-drewniane"],"_links":{"self":[{"href":"https:\/\/new.decoczar.pl\/index.php\/wp-json\/wp\/v2\/product\/17988","targetHints":{"allow":["GET"]}}],"collection":[{"href":"https:\/\/new.decoczar.pl\/index.php\/wp-json\/wp\/v2\/product"}],"about":[{"href":"https:\/\/new.decoczar.pl\/index.php\/wp-json\/wp\/v2\/types\/product"}],"replies":[{"embeddable":true,"href":"https:\/\/new.decoczar.pl\/index.php\/wp-json\/wp\/v2\/comments?post=17988"}],"wp:featuredmedia":[{"embeddable":true,"href":"https:\/\/new.decoczar.pl\/index.php\/wp-json\/wp\/v2\/media\/2279"}],"wp:attachment":[{"href":"https:\/\/new.decoczar.pl\/index.php\/wp-json\/wp\/v2\/media?parent=17988"}],"wp:term":[{"taxonomy":"brand","embeddable":true,"href":"https:\/\/new.decoczar.pl\/index.php\/wp-json\/wp\/v2\/etheme_brands?post=17988"},{"taxonomy":"product_cat","embeddable":true,"href":"https:\/\/new.decoczar.pl\/index.php\/wp-json\/wp\/v2\/product_cat?post=17988"},{"taxonomy":"product_tag","embeddable":true,"href":"https:\/\/new.decoczar.pl\/index.php\/wp-json\/wp\/v2\/product_tag?post=17988"}],"curies":[{"name":"wp","href":"https:\/\/api.w.org\/{rel}","templated":true}]}}