{"id":18084,"date":"2024-07-18T04:18:35","date_gmt":"2024-07-18T02:18:35","guid":{"rendered":"http:\/\/new.decoczar.pl\/index.php\/product\/podstawa-do-stolika-noga-metalowa-z-32\/"},"modified":"2024-07-18T04:18:35","modified_gmt":"2024-07-18T02:18:35","slug":"podstawa-do-stolika-noga-metalowa-z-32","status":"publish","type":"product","link":"https:\/\/new.decoczar.pl\/index.php\/product\/podstawa-do-stolika-noga-metalowa-z-32\/","title":{"rendered":"PODSTAWA DO STOLIKA \/ NOGA METALOWA Z"},"content":{"rendered":"<p> \tWymiary : 40 cm wysoko\u015b\u0107 szeroko\u015b\u0107 20 cm rozstaw 40<br \/>\n \tMalowane proszkowo<br \/>\n \tWysy\u0142ka 40 z\u0142 &#8211; kurier<br \/>\n \tKolor Czarny mat<br \/>\n \tProfil 2&#215;2<br \/>\n \tProdukt wykonywany na zam\u00f3wienie do 21 dni roboczych &#8211; po zaksi\u0119gowaniu wp\u0142aty<br \/>\n \tZam\u00f3wienie tylko wp\u0142ata na konto<\/p>\n<p>\u00a0<\/p>\n","protected":false},"excerpt":{"rendered":"<p> \tWymiary : 40 cm wysoko\u015b\u0107 szeroko\u015b\u0107 20 cm rozstaw 40<br \/>\n \tMalowane proszkowo<br \/>\n \tWysy\u0142ka 40 z\u0142 &#8211; kurier<br \/>\n \tKolor Czarny mat<br \/>\n \tProfil 2&#215;2<br \/>\n \tProdukt wykonywany na zam\u00f3wienie do 21 dni roboczych &#8211; po zaksi\u0119gowaniu wp\u0142aty<br \/>\n \tZam\u00f3wienie tylko wp\u0142ata na konto<\/p>\n<p>\u00a0<\/p>\n","protected":false},"featured_media":4919,"comment_status":"open","ping_status":"closed","template":"","meta":[],"etheme_brands":[],"product_cat":[50],"product_tag":[],"class_list":["post-18084","product","type-product","status-publish","has-post-thumbnail","hentry","product_cat-podstawy-metalowe-stelaze-stojaki"],"_links":{"self":[{"href":"https:\/\/new.decoczar.pl\/index.php\/wp-json\/wp\/v2\/product\/18084","targetHints":{"allow":["GET"]}}],"collection":[{"href":"https:\/\/new.decoczar.pl\/index.php\/wp-json\/wp\/v2\/product"}],"about":[{"href":"https:\/\/new.decoczar.pl\/index.php\/wp-json\/wp\/v2\/types\/product"}],"replies":[{"embeddable":true,"href":"https:\/\/new.decoczar.pl\/index.php\/wp-json\/wp\/v2\/comments?post=18084"}],"wp:featuredmedia":[{"embeddable":true,"href":"https:\/\/new.decoczar.pl\/index.php\/wp-json\/wp\/v2\/media\/4919"}],"wp:attachment":[{"href":"https:\/\/new.decoczar.pl\/index.php\/wp-json\/wp\/v2\/media?parent=18084"}],"wp:term":[{"taxonomy":"brand","embeddable":true,"href":"https:\/\/new.decoczar.pl\/index.php\/wp-json\/wp\/v2\/etheme_brands?post=18084"},{"taxonomy":"product_cat","embeddable":true,"href":"https:\/\/new.decoczar.pl\/index.php\/wp-json\/wp\/v2\/product_cat?post=18084"},{"taxonomy":"product_tag","embeddable":true,"href":"https:\/\/new.decoczar.pl\/index.php\/wp-json\/wp\/v2\/product_tag?post=18084"}],"curies":[{"name":"wp","href":"https:\/\/api.w.org\/{rel}","templated":true}]}}