{"id":18114,"date":"2024-07-18T07:39:30","date_gmt":"2024-07-18T05:39:30","guid":{"rendered":"https:\/\/new.decoczar.pl\/index.php\/product\/stolik-okragly-drewniany-ciemny-dab-gratis-32\/"},"modified":"2024-07-18T07:39:30","modified_gmt":"2024-07-18T05:39:30","slug":"stolik-okragly-drewniany-ciemny-dab-gratis-32","status":"publish","type":"product","link":"https:\/\/new.decoczar.pl\/index.php\/product\/stolik-okragly-drewniany-ciemny-dab-gratis-32\/","title":{"rendered":"Stolik Okr\u0105g\u0142y Drewniany Ciemny D\u0105b+ GRATIS"},"content":{"rendered":"<p>Stolik d\u0119bowy<\/p>\n<p> \tWysoko\u015b\u0107 ok 50 cm<br \/>\n \t\u015arednica blatu oko\u0142o 60 cm<br \/>\n \tGrubo\u015b\u0107 blatu ok 11-15 cm<br \/>\n \tStalowe nogi<br \/>\n \tPodstawki pod n\u00f3\u017cki<br \/>\n \tKolor Czarny<br \/>\n \tMo\u017cliwo\u015b\u0107 odbioru osobistego Warszawa Br\u00f3dno b\u0105d\u017a okolice Legionowa<br \/>\n \tJeste\u015bmy otwarci na nowe zam\u00f3wienia<br \/>\n \tCzas realizacji 21\u00a0 dni roboczych po zaksi\u0119gowaniu wp\u0142aty<br \/>\n \tTYLKO WP\u0141ATA NA KONTO &#8211; PRZEDP\u0141ATA<br \/>\n \tMo\u017cliwo\u015b\u0107 wysy\u0142ki 40 z\u0142 ( kwot\u0119 prosz\u0119 doliczy\u0107 do przelewu )<\/p>\n","protected":false},"excerpt":{"rendered":"<p>Stolik d\u0119bowy<\/p>\n<p> \tWysoko\u015b\u0107 ok 50 cm<br \/>\n \t\u015arednica blatu oko\u0142o 60 cm<br \/>\n \tGrubo\u015b\u0107 blatu ok 11-15 cm<br \/>\n \tStalowe nogi<br \/>\n \tPodstawki pod n\u00f3\u017cki<br \/>\n \tKolor Czarny<br \/>\n \tMo\u017cliwo\u015b\u0107 odbioru osobistego Warszawa Br\u00f3dno b\u0105d\u017a okolice Legionowa<br \/>\n \tJeste\u015bmy otwarci na nowe zam\u00f3wienia<br \/>\n \tCzas realizacji 21\u00a0 dni roboczych po zaksi\u0119gowaniu wp\u0142aty<br \/>\n \tTYLKO WP\u0141ATA NA KONTO &#8211; PRZEDP\u0141ATA<br \/>\n \tMo\u017cliwo\u015b\u0107 wysy\u0142ki 40 z\u0142 ( kwot\u0119 prosz\u0119 doliczy\u0107 do przelewu )<\/p>\n","protected":false},"featured_media":2861,"comment_status":"open","ping_status":"closed","template":"","meta":[],"etheme_brands":[],"product_cat":[56],"product_tag":[],"class_list":["post-18114","product","type-product","status-publish","has-post-thumbnail","hentry","product_cat-stoliki-drewniane"],"_links":{"self":[{"href":"https:\/\/new.decoczar.pl\/index.php\/wp-json\/wp\/v2\/product\/18114","targetHints":{"allow":["GET"]}}],"collection":[{"href":"https:\/\/new.decoczar.pl\/index.php\/wp-json\/wp\/v2\/product"}],"about":[{"href":"https:\/\/new.decoczar.pl\/index.php\/wp-json\/wp\/v2\/types\/product"}],"replies":[{"embeddable":true,"href":"https:\/\/new.decoczar.pl\/index.php\/wp-json\/wp\/v2\/comments?post=18114"}],"wp:featuredmedia":[{"embeddable":true,"href":"https:\/\/new.decoczar.pl\/index.php\/wp-json\/wp\/v2\/media\/2861"}],"wp:attachment":[{"href":"https:\/\/new.decoczar.pl\/index.php\/wp-json\/wp\/v2\/media?parent=18114"}],"wp:term":[{"taxonomy":"brand","embeddable":true,"href":"https:\/\/new.decoczar.pl\/index.php\/wp-json\/wp\/v2\/etheme_brands?post=18114"},{"taxonomy":"product_cat","embeddable":true,"href":"https:\/\/new.decoczar.pl\/index.php\/wp-json\/wp\/v2\/product_cat?post=18114"},{"taxonomy":"product_tag","embeddable":true,"href":"https:\/\/new.decoczar.pl\/index.php\/wp-json\/wp\/v2\/product_tag?post=18114"}],"curies":[{"name":"wp","href":"https:\/\/api.w.org\/{rel}","templated":true}]}}