{"id":18355,"date":"2024-07-27T07:27:29","date_gmt":"2024-07-27T05:27:29","guid":{"rendered":"https:\/\/new.decoczar.pl\/index.php\/product\/ramka-swiadectwo-dla-nauczyciela-33\/"},"modified":"2024-07-27T07:27:29","modified_gmt":"2024-07-27T05:27:29","slug":"ramka-swiadectwo-dla-nauczyciela-33","status":"publish","type":"product","link":"https:\/\/new.decoczar.pl\/index.php\/product\/ramka-swiadectwo-dla-nauczyciela-33\/","title":{"rendered":"Ramka \u015awiadectwo dla nauczyciela"},"content":{"rendered":"<p>Upominek ten idealnie b\u0119dzie pasowa\u0142 na uroczysto\u015bci Dzie\u0144 Nauczyciela\/Zako\u0144czenie Roku Szkolnego gdy b\u0119dziemy chcieli podzi\u0119kowa\u0107 wychowawcy w trud w\u0142o\u017cony w nasze wychowanie !<\/p>\n<p>Niebanalny pomys\u0142, kt\u00f3remu indywidualnie nadasz unikalno\u015bci i charakteru.<\/p>\n<p>\u00a0<\/p>\n","protected":false},"excerpt":{"rendered":"<p>Upominek ten idealnie b\u0119dzie pasowa\u0142 na uroczysto\u015bci Dzie\u0144 Nauczyciela\/Zako\u0144czenie Roku Szkolnego gdy b\u0119dziemy chcieli podzi\u0119kowa\u0107 wychowawcy w trud w\u0142o\u017cony w nasze wychowanie !<\/p>\n<p>Niebanalny pomys\u0142, kt\u00f3remu indywidualnie nadasz unikalno\u015bci i charakteru.<\/p>\n<p>\u00a0<\/p>\n","protected":false},"featured_media":2354,"comment_status":"open","ping_status":"closed","template":"","meta":[],"etheme_brands":[],"product_cat":[77],"product_tag":[],"class_list":["post-18355","product","type-product","status-publish","has-post-thumbnail","hentry","product_cat-dzien-nauczyciela-zakonczenie-roku"],"_links":{"self":[{"href":"https:\/\/new.decoczar.pl\/index.php\/wp-json\/wp\/v2\/product\/18355","targetHints":{"allow":["GET"]}}],"collection":[{"href":"https:\/\/new.decoczar.pl\/index.php\/wp-json\/wp\/v2\/product"}],"about":[{"href":"https:\/\/new.decoczar.pl\/index.php\/wp-json\/wp\/v2\/types\/product"}],"replies":[{"embeddable":true,"href":"https:\/\/new.decoczar.pl\/index.php\/wp-json\/wp\/v2\/comments?post=18355"}],"wp:featuredmedia":[{"embeddable":true,"href":"https:\/\/new.decoczar.pl\/index.php\/wp-json\/wp\/v2\/media\/2354"}],"wp:attachment":[{"href":"https:\/\/new.decoczar.pl\/index.php\/wp-json\/wp\/v2\/media?parent=18355"}],"wp:term":[{"taxonomy":"brand","embeddable":true,"href":"https:\/\/new.decoczar.pl\/index.php\/wp-json\/wp\/v2\/etheme_brands?post=18355"},{"taxonomy":"product_cat","embeddable":true,"href":"https:\/\/new.decoczar.pl\/index.php\/wp-json\/wp\/v2\/product_cat?post=18355"},{"taxonomy":"product_tag","embeddable":true,"href":"https:\/\/new.decoczar.pl\/index.php\/wp-json\/wp\/v2\/product_tag?post=18355"}],"curies":[{"name":"wp","href":"https:\/\/api.w.org\/{rel}","templated":true}]}}