{"id":18987,"date":"2024-08-20T04:31:09","date_gmt":"2024-08-20T02:31:09","guid":{"rendered":"https:\/\/new.decoczar.pl\/index.php\/product\/noga-metalowa-do-stolu-podstawa-metalowa-prostokatna-34\/"},"modified":"2024-08-20T04:31:09","modified_gmt":"2024-08-20T02:31:09","slug":"noga-metalowa-do-stolu-podstawa-metalowa-prostokatna-34","status":"publish","type":"product","link":"https:\/\/new.decoczar.pl\/index.php\/product\/noga-metalowa-do-stolu-podstawa-metalowa-prostokatna-34\/","title":{"rendered":"NOGA METALOWA DO STO\u0141U \/ PODSTAWA METALOWA PROSTOK\u0104TNA"},"content":{"rendered":"<p> \tWysoko\u015b\u0107 72 cm<br \/>\n \tD\u0142ugo\u015b\u0107 240 cm<br \/>\n \tG\u0142\u0119boko\u015b\u0107 100 cm<br \/>\n \tMalowane proszkowo<br \/>\n \tKolor Czarny mat<br \/>\n \tProfil 8&#215;4 cm<br \/>\n \tProfil poprzeczek 4&#215;4 cm<br \/>\n \tProfile posiadaj\u0105 za\u015blepki zabezpieczenie przed zarysowaniem pod\u0142ogi.<br \/>\n \tCzas realizacji 21 dni roboczych po zaksi\u0119gowaniu wp\u0142aty<br \/>\n \tTylko odbi\u00f3r osobisty Micha\u0142\u00f3w Regin\u00f3w (okolice Legionowa )<\/p>\n<p>\u00a0<\/p>\n","protected":false},"excerpt":{"rendered":"<p> \tWysoko\u015b\u0107 72 cm<br \/>\n \tD\u0142ugo\u015b\u0107 240 cm<br \/>\n \tG\u0142\u0119boko\u015b\u0107 100 cm<br \/>\n \tMalowane proszkowo<br \/>\n \tKolor Czarny mat<br \/>\n \tProfil 8&#215;4 cm<br \/>\n \tProfil poprzeczek 4&#215;4 cm<br \/>\n \tProfile posiadaj\u0105 za\u015blepki zabezpieczenie przed zarysowaniem pod\u0142ogi.<br \/>\n \tCzas realizacji 21 dni roboczych po zaksi\u0119gowaniu wp\u0142aty<br \/>\n \tTylko odbi\u00f3r osobisty Micha\u0142\u00f3w Regin\u00f3w (okolice Legionowa )<\/p>\n<p>\u00a0<\/p>\n","protected":false},"featured_media":4693,"comment_status":"open","ping_status":"closed","template":"","meta":[],"etheme_brands":[],"product_cat":[50],"product_tag":[],"class_list":["post-18987","product","type-product","status-publish","has-post-thumbnail","hentry","product_cat-podstawy-metalowe-stelaze-stojaki"],"_links":{"self":[{"href":"https:\/\/new.decoczar.pl\/index.php\/wp-json\/wp\/v2\/product\/18987","targetHints":{"allow":["GET"]}}],"collection":[{"href":"https:\/\/new.decoczar.pl\/index.php\/wp-json\/wp\/v2\/product"}],"about":[{"href":"https:\/\/new.decoczar.pl\/index.php\/wp-json\/wp\/v2\/types\/product"}],"replies":[{"embeddable":true,"href":"https:\/\/new.decoczar.pl\/index.php\/wp-json\/wp\/v2\/comments?post=18987"}],"wp:featuredmedia":[{"embeddable":true,"href":"https:\/\/new.decoczar.pl\/index.php\/wp-json\/wp\/v2\/media\/4693"}],"wp:attachment":[{"href":"https:\/\/new.decoczar.pl\/index.php\/wp-json\/wp\/v2\/media?parent=18987"}],"wp:term":[{"taxonomy":"brand","embeddable":true,"href":"https:\/\/new.decoczar.pl\/index.php\/wp-json\/wp\/v2\/etheme_brands?post=18987"},{"taxonomy":"product_cat","embeddable":true,"href":"https:\/\/new.decoczar.pl\/index.php\/wp-json\/wp\/v2\/product_cat?post=18987"},{"taxonomy":"product_tag","embeddable":true,"href":"https:\/\/new.decoczar.pl\/index.php\/wp-json\/wp\/v2\/product_tag?post=18987"}],"curies":[{"name":"wp","href":"https:\/\/api.w.org\/{rel}","templated":true}]}}