{"id":19185,"date":"2024-08-22T08:40:35","date_gmt":"2024-08-22T06:40:35","guid":{"rendered":"http:\/\/new.decoczar.pl\/index.php\/product\/zaproszenie-drewniane-slub-zdjecie-35\/"},"modified":"2024-08-22T08:40:35","modified_gmt":"2024-08-22T06:40:35","slug":"zaproszenie-drewniane-slub-zdjecie-35","status":"publish","type":"product","link":"https:\/\/new.decoczar.pl\/index.php\/product\/zaproszenie-drewniane-slub-zdjecie-35\/","title":{"rendered":"Zaproszenie Drewniane \u015alub + zdj\u0119cie"},"content":{"rendered":"<p>Zaproszenie drewniane\u00a0<\/p>\n<p> \tCi\u0119cie laserowe<br \/>\n \tWymiary 11 x 15 cm\u00a0<br \/>\n \tZaproszenie wykonane ze sklejki brzozowej 3 mm<br \/>\n \tGrawer mo\u017cemy dowolnie modyfikowa\u0107<br \/>\n \tGRATIS !!! koperta br\u0105zowa z naklejk\u0105\u00a0\u00a0<br \/>\n \tW uwagach dla klienta b\u0105d\u017a na maila sklep@decoczar.pl prosz\u0119 o tekst oraz zdj\u0119cie (dobra jako\u015b\u0107)<br \/>\n \tCzas realizacji od 2-5 dni roboczych. Przy wi\u0119kszej ilo\u015bci czas realizacji jest d\u0142u\u017cszy<\/p>\n<p>Powy\u017cej 3 szt wysy\u0142ka kurier !!!<\/p>\n<p>\u00a0<\/p>\n","protected":false},"excerpt":{"rendered":"<p>Zaproszenie drewniane\u00a0<\/p>\n<p> \tCi\u0119cie laserowe<br \/>\n \tWymiary 11 x 15 cm\u00a0<br \/>\n \tZaproszenie wykonane ze sklejki brzozowej 3 mm<br \/>\n \tGrawer mo\u017cemy dowolnie modyfikowa\u0107<br \/>\n \tGRATIS !!! koperta br\u0105zowa z naklejk\u0105\u00a0\u00a0<br \/>\n \tW uwagach dla klienta b\u0105d\u017a na maila sklep@decoczar.pl prosz\u0119 o tekst oraz zdj\u0119cie (dobra jako\u015b\u0107)<br \/>\n \tCzas realizacji od 2-5 dni roboczych. Przy wi\u0119kszej ilo\u015bci czas realizacji jest d\u0142u\u017cszy<\/p>\n<p>Powy\u017cej 3 szt wysy\u0142ka kurier !!!<\/p>\n<p>\u00a0<\/p>\n","protected":false},"featured_media":3154,"comment_status":"open","ping_status":"closed","template":"","meta":[],"etheme_brands":[],"product_cat":[78],"product_tag":[],"class_list":["post-19185","product","type-product","status-publish","has-post-thumbnail","hentry","product_cat-slub-dekoracje"],"_links":{"self":[{"href":"https:\/\/new.decoczar.pl\/index.php\/wp-json\/wp\/v2\/product\/19185","targetHints":{"allow":["GET"]}}],"collection":[{"href":"https:\/\/new.decoczar.pl\/index.php\/wp-json\/wp\/v2\/product"}],"about":[{"href":"https:\/\/new.decoczar.pl\/index.php\/wp-json\/wp\/v2\/types\/product"}],"replies":[{"embeddable":true,"href":"https:\/\/new.decoczar.pl\/index.php\/wp-json\/wp\/v2\/comments?post=19185"}],"wp:featuredmedia":[{"embeddable":true,"href":"https:\/\/new.decoczar.pl\/index.php\/wp-json\/wp\/v2\/media\/3154"}],"wp:attachment":[{"href":"https:\/\/new.decoczar.pl\/index.php\/wp-json\/wp\/v2\/media?parent=19185"}],"wp:term":[{"taxonomy":"brand","embeddable":true,"href":"https:\/\/new.decoczar.pl\/index.php\/wp-json\/wp\/v2\/etheme_brands?post=19185"},{"taxonomy":"product_cat","embeddable":true,"href":"https:\/\/new.decoczar.pl\/index.php\/wp-json\/wp\/v2\/product_cat?post=19185"},{"taxonomy":"product_tag","embeddable":true,"href":"https:\/\/new.decoczar.pl\/index.php\/wp-json\/wp\/v2\/product_tag?post=19185"}],"curies":[{"name":"wp","href":"https:\/\/api.w.org\/{rel}","templated":true}]}}