{"id":19344,"date":"2024-09-02T12:45:53","date_gmt":"2024-09-02T10:45:53","guid":{"rendered":"http:\/\/new.decoczar.pl\/index.php\/product\/pudelko-przybornik-prezent-dzien-babci-i-dziadka-36\/"},"modified":"2024-09-02T12:45:53","modified_gmt":"2024-09-02T10:45:53","slug":"pudelko-przybornik-prezent-dzien-babci-i-dziadka-36","status":"publish","type":"product","link":"https:\/\/new.decoczar.pl\/index.php\/product\/pudelko-przybornik-prezent-dzien-babci-i-dziadka-36\/","title":{"rendered":"PUDE\u0141KO PRZYBORNIK PREZENT DZIE\u0143 BABCI I DZIADKA"},"content":{"rendered":"<p>Herbaciarka<\/p>\n<p> \tWymiary produktu:\u00a0szer. 21,5 cm, d\u0142. 16,5 cm, wys. 8 cm<br \/>\n \tW uwagach dla klienta prosz\u0119 wpisa\u0107 zmian\u0119 tekstu<br \/>\n \t6 przegr\u00f3dek<br \/>\n \tCzas realizacji do 5 dni roboczych po zaksi\u0119gowaniu wp\u0142aty<\/p>\n","protected":false},"excerpt":{"rendered":"<p>Herbaciarka<\/p>\n<p> \tWymiary produktu:\u00a0szer. 21,5 cm, d\u0142. 16,5 cm, wys. 8 cm<br \/>\n \tW uwagach dla klienta prosz\u0119 wpisa\u0107 zmian\u0119 tekstu<br \/>\n \t6 przegr\u00f3dek<br \/>\n \tCzas realizacji do 5 dni roboczych po zaksi\u0119gowaniu wp\u0142aty<\/p>\n","protected":false},"featured_media":2271,"comment_status":"open","ping_status":"closed","template":"","meta":[],"etheme_brands":[],"product_cat":[72],"product_tag":[],"class_list":["post-19344","product","type-product","status-publish","has-post-thumbnail","hentry","product_cat-dzien-babci-i-dziadka-szkatulki"],"_links":{"self":[{"href":"https:\/\/new.decoczar.pl\/index.php\/wp-json\/wp\/v2\/product\/19344","targetHints":{"allow":["GET"]}}],"collection":[{"href":"https:\/\/new.decoczar.pl\/index.php\/wp-json\/wp\/v2\/product"}],"about":[{"href":"https:\/\/new.decoczar.pl\/index.php\/wp-json\/wp\/v2\/types\/product"}],"replies":[{"embeddable":true,"href":"https:\/\/new.decoczar.pl\/index.php\/wp-json\/wp\/v2\/comments?post=19344"}],"wp:featuredmedia":[{"embeddable":true,"href":"https:\/\/new.decoczar.pl\/index.php\/wp-json\/wp\/v2\/media\/2271"}],"wp:attachment":[{"href":"https:\/\/new.decoczar.pl\/index.php\/wp-json\/wp\/v2\/media?parent=19344"}],"wp:term":[{"taxonomy":"brand","embeddable":true,"href":"https:\/\/new.decoczar.pl\/index.php\/wp-json\/wp\/v2\/etheme_brands?post=19344"},{"taxonomy":"product_cat","embeddable":true,"href":"https:\/\/new.decoczar.pl\/index.php\/wp-json\/wp\/v2\/product_cat?post=19344"},{"taxonomy":"product_tag","embeddable":true,"href":"https:\/\/new.decoczar.pl\/index.php\/wp-json\/wp\/v2\/product_tag?post=19344"}],"curies":[{"name":"wp","href":"https:\/\/api.w.org\/{rel}","templated":true}]}}