{"id":19561,"date":"2024-09-02T22:49:41","date_gmt":"2024-09-02T20:49:41","guid":{"rendered":"https:\/\/new.decoczar.pl\/index.php\/product\/spinki-drewniane-maluch-fiat-126p-37\/"},"modified":"2024-09-02T22:49:41","modified_gmt":"2024-09-02T20:49:41","slug":"spinki-drewniane-maluch-fiat-126p-37","status":"publish","type":"product","link":"https:\/\/new.decoczar.pl\/index.php\/product\/spinki-drewniane-maluch-fiat-126p-37\/","title":{"rendered":"Spinki Drewniane Maluch\/Fiat 126P"},"content":{"rendered":"<p>Oryginalne spinki do mankiet\u00f3w koszuli m\u0119skiej.<\/p>\n<p> \tWymiary 2 x 2 cm<br \/>\n \tWykonane ze sklejki brzozowej 3 mm<br \/>\n \tMetalowe zapi\u0119cie<br \/>\n \tOzdobne pude\u0142ko<br \/>\n \tZaprojektujemy dla Ciebie ulubion\u0105 grafik\u0119 b\u0105d\u017a logo firmy<br \/>\n \tCzas realizacji do 5 dni roboczych po zaksi\u0119gowaniu wp\u0142aty<\/p>\n<p>WYSY\u0141KA TYLKO KURIER !!!<\/p>\n","protected":false},"excerpt":{"rendered":"<p>Oryginalne spinki do mankiet\u00f3w koszuli m\u0119skiej.<\/p>\n<p> \tWymiary 2 x 2 cm<br \/>\n \tWykonane ze sklejki brzozowej 3 mm<br \/>\n \tMetalowe zapi\u0119cie<br \/>\n \tOzdobne pude\u0142ko<br \/>\n \tZaprojektujemy dla Ciebie ulubion\u0105 grafik\u0119 b\u0105d\u017a logo firmy<br \/>\n \tCzas realizacji do 5 dni roboczych po zaksi\u0119gowaniu wp\u0142aty<\/p>\n<p>WYSY\u0141KA TYLKO KURIER !!!<\/p>\n","protected":false},"featured_media":3921,"comment_status":"open","ping_status":"closed","template":"","meta":[],"etheme_brands":[],"product_cat":[128],"product_tag":[],"class_list":["post-19561","product","type-product","status-publish","has-post-thumbnail","hentry","product_cat-spinki-i-muchy-drewniane-dodatki"],"_links":{"self":[{"href":"https:\/\/new.decoczar.pl\/index.php\/wp-json\/wp\/v2\/product\/19561","targetHints":{"allow":["GET"]}}],"collection":[{"href":"https:\/\/new.decoczar.pl\/index.php\/wp-json\/wp\/v2\/product"}],"about":[{"href":"https:\/\/new.decoczar.pl\/index.php\/wp-json\/wp\/v2\/types\/product"}],"replies":[{"embeddable":true,"href":"https:\/\/new.decoczar.pl\/index.php\/wp-json\/wp\/v2\/comments?post=19561"}],"wp:featuredmedia":[{"embeddable":true,"href":"https:\/\/new.decoczar.pl\/index.php\/wp-json\/wp\/v2\/media\/3921"}],"wp:attachment":[{"href":"https:\/\/new.decoczar.pl\/index.php\/wp-json\/wp\/v2\/media?parent=19561"}],"wp:term":[{"taxonomy":"brand","embeddable":true,"href":"https:\/\/new.decoczar.pl\/index.php\/wp-json\/wp\/v2\/etheme_brands?post=19561"},{"taxonomy":"product_cat","embeddable":true,"href":"https:\/\/new.decoczar.pl\/index.php\/wp-json\/wp\/v2\/product_cat?post=19561"},{"taxonomy":"product_tag","embeddable":true,"href":"https:\/\/new.decoczar.pl\/index.php\/wp-json\/wp\/v2\/product_tag?post=19561"}],"curies":[{"name":"wp","href":"https:\/\/api.w.org\/{rel}","templated":true}]}}