{"id":19901,"date":"2024-09-22T09:09:26","date_gmt":"2024-09-22T07:09:26","guid":{"rendered":"https:\/\/new.decoczar.pl\/index.php\/product\/wieszak-drewniany-rustykalny-loft-1-kpl-12\/"},"modified":"2024-09-22T09:09:26","modified_gmt":"2024-09-22T07:09:26","slug":"wieszak-drewniany-rustykalny-loft-1-kpl-12","status":"publish","type":"product","link":"https:\/\/new.decoczar.pl\/index.php\/product\/wieszak-drewniany-rustykalny-loft-1-kpl-12\/","title":{"rendered":"WIESZAK DREWNIANY RUSTYKALNY\/LOFT 1 kpl."},"content":{"rendered":"<p>Wieszak rustykalny<\/p>\n<p> \tD\u0142ugo\u015b\u0107 ok 33 cm<br \/>\n \tSzeroko\u015b\u0107 ok 10-12 cm<br \/>\n \tgrubo\u015b\u0107 ok 2-3\u00a0 cm<br \/>\n \tWieszak posiada 2 haki.<br \/>\n \tWieszak jest mocowany do \u015bciany za pomoc\u0105 zawieszek stalowych<br \/>\n \tWysy\u0142ka kurier \/ pobranie<br \/>\n \tDost\u0119pne od r\u0119ki<\/p>\n","protected":false},"excerpt":{"rendered":"<p>Wieszak rustykalny<\/p>\n<p> \tD\u0142ugo\u015b\u0107 ok 33 cm<br \/>\n \tSzeroko\u015b\u0107 ok 10-12 cm<br \/>\n \tgrubo\u015b\u0107 ok 2-3\u00a0 cm<br \/>\n \tWieszak posiada 2 haki.<br \/>\n \tWieszak jest mocowany do \u015bciany za pomoc\u0105 zawieszek stalowych<br \/>\n \tWysy\u0142ka kurier \/ pobranie<br \/>\n \tDost\u0119pne od r\u0119ki<\/p>\n","protected":false},"featured_media":0,"comment_status":"open","ping_status":"closed","template":"","meta":[],"etheme_brands":[],"product_cat":[278],"product_tag":[],"class_list":["post-19901","product","type-product","status-publish","hentry","product_cat-dostepne-od-reki-polki-loft"],"_links":{"self":[{"href":"https:\/\/new.decoczar.pl\/index.php\/wp-json\/wp\/v2\/product\/19901","targetHints":{"allow":["GET"]}}],"collection":[{"href":"https:\/\/new.decoczar.pl\/index.php\/wp-json\/wp\/v2\/product"}],"about":[{"href":"https:\/\/new.decoczar.pl\/index.php\/wp-json\/wp\/v2\/types\/product"}],"replies":[{"embeddable":true,"href":"https:\/\/new.decoczar.pl\/index.php\/wp-json\/wp\/v2\/comments?post=19901"}],"wp:attachment":[{"href":"https:\/\/new.decoczar.pl\/index.php\/wp-json\/wp\/v2\/media?parent=19901"}],"wp:term":[{"taxonomy":"brand","embeddable":true,"href":"https:\/\/new.decoczar.pl\/index.php\/wp-json\/wp\/v2\/etheme_brands?post=19901"},{"taxonomy":"product_cat","embeddable":true,"href":"https:\/\/new.decoczar.pl\/index.php\/wp-json\/wp\/v2\/product_cat?post=19901"},{"taxonomy":"product_tag","embeddable":true,"href":"https:\/\/new.decoczar.pl\/index.php\/wp-json\/wp\/v2\/product_tag?post=19901"}],"curies":[{"name":"wp","href":"https:\/\/api.w.org\/{rel}","templated":true}]}}