{"id":21052,"date":"2024-11-01T10:36:23","date_gmt":"2024-11-01T09:36:23","guid":{"rendered":"https:\/\/new.decoczar.pl\/index.php\/product\/nogi-metalowe-stelaz-podstawa-do-stolu-2-szt-40x60-41\/"},"modified":"2024-11-01T10:36:23","modified_gmt":"2024-11-01T09:36:23","slug":"nogi-metalowe-stelaz-podstawa-do-stolu-2-szt-40x60-41","status":"publish","type":"product","link":"https:\/\/new.decoczar.pl\/index.php\/product\/nogi-metalowe-stelaz-podstawa-do-stolu-2-szt-40x60-41\/","title":{"rendered":"NOGI METALOWE STELA\u017b PODSTAWA DO STO\u0141U 2 SZT 40&#215;60"},"content":{"rendered":"<p> \tWysoko\u015b\u0107 40 cm<br \/>\n \tD\u0142ugo\u015b\u0107 60 cm<br \/>\n \tMalowane proszkowo<br \/>\n \tWysy\u0142ka 40 z\u0142 &#8211; TYLKO WP\u0141ATA NA KONTO<br \/>\n \tKolor Czarny mat<br \/>\n \tProfil 6&#215;2 cm<br \/>\n \tCzas realizacji 21 dni roboczych po zaksi\u0119gowaniu wp\u0142aty<br \/>\n \tNIE WYSY\u0141AM ZA POBRANIEM<br \/>\n \tProdukt posiada\u00a0 otwory monta\u017cowe i z \u0142atwo\u015bci\u0105 mo\u017cna\u00a0 je przykr\u0119ci\u0107 do blatu\u00a0poprzez przykr\u0119cenie\u00a0 wkr\u0119t\u00f3w od do\u0142u<br \/>\n \tDbamy o Twoje wn\u0119trze!<\/p>\n<p>&#x2611;&#xfe0f; Dlatego pod ka\u017cd\u0105 nog\u0119 przyklejamy podk\u0142adk\u0119 ze specjalnego filcu, kt\u00f3ry\u00a0chroni Twoj\u0105 pod\u0142og\u0119 przed zarysowaniami.<\/p>\n<p>\u00a0<\/p>\n","protected":false},"excerpt":{"rendered":"<p> \tWysoko\u015b\u0107 40 cm<br \/>\n \tD\u0142ugo\u015b\u0107 60 cm<br \/>\n \tMalowane proszkowo<br \/>\n \tWysy\u0142ka 40 z\u0142 &#8211; TYLKO WP\u0141ATA NA KONTO<br \/>\n \tKolor Czarny mat<br \/>\n \tProfil 6&#215;2 cm<br \/>\n \tCzas realizacji 21 dni roboczych po zaksi\u0119gowaniu wp\u0142aty<br \/>\n \tNIE WYSY\u0141AM ZA POBRANIEM<br \/>\n \tProdukt posiada\u00a0 otwory monta\u017cowe i z \u0142atwo\u015bci\u0105 mo\u017cna\u00a0 je przykr\u0119ci\u0107 do blatu\u00a0poprzez przykr\u0119cenie\u00a0 wkr\u0119t\u00f3w od do\u0142u<br \/>\n \tDbamy o Twoje wn\u0119trze!<\/p>\n<p>&#x2611;&#xfe0f; Dlatego pod ka\u017cd\u0105 nog\u0119 przyklejamy podk\u0142adk\u0119 ze specjalnego filcu, kt\u00f3ry\u00a0chroni Twoj\u0105 pod\u0142og\u0119 przed zarysowaniami.<\/p>\n<p>\u00a0<\/p>\n","protected":false},"featured_media":2757,"comment_status":"open","ping_status":"closed","template":"","meta":[],"etheme_brands":[],"product_cat":[50],"product_tag":[],"class_list":["post-21052","product","type-product","status-publish","has-post-thumbnail","hentry","product_cat-podstawy-metalowe-stelaze-stojaki"],"_links":{"self":[{"href":"https:\/\/new.decoczar.pl\/index.php\/wp-json\/wp\/v2\/product\/21052","targetHints":{"allow":["GET"]}}],"collection":[{"href":"https:\/\/new.decoczar.pl\/index.php\/wp-json\/wp\/v2\/product"}],"about":[{"href":"https:\/\/new.decoczar.pl\/index.php\/wp-json\/wp\/v2\/types\/product"}],"replies":[{"embeddable":true,"href":"https:\/\/new.decoczar.pl\/index.php\/wp-json\/wp\/v2\/comments?post=21052"}],"wp:featuredmedia":[{"embeddable":true,"href":"https:\/\/new.decoczar.pl\/index.php\/wp-json\/wp\/v2\/media\/2757"}],"wp:attachment":[{"href":"https:\/\/new.decoczar.pl\/index.php\/wp-json\/wp\/v2\/media?parent=21052"}],"wp:term":[{"taxonomy":"brand","embeddable":true,"href":"https:\/\/new.decoczar.pl\/index.php\/wp-json\/wp\/v2\/etheme_brands?post=21052"},{"taxonomy":"product_cat","embeddable":true,"href":"https:\/\/new.decoczar.pl\/index.php\/wp-json\/wp\/v2\/product_cat?post=21052"},{"taxonomy":"product_tag","embeddable":true,"href":"https:\/\/new.decoczar.pl\/index.php\/wp-json\/wp\/v2\/product_tag?post=21052"}],"curies":[{"name":"wp","href":"https:\/\/api.w.org\/{rel}","templated":true}]}}