{"id":21053,"date":"2024-11-01T10:36:24","date_gmt":"2024-11-01T09:36:24","guid":{"rendered":"https:\/\/new.decoczar.pl\/index.php\/product\/podkladki-z-zywicy-czarno-zlote-4-szt-41\/"},"modified":"2024-11-01T10:36:24","modified_gmt":"2024-11-01T09:36:24","slug":"podkladki-z-zywicy-czarno-zlote-4-szt-41","status":"publish","type":"product","link":"https:\/\/new.decoczar.pl\/index.php\/product\/podkladki-z-zywicy-czarno-zlote-4-szt-41\/","title":{"rendered":"Podk\u0142adki z \u017cywicy Czarno z\u0142ote 4 szt"},"content":{"rendered":"<p>Podk\u0142adki<\/p>\n<p> \tWymiary : d\u0142ugo\u015b\u0107 boku 10 cm<br \/>\n \tKolor czarny z\u0142oty<br \/>\n \tOpakowanie prezentowe<br \/>\n \tW uwagach do zam\u00f3wienia prosz\u0119 wpisa\u0107 wszelkie zmiany<br \/>\n \tCzas realizacji 10 dni roboczych po zaksi\u0119gowaniu wp\u0142aty<br \/>\n \tWysy\u0142ka kurier \/ kurier pobranie<\/p>\n","protected":false},"excerpt":{"rendered":"<p>Podk\u0142adki<\/p>\n<p> \tWymiary : d\u0142ugo\u015b\u0107 boku 10 cm<br \/>\n \tKolor czarny z\u0142oty<br \/>\n \tOpakowanie prezentowe<br \/>\n \tW uwagach do zam\u00f3wienia prosz\u0119 wpisa\u0107 wszelkie zmiany<br \/>\n \tCzas realizacji 10 dni roboczych po zaksi\u0119gowaniu wp\u0142aty<br \/>\n \tWysy\u0142ka kurier \/ kurier pobranie<\/p>\n","protected":false},"featured_media":2766,"comment_status":"open","ping_status":"closed","template":"","meta":[],"etheme_brands":[],"product_cat":[251],"product_tag":[],"class_list":["post-21053","product","type-product","status-publish","has-post-thumbnail","hentry","product_cat-podkladki"],"_links":{"self":[{"href":"https:\/\/new.decoczar.pl\/index.php\/wp-json\/wp\/v2\/product\/21053","targetHints":{"allow":["GET"]}}],"collection":[{"href":"https:\/\/new.decoczar.pl\/index.php\/wp-json\/wp\/v2\/product"}],"about":[{"href":"https:\/\/new.decoczar.pl\/index.php\/wp-json\/wp\/v2\/types\/product"}],"replies":[{"embeddable":true,"href":"https:\/\/new.decoczar.pl\/index.php\/wp-json\/wp\/v2\/comments?post=21053"}],"wp:featuredmedia":[{"embeddable":true,"href":"https:\/\/new.decoczar.pl\/index.php\/wp-json\/wp\/v2\/media\/2766"}],"wp:attachment":[{"href":"https:\/\/new.decoczar.pl\/index.php\/wp-json\/wp\/v2\/media?parent=21053"}],"wp:term":[{"taxonomy":"brand","embeddable":true,"href":"https:\/\/new.decoczar.pl\/index.php\/wp-json\/wp\/v2\/etheme_brands?post=21053"},{"taxonomy":"product_cat","embeddable":true,"href":"https:\/\/new.decoczar.pl\/index.php\/wp-json\/wp\/v2\/product_cat?post=21053"},{"taxonomy":"product_tag","embeddable":true,"href":"https:\/\/new.decoczar.pl\/index.php\/wp-json\/wp\/v2\/product_tag?post=21053"}],"curies":[{"name":"wp","href":"https:\/\/api.w.org\/{rel}","templated":true}]}}