{"id":21063,"date":"2024-11-01T10:36:26","date_gmt":"2024-11-01T09:36:26","guid":{"rendered":"https:\/\/new.decoczar.pl\/index.php\/product\/regal-industrialny-z-polkami-na-ksiazki-41\/"},"modified":"2024-11-01T10:36:26","modified_gmt":"2024-11-01T09:36:26","slug":"regal-industrialny-z-polkami-na-ksiazki-41","status":"publish","type":"product","link":"https:\/\/new.decoczar.pl\/index.php\/product\/regal-industrialny-z-polkami-na-ksiazki-41\/","title":{"rendered":"REGA\u0141 INDUSTRIALNY Z P\u00d3\u0141KAMI NA KSI\u0104\u017bKI"},"content":{"rendered":"<p>Rega\u0142<\/p>\n<p> \tWymiary 170 x 70 cm<br \/>\n \tG\u0142\u0119boko\u015b\u0107 40 cm<br \/>\n \tStela\u017c profil 6&#215;2 cm<br \/>\n \tMalowany proszkowo<br \/>\n \tMateria\u0142: Wysokiej jako\u015bci laminowana p\u0142yta meblowa 1,8 mm<br \/>\n \tCzas realizacji d0 21 dni roboczych po zaksi\u0119gowaniu wp\u0142aty<br \/>\n \tGRATIS !!! Na terenie Warszawy transport gratis<br \/>\n \tKolor: D\u0105b Craft z\u0142oty<\/p>\n","protected":false},"excerpt":{"rendered":"<p>Rega\u0142<\/p>\n<p> \tWymiary 170 x 70 cm<br \/>\n \tG\u0142\u0119boko\u015b\u0107 40 cm<br \/>\n \tStela\u017c profil 6&#215;2 cm<br \/>\n \tMalowany proszkowo<br \/>\n \tMateria\u0142: Wysokiej jako\u015bci laminowana p\u0142yta meblowa 1,8 mm<br \/>\n \tCzas realizacji d0 21 dni roboczych po zaksi\u0119gowaniu wp\u0142aty<br \/>\n \tGRATIS !!! Na terenie Warszawy transport gratis<br \/>\n \tKolor: D\u0105b Craft z\u0142oty<\/p>\n","protected":false},"featured_media":2809,"comment_status":"open","ping_status":"closed","template":"","meta":[],"etheme_brands":[],"product_cat":[50],"product_tag":[],"class_list":["post-21063","product","type-product","status-publish","has-post-thumbnail","hentry","product_cat-podstawy-metalowe-stelaze-stojaki"],"_links":{"self":[{"href":"https:\/\/new.decoczar.pl\/index.php\/wp-json\/wp\/v2\/product\/21063","targetHints":{"allow":["GET"]}}],"collection":[{"href":"https:\/\/new.decoczar.pl\/index.php\/wp-json\/wp\/v2\/product"}],"about":[{"href":"https:\/\/new.decoczar.pl\/index.php\/wp-json\/wp\/v2\/types\/product"}],"replies":[{"embeddable":true,"href":"https:\/\/new.decoczar.pl\/index.php\/wp-json\/wp\/v2\/comments?post=21063"}],"wp:featuredmedia":[{"embeddable":true,"href":"https:\/\/new.decoczar.pl\/index.php\/wp-json\/wp\/v2\/media\/2809"}],"wp:attachment":[{"href":"https:\/\/new.decoczar.pl\/index.php\/wp-json\/wp\/v2\/media?parent=21063"}],"wp:term":[{"taxonomy":"brand","embeddable":true,"href":"https:\/\/new.decoczar.pl\/index.php\/wp-json\/wp\/v2\/etheme_brands?post=21063"},{"taxonomy":"product_cat","embeddable":true,"href":"https:\/\/new.decoczar.pl\/index.php\/wp-json\/wp\/v2\/product_cat?post=21063"},{"taxonomy":"product_tag","embeddable":true,"href":"https:\/\/new.decoczar.pl\/index.php\/wp-json\/wp\/v2\/product_tag?post=21063"}],"curies":[{"name":"wp","href":"https:\/\/api.w.org\/{rel}","templated":true}]}}